{"id":17281,"date":"2025-12-18T14:30:16","date_gmt":"2025-12-18T14:30:16","guid":{"rendered":"https:\/\/placessites.com\/?post_type=product&#038;p=17281"},"modified":"2026-02-14T04:03:19","modified_gmt":"2026-02-14T04:03:19","slug":"isola-di-saona-giornata-incredibile-con-buffet-da-punta-cana","status":"publish","type":"product","link":"https:\/\/placessites.com\/it\/tour\/isola-di-saona-giornata-incredibile-con-buffet-da-punta-cana\/","title":{"rendered":"Isola di Saona: Incredibile giornata con buffet da Punta Cana"},"content":{"rendered":"<h2>Isola di Saona: Incredibile giornata con buffet da Punta Cana<\/h2>\n<p>All'interno dello spettacolare Parco Nazionale Orientale si trova una destinazione straordinaria, ricca di bellezze naturali. Qui potrete immergervi in un ecosistema variegato di mangrovie, vibranti barriere coralline e splendide spiagge come Palmilla, rinomata per le sue sabbie morbide e dorate che scintillano sotto il sole, il tutto incorniciato dalla graziosa silhouette delle palme arracacha che ondeggiano dolcemente nella brezza.<\/p>\n<p>Durante l'esplorazione, incontrerete innumerevoli stelle marine sparse sulle rive sabbiose, ognuna delle quali \u00e8 un piccolo capolavoro della natura e l'innegabile custode di questo luogo incantevole. L'isola di Saona \u00e8 una deliziosa fuga per molti visitatori di Punta Cana e vi garantiamo che una visita qui incider\u00e0 ricordi indimenticabili nella vostra esperienza di vacanza.<\/p>\n<p>Questa escursione idilliaca \u00e8 ideale per tutti, famiglie, amici o per una fuga romantica. Una volta arrivati sull'isola, potrete passeggiare in una serena piscina naturale dove le dolci acque del Mar dei Caraibi lambiscono le vostre gambe, offrendo un'oasi di tranquillit\u00e0 senza che le onde si infrangano su di voi.<\/p>\n<p>Inoltre, avrete l'opportunit\u00e0 di assaporare pasti deliziosi proprio accanto a questo paradiso tropicale, sorseggiare un mojito rinfrescante e persino unirvi a vivaci balli guidati dal nostro coinvolgente team di animazione, creando momenti di gioia e di connessione che rimarranno a lungo dopo la vostra visita.<\/p>","protected":false},"excerpt":{"rendered":"<p>Saona Island: Incredible day With buffet from Punta Cana Nestled within the spectacular Eastern National Park lies an extraordinary destination teeming with stunning natural beauty. Here, you can immerse yourself in a diverse ecosystem of mangroves, vibrant coral reefs, and stunning beaches like Palmilla, renowned for its soft, golden sands that glisten under the sun, [&hellip;]<\/p>\n","protected":false},"featured_media":17323,"template":"","meta":[],"product_brand":[],"product_cat":[97,98],"product_tag":[101,102],"class_list":{"0":"post-17281","1":"product","2":"type-product","3":"status-publish","4":"has-post-thumbnail","6":"product_cat-dominican-republic","7":"product_cat-saona-island","8":"product_tag-excursion","9":"product_tag-tour","11":"first","12":"instock","13":"sale","14":"shipping-taxable","15":"product-type-external"},"_links":{"self":[{"href":"https:\/\/placessites.com\/it\/wp-json\/wp\/v2\/product\/17281","targetHints":{"allow":["GET"]}}],"collection":[{"href":"https:\/\/placessites.com\/it\/wp-json\/wp\/v2\/product"}],"about":[{"href":"https:\/\/placessites.com\/it\/wp-json\/wp\/v2\/types\/product"}],"wp:featuredmedia":[{"embeddable":true,"href":"https:\/\/placessites.com\/it\/wp-json\/wp\/v2\/media\/17323"}],"wp:attachment":[{"href":"https:\/\/placessites.com\/it\/wp-json\/wp\/v2\/media?parent=17281"}],"wp:term":[{"taxonomy":"product_brand","embeddable":true,"href":"https:\/\/placessites.com\/it\/wp-json\/wp\/v2\/product_brand?post=17281"},{"taxonomy":"product_cat","embeddable":true,"href":"https:\/\/placessites.com\/it\/wp-json\/wp\/v2\/product_cat?post=17281"},{"taxonomy":"product_tag","embeddable":true,"href":"https:\/\/placessites.com\/it\/wp-json\/wp\/v2\/product_tag?post=17281"}],"curies":[{"name":"wp","href":"https:\/\/api.w.org\/{rel}","templated":true}]}}