{"id":16923,"date":"2025-12-18T14:13:37","date_gmt":"2025-12-18T14:13:37","guid":{"rendered":"https:\/\/placessites.com\/?post_type=product&#038;p=16923"},"modified":"2025-12-18T14:16:27","modified_gmt":"2025-12-18T14:16:27","slug":"avventura-esotica-a-isla-saona-paraiso-nella-piscina-naturale","status":"publish","type":"product","link":"https:\/\/placessites.com\/it\/tour\/avventura-esotica-a-isla-saona-paraiso-nella-piscina-naturale\/","title":{"rendered":"Avventura Ex\u00f3tica a Isla Saona: Para\u00edso nella piscina naturale"},"content":{"rendered":"<h2>Avventura Ex\u00f3tica a Isla Saona: Para\u00edso nella piscina naturale<\/h2>\n<p>Scoprite l'incantevole bellezza dell'isola di Saona con un tour indimenticabile in partenza da Santo Domingo, perfettamente adatto a chi apprezza la natura e la cultura. La vostra avventura inizia con un trasferimento agevole e confortevole verso l'affascinante villaggio di pescatori di Bayahibe, dove salirete a bordo di un lussuoso catamarano o di una veloce imbarcazione, salpando verso la splendida isola. Mentre attraversate le acque zaffiro del Mar dei Caraibi, ammirate i panorami costieri mozzafiato e partecipate alle vivaci attivit\u00e0 di bordo, creando un'atmosfera gioiosa tra i compagni di esplorazione.<\/p>\n<p>Al vostro arrivo a Saona Island, sarete accolti da spiagge incontaminate di sabbia bianca che si estendono all'infinito, baciate dalle onde azzurre. Prendetevi un momento per rilassarvi in paradiso, affondando le dita dei piedi nella sabbia soffice, o immergetevi nelle invitanti acque per scoprire la vivace vita marina che prospera sotto la superficie. Provate l'emozione di nuotare nelle famose piscine naturali dell'isola, dove l'ecosistema unico offre un raro scorcio delle meraviglie della natura.<\/p>\n<p>L'escursione non sazia solo la vostra sete di avventura, ma anche il vostro palato. Assaporate un delizioso pranzo tradizionale dominicano servito direttamente sulla spiaggia, con una serie di opzioni che includono frutti di mare freschi, carni succulente e contorni saporiti, tutti preparati per stuzzicare le vostre papille gustative mentre vi crogiolate al sole.<\/p>\n<p>Questo tour \u00e8 la quintessenza dell'avventura, del sereno relax e delle ricche esperienze culturali, il tutto racchiuso in un solo giorno sotto il sole. Cogliete l'opportunit\u00e0 di creare ricordi indelebili in questo paradiso tropicale. Prenotate subito per assicurarvi un posto in questo incredibile viaggio in paradiso!<\/p>\n<div id=\"gtx-trans\" style=\"position: absolute; left: 358px; top: 61.9062px;\">\n<div class=\"gtx-trans-icon\"><\/div>\n<\/div>","protected":false},"excerpt":{"rendered":"<div data-track=\"overview\" data-v-83a2b402=\"\">\n<section id=\"activity-overview\" class=\"activity-overview\" data-component=\"overview\" data-v-83a2b402=\"\" data-v-f3236c42=\"\">\n<p class=\"activity-overview__content\" data-test-id=\"activity-overview-content\" data-v-f3236c42=\"\">Esplorate la splendida isola di Saona da Santo Domingo con un tour che include un delizioso pranzo. Godetevi un'intera giornata di avventura a partire da un comodo trasferimento a Bayahibe.<\/p>\n<\/section>\n<\/div>\n<div data-track=\"key-details\" data-v-83a2b402=\"\"><\/div>","protected":false},"featured_media":16962,"template":"","meta":[],"product_brand":[],"product_cat":[97,98],"product_tag":[101,102],"class_list":{"0":"post-16923","1":"product","2":"type-product","3":"status-publish","4":"has-post-thumbnail","6":"product_cat-dominican-republic","7":"product_cat-saona-island","8":"product_tag-excursion","9":"product_tag-tour","11":"first","12":"instock","13":"sale","14":"shipping-taxable","15":"product-type-external"},"_links":{"self":[{"href":"https:\/\/placessites.com\/it\/wp-json\/wp\/v2\/product\/16923","targetHints":{"allow":["GET"]}}],"collection":[{"href":"https:\/\/placessites.com\/it\/wp-json\/wp\/v2\/product"}],"about":[{"href":"https:\/\/placessites.com\/it\/wp-json\/wp\/v2\/types\/product"}],"wp:featuredmedia":[{"embeddable":true,"href":"https:\/\/placessites.com\/it\/wp-json\/wp\/v2\/media\/16962"}],"wp:attachment":[{"href":"https:\/\/placessites.com\/it\/wp-json\/wp\/v2\/media?parent=16923"}],"wp:term":[{"taxonomy":"product_brand","embeddable":true,"href":"https:\/\/placessites.com\/it\/wp-json\/wp\/v2\/product_brand?post=16923"},{"taxonomy":"product_cat","embeddable":true,"href":"https:\/\/placessites.com\/it\/wp-json\/wp\/v2\/product_cat?post=16923"},{"taxonomy":"product_tag","embeddable":true,"href":"https:\/\/placessites.com\/it\/wp-json\/wp\/v2\/product_tag?post=16923"}],"curies":[{"name":"wp","href":"https:\/\/api.w.org\/{rel}","templated":true}]}}