{"id":16609,"date":"2025-12-18T13:59:14","date_gmt":"2025-12-18T13:59:14","guid":{"rendered":"https:\/\/placessites.com\/?post_type=product&#038;p=16609"},"modified":"2026-02-14T03:37:10","modified_gmt":"2026-02-14T03:37:10","slug":"dallisola-di-la-romana-saona-per-i-passeggeri-delle-crociere-di-carnevale","status":"publish","type":"product","link":"https:\/\/placessites.com\/it\/tour\/dallisola-di-la-romana-saona-per-i-passeggeri-delle-crociere-di-carnevale\/","title":{"rendered":"Da La Romana: l'isola di Saona per i passeggeri di Carnival Cruises"},"content":{"rendered":"<h2>Da La Romana: l'isola di Saona per i passeggeri di Carnival Cruises<\/h2>\n<p>Un veicolo di trasporto vi aspetter\u00e0 alla stazione dei taxi situata all'uscita del porto di crociera, dove si riuniranno tutti i partecipanti alla vostra crociera. L'autista vi condurr\u00e0 al nostro ufficio di Bayahibe, punto di partenza dell'escursione.<\/p>\n<p>Preparatevi a vivere l'esperienza mozzafiato dell'Isola di Saona!<\/p>\n<p>Durante il tragitto, passeremo accanto al Penon, una suggestiva formazione rocciosa. La nostra esperta guida parlante inglese condivider\u00e0 affascinanti intuizioni sulla storia e la cultura della zona, compresi i racconti sugli indigeni Taino che un tempo abitavano questa terra. Proseguendo, attraverseremo l'ipnotica foresta di mangrovie, un vibrante paese delle meraviglie di mangrovie rosse che prosperano nell'acqua salata.<\/p>\n<p>Infine, arriveremo all'isola di Saona!<\/p>\n<p>La nostra prima tappa sull'isola di Saona sar\u00e0 la spiaggia di Catuano, dove trascorreremo 20 minuti. Questa splendida localit\u00e0 \u00e8 perfetta per lo snorkeling, con pinne, maschere e boccagli in dotazione. I partecipanti possono scegliere di rilassarsi sulla barca mentre gli altri fanno snorkeling, in base alle loro preferenze.<\/p>\n<p>Dopo questa emozionante esperienza, saliremo nuovamente a bordo della barca per dirigerci verso la spiaggia di Abanico, dove gusteremo un delizioso pranzo dominicano. Una volta terminato il pasto, prendete un cappello e applicate la protezione solare per una nuotata rinfrescante nelle acque turchesi dell'isola di Saona. Avrete circa un'ora di tempo per rilassarvi sulla spiaggia, scattare splendide foto e sonnecchiare in riva al mare.<\/p>\n<p>Per concludere la giornata, visiteremo la famosa piscina naturale, dove \u00e8 possibile avvistare bellissime stelle marine (attenzione: \u00e8 vietato toccarle). Gustatevi un drink nelle acque turchesi e poco profonde dei Caraibi e assaporate questo momento magico e indimenticabile.<\/p>\n<p>Torneremo quindi al porto di Bayahibe con ricordi meravigliosi, dove il vostro mezzo di trasporto vi aspetter\u00e0 per riportarvi al porto di La Romana.<\/p>","protected":false},"excerpt":{"rendered":"<p>Godetevi un tour all'isola di Saona appositamente studiato per i passeggeri delle navi da crociera con scalo al porto di La Romana. Salite su una comoda barca, godetevi le spiagge di sabbia bianca e scoprite la Piscina Naturale.<\/p>\n<div data-track=\"key-details\" data-v-83a2b402=\"\"><\/div>","protected":false},"featured_media":16646,"template":"","meta":[],"product_brand":[],"product_cat":[97,98],"product_tag":[101,102],"class_list":{"0":"post-16609","1":"product","2":"type-product","3":"status-publish","4":"has-post-thumbnail","6":"product_cat-dominican-republic","7":"product_cat-saona-island","8":"product_tag-excursion","9":"product_tag-tour","11":"first","12":"instock","13":"sale","14":"shipping-taxable","15":"product-type-external"},"_links":{"self":[{"href":"https:\/\/placessites.com\/it\/wp-json\/wp\/v2\/product\/16609","targetHints":{"allow":["GET"]}}],"collection":[{"href":"https:\/\/placessites.com\/it\/wp-json\/wp\/v2\/product"}],"about":[{"href":"https:\/\/placessites.com\/it\/wp-json\/wp\/v2\/types\/product"}],"wp:featuredmedia":[{"embeddable":true,"href":"https:\/\/placessites.com\/it\/wp-json\/wp\/v2\/media\/16646"}],"wp:attachment":[{"href":"https:\/\/placessites.com\/it\/wp-json\/wp\/v2\/media?parent=16609"}],"wp:term":[{"taxonomy":"product_brand","embeddable":true,"href":"https:\/\/placessites.com\/it\/wp-json\/wp\/v2\/product_brand?post=16609"},{"taxonomy":"product_cat","embeddable":true,"href":"https:\/\/placessites.com\/it\/wp-json\/wp\/v2\/product_cat?post=16609"},{"taxonomy":"product_tag","embeddable":true,"href":"https:\/\/placessites.com\/it\/wp-json\/wp\/v2\/product_tag?post=16609"}],"curies":[{"name":"wp","href":"https:\/\/api.w.org\/{rel}","templated":true}]}}