{"id":16460,"date":"2025-12-18T13:51:56","date_gmt":"2025-12-18T13:51:56","guid":{"rendered":"https:\/\/placessites.com\/?post_type=product&#038;p=16460"},"modified":"2026-02-14T03:33:33","modified_gmt":"2026-02-14T03:33:33","slug":"tour-dellisola-di-saona-con-pranzo-da-santo-domingo","status":"publish","type":"product","link":"https:\/\/placessites.com\/it\/tour\/tour-dellisola-di-saona-con-pranzo-da-santo-domingo\/","title":{"rendered":"Tour dell'isola di Saona con pranzo da Santo Domingo"},"content":{"rendered":"<div class=\"toggle-content__content toggle-content__content--expanded toggle-content__content--packable\" data-v-59485d64=\"\">\n<div data-test-id=\"activity-full-description-text\" data-v-5835c99c=\"\">\n<p>Tour dell'isola di Saona con pranzo da Santo Domingo<\/p>\n<p>Intraprendete un viaggio mozzafiato con il nostro tour dell'isola di Saona, dove vi attendono gli incantevoli Caraibi. Partendo dall'incantevole villaggio di Bayahibe, la vostra avventura inizia con un'esaltante gita in motoscafo e catamarano che vi porter\u00e0 sulle scintillanti acque turchesi, circondati da drammatici scenari costieri e dalla dolce brezza marina.<\/p>\n<p>Mentre vi dirigete verso l'isola di Saona, preparatevi a tuffarvi nella splendida Piscina Naturale, un'oasi meravigliosa incastonata tra l'isola e Bayahibe. Le acque cristalline della piscina sono perfette per una nuotata rinfrescante, dove potrete ammirare la vivace vita marina sotto la superficie.<\/p>\n<p>Una volta raggiunta l'isola di Saona, passeggiate lungo le sue spiagge immacolate, dove la morbida sabbia bianca incontra il mare azzurro. Qui avrete l'opportunit\u00e0 di raccogliere conchiglie uniche, ognuna delle quali \u00e8 un piccolo tesoro della natura. Concedetevi un sontuoso pranzo a buffet in stile dominicano, con una variet\u00e0 di piatti locali, il tutto godendo di una vista mozzafiato sull'oceano e sulle palme ondeggianti.<\/p>\n<p>Mentre la giornata si svolge, tornate a bordo del catamarano, dove l'atmosfera si trasforma in una vivace festa da ballo. Alzate un bicchiere all'open bar e festeggiate una giornata piena di divertimento, relax e la ricca cultura dei Caraibi.<\/p>\n<p>Non perdetevi questa indimenticabile fuga in paradiso: prenotate subito il vostro tour dell'isola di Saona per vivere un'esperienza davvero magica!<\/p>\n<\/div>\n<\/div>","protected":false},"excerpt":{"rendered":"<div data-track=\"overview\" data-v-83a2b402=\"\">\n<section id=\"activity-overview\" class=\"activity-overview\" data-component=\"overview\" data-v-83a2b402=\"\" data-v-f3236c42=\"\">\n<p class=\"activity-overview__content\" data-test-id=\"activity-overview-content\" data-v-f3236c42=\"\">Partite per un viaggio emozionante verso l'isola di Saona, dove sfreccerete sul Mar dei Caraibi.<\/p>\n<\/section>\n<\/div>\n<div data-track=\"key-details\" data-v-83a2b402=\"\"><\/div>","protected":false},"featured_media":16472,"template":"","meta":[],"product_brand":[],"product_cat":[97,98],"product_tag":[101,102],"class_list":{"0":"post-16460","1":"product","2":"type-product","3":"status-publish","4":"has-post-thumbnail","6":"product_cat-dominican-republic","7":"product_cat-saona-island","8":"product_tag-excursion","9":"product_tag-tour","11":"first","12":"instock","13":"sale","14":"shipping-taxable","15":"product-type-external"},"_links":{"self":[{"href":"https:\/\/placessites.com\/it\/wp-json\/wp\/v2\/product\/16460","targetHints":{"allow":["GET"]}}],"collection":[{"href":"https:\/\/placessites.com\/it\/wp-json\/wp\/v2\/product"}],"about":[{"href":"https:\/\/placessites.com\/it\/wp-json\/wp\/v2\/types\/product"}],"wp:featuredmedia":[{"embeddable":true,"href":"https:\/\/placessites.com\/it\/wp-json\/wp\/v2\/media\/16472"}],"wp:attachment":[{"href":"https:\/\/placessites.com\/it\/wp-json\/wp\/v2\/media?parent=16460"}],"wp:term":[{"taxonomy":"product_brand","embeddable":true,"href":"https:\/\/placessites.com\/it\/wp-json\/wp\/v2\/product_brand?post=16460"},{"taxonomy":"product_cat","embeddable":true,"href":"https:\/\/placessites.com\/it\/wp-json\/wp\/v2\/product_cat?post=16460"},{"taxonomy":"product_tag","embeddable":true,"href":"https:\/\/placessites.com\/it\/wp-json\/wp\/v2\/product_tag?post=16460"}],"curies":[{"name":"wp","href":"https:\/\/api.w.org\/{rel}","templated":true}]}}