{"id":15677,"date":"2025-12-18T13:15:58","date_gmt":"2025-12-18T13:15:58","guid":{"rendered":"https:\/\/placessites.com\/?post_type=product&#038;p=15677"},"modified":"2026-02-14T02:31:50","modified_gmt":"2026-02-14T02:31:50","slug":"tour-in-motoscafo-vip-dellisola-di-bavaro-saona-con-open-bar","status":"publish","type":"product","link":"https:\/\/placessites.com\/it\/tour\/tour-in-motoscafo-vip-dellisola-di-bavaro-saona-con-open-bar\/","title":{"rendered":"Bavaro: Tour in motoscafo VIP dell'isola di Saona con open bar"},"content":{"rendered":"<p>Bavaro: provate l'esclusivo tour VIP in motoscafo all'isola di Saona con open bar<\/p>\n<p>Avete mai immaginato di vagare da soli su una spiaggia mozzafiato, con infinite distese di sabbia dorata che scintilla sotto il sole?<\/p>\n<p>Questa straordinaria attivit\u00e0 \u00e8 stata progettata per offrire una fuga dal trambusto dei tipici luoghi turistici, permettendovi di immergervi nella tranquillit\u00e0 della natura. Unitevi a noi in questo tour esclusivo all'isola di Saona, dove scoprirete alcune delle spiagge pi\u00f9 belle che la regione possa offrire.<\/p>\n<p>Nell'ambito di questa incantevole escursione, avrete l'opportunit\u00e0 di rilassarvi su rive pittoresche, esplorare un affascinante villaggio di pescatori tradizionali e tuffarvi nelle rinfrescanti acque cristalline per un'indimenticabile esperienza di snorkeling. Ammirate la vivace vita sottomarina e crogiolatevi nelle piscine naturali piene di stelle marine, creando perfette opportunit\u00e0 fotografiche.<\/p>\n<p>Prima di finalizzare la vostra prenotazione, prendetevi un momento per decidere tra l'opzione Low Cost o VIP, ciascuna personalizzata con caratteristiche uniche e dettagli dell'itinerario per soddisfare le vostre preferenze.<\/p>\n<p>Nel corso della giornata, potrete gustare un delizioso pranzo a base di sapori locali e spuntini freddi che vi terranno in forma mentre vi godete il sole e il mare. Per placare la vostra sete, potete scegliere tra una serie di bevande e bibite gratuite disponibili all'open bar.<\/p>\n<p>Preparatevi a una giornata piena di avventure e relax sull'idilliaca isola di Saona. Non vediamo l'ora di darvi il benvenuto per un'esperienza indimenticabile!<\/p>","protected":false},"excerpt":{"rendered":"<div data-track=\"overview\" data-v-83a2b402=\"\">\n<section id=\"activity-overview\" class=\"activity-overview\" data-component=\"overview\" data-v-83a2b402=\"\" data-v-f3236c42=\"\">\n<p class=\"activity-overview__content\" data-test-id=\"activity-overview-content\" data-v-f3236c42=\"\">Il tour dell'isola di Saona vi porter\u00e0 in una delle destinazioni pi\u00f9 paradisiache della Repubblica Dominicana. Questo tour \u00e8 ideale per chi desidera rilassarsi e godere di spiagge spettacolari.<\/p>\n<\/section>\n<\/div>\n<div data-track=\"key-details\" data-v-83a2b402=\"\"><\/div>","protected":false},"featured_media":15871,"template":"","meta":[],"product_brand":[],"product_cat":[97,98],"product_tag":[101,102],"class_list":{"0":"post-15677","1":"product","2":"type-product","3":"status-publish","4":"has-post-thumbnail","6":"product_cat-dominican-republic","7":"product_cat-saona-island","8":"product_tag-excursion","9":"product_tag-tour","11":"first","12":"instock","13":"sale","14":"shipping-taxable","15":"product-type-external"},"_links":{"self":[{"href":"https:\/\/placessites.com\/it\/wp-json\/wp\/v2\/product\/15677","targetHints":{"allow":["GET"]}}],"collection":[{"href":"https:\/\/placessites.com\/it\/wp-json\/wp\/v2\/product"}],"about":[{"href":"https:\/\/placessites.com\/it\/wp-json\/wp\/v2\/types\/product"}],"wp:featuredmedia":[{"embeddable":true,"href":"https:\/\/placessites.com\/it\/wp-json\/wp\/v2\/media\/15871"}],"wp:attachment":[{"href":"https:\/\/placessites.com\/it\/wp-json\/wp\/v2\/media?parent=15677"}],"wp:term":[{"taxonomy":"product_brand","embeddable":true,"href":"https:\/\/placessites.com\/it\/wp-json\/wp\/v2\/product_brand?post=15677"},{"taxonomy":"product_cat","embeddable":true,"href":"https:\/\/placessites.com\/it\/wp-json\/wp\/v2\/product_cat?post=15677"},{"taxonomy":"product_tag","embeddable":true,"href":"https:\/\/placessites.com\/it\/wp-json\/wp\/v2\/product_tag?post=15677"}],"curies":[{"name":"wp","href":"https:\/\/api.w.org\/{rel}","templated":true}]}}