{"id":14655,"date":"2025-12-18T12:27:55","date_gmt":"2025-12-18T12:27:55","guid":{"rendered":"https:\/\/placessites.com\/?post_type=product&#038;p=14655"},"modified":"2025-12-18T12:38:57","modified_gmt":"2025-12-18T12:38:57","slug":"lisola-di-saona-paradiso-dei-caraibi","status":"publish","type":"product","link":"https:\/\/placessites.com\/it\/tour\/lisola-di-saona-paradiso-dei-caraibi\/","title":{"rendered":"Isola di Saona - Il paradiso dei Caraibi"},"content":{"rendered":"<h3>Isola di Saona - Il paradiso dei Caraibi<\/h3>\n<p>L'isola di Saona ha le spiagge pi\u00f9 famose del Paese, riconosciute per la sabbia bianca, l'acqua turchese e le palme. Lasceremo l'hotel alle 7:30 circa con i nostri comodi autobus per Bayahibe. Da l\u00ec partiremo per l'isola con le nostre barche veloci o con una Ca**Saona Island - A Caribbean Paradise**<\/p>\n<p>L'isola di Saona ospita alcune delle spiagge pi\u00f9 famose della Repubblica Dominicana, note per la sabbia bianca incontaminata, le acque turchesi e le palme ondeggianti. Partiremo dall'hotel verso le 7:30 del mattino con i nostri comodi autobus per raggiungere Bayahibe. Da l\u00ec, prenderemo dei motoscafi o un catamarano per raggiungere l'isola.<\/p>\n<p>All'arrivo, avrete l'opportunit\u00e0 di gustare un delizioso pranzo tradizionale dominicano a buffet ammirando il panorama mozzafiato della spiaggia. Al ritorno, navigheremo sul catamarano, accompagnati da una vivace musica caraibica, oppure sceglieremo il motoscafo.<\/p>\n<p>Durante la gita in barca, ci fermeremo anche alla splendida piscina naturale, una delle pi\u00f9 grandi al mondo, situata a 400 metri al largo. Quest'area \u00e8 caratterizzata da acque poco profonde, con una profondit\u00e0 di appena un metro, che la rendono perfetta per nuotare e fare snorkeling durante questo viaggio a Saona Island - Paradise in the Caribbean.<\/p>","protected":false},"excerpt":{"rendered":"<div data-track=\"overview\" data-v-83a2b402=\"\">\n<section id=\"activity-overview\" class=\"activity-overview\" data-component=\"overview\" data-v-83a2b402=\"\" data-v-f3236c42=\"\">\n<p class=\"activity-overview__content\" data-test-id=\"activity-overview-content\" data-v-f3236c42=\"\">Esplorate una delle spiagge pi\u00f9 famose del Paese, riconosciuta per la sua sabbia bianca, l'acqua turchese e le palme. Ci fermeremo alla favolosa piscina naturale, una delle pi\u00f9 grandi al mondo.<\/p>\n<\/section>\n<\/div>\n<div data-track=\"key-details\" data-v-83a2b402=\"\"><\/div>","protected":false},"featured_media":14895,"template":"","meta":[],"product_brand":[],"product_cat":[97,98],"product_tag":[101,102],"class_list":{"0":"post-14655","1":"product","2":"type-product","3":"status-publish","4":"has-post-thumbnail","6":"product_cat-dominican-republic","7":"product_cat-saona-island","8":"product_tag-excursion","9":"product_tag-tour","11":"first","12":"instock","13":"sale","14":"shipping-taxable","15":"product-type-external"},"_links":{"self":[{"href":"https:\/\/placessites.com\/it\/wp-json\/wp\/v2\/product\/14655","targetHints":{"allow":["GET"]}}],"collection":[{"href":"https:\/\/placessites.com\/it\/wp-json\/wp\/v2\/product"}],"about":[{"href":"https:\/\/placessites.com\/it\/wp-json\/wp\/v2\/types\/product"}],"wp:featuredmedia":[{"embeddable":true,"href":"https:\/\/placessites.com\/it\/wp-json\/wp\/v2\/media\/14895"}],"wp:attachment":[{"href":"https:\/\/placessites.com\/it\/wp-json\/wp\/v2\/media?parent=14655"}],"wp:term":[{"taxonomy":"product_brand","embeddable":true,"href":"https:\/\/placessites.com\/it\/wp-json\/wp\/v2\/product_brand?post=14655"},{"taxonomy":"product_cat","embeddable":true,"href":"https:\/\/placessites.com\/it\/wp-json\/wp\/v2\/product_cat?post=14655"},{"taxonomy":"product_tag","embeddable":true,"href":"https:\/\/placessites.com\/it\/wp-json\/wp\/v2\/product_tag?post=14655"}],"curies":[{"name":"wp","href":"https:\/\/api.w.org\/{rel}","templated":true}]}}