{"id":14614,"date":"2025-12-18T12:25:20","date_gmt":"2025-12-18T12:25:20","guid":{"rendered":"https:\/\/placessites.com\/?post_type=product&#038;p=14614"},"modified":"2026-02-11T13:11:12","modified_gmt":"2026-02-11T13:11:12","slug":"da-punta-cana-tour-dellisola-di-bayahibe-e-saona-con-pranzo","status":"publish","type":"product","link":"https:\/\/placessites.com\/it\/tour\/da-punta-cana-tour-dellisola-di-bayahibe-e-saona-con-pranzo\/","title":{"rendered":"Da Punta Cana: Tour di Bayahibe e dell'isola di Saona con pranzo"},"content":{"rendered":"<div class=\"toggle-content__content toggle-content__content--expanded toggle-content__content--packable\" data-v-59485d64=\"\">\n<div data-test-id=\"activity-full-description-text\" data-v-5835c99c=\"\">Da Punta Cana: Tour di Bayahibe e dell'isola di Saona con pranzo<\/div>\n<div data-test-id=\"activity-full-description-text\" data-v-5835c99c=\"\"><\/div>\n<div data-test-id=\"activity-full-description-text\" data-v-5835c99c=\"\">Immergetevi nell'esclusivit\u00e0 dell'isola di Saona, il vero paradiso turistico della Repubblica Dominicana, una destinazione essenziale per ogni viaggiatore intrepido. Scoprite un'avventura indimenticabile su un'isola baciata dal sole, accarezzata dalla brezza tropicale e impreziosita da acque calde e cristalline e sabbie bianche! Questa piccola ma splendida isola, avvolta principalmente da palme e mangrovie e caratterizzata da ampie e tranquille spiagge, \u00e8 niente di meno che un ambito rifugio tropicale per ogni visitatore della Repubblica Dominicana e dell'isola di Bayahibe e Saona.<\/div>\n<div data-test-id=\"activity-full-description-text\" data-v-5835c99c=\"\"><\/div>\n<div data-test-id=\"activity-full-description-text\" data-v-5835c99c=\"\">L'avventura inizia a Bayahibe, un pittoresco villaggio turistico che, originariamente fondato da pescatori, si \u00e8 trasformato in un sontuoso santuario del sole e della spiaggia. Il viaggio prevede una sosta alla Piscina Naturale, considerata la pi\u00f9 grande della Repubblica Dominicana. Questa Piscina Naturale \u00e8 una formazione di sabbia bianca con una profondit\u00e0 di appena un metro, ricca di stelle marine; qui ci fermeremo per un tuffo rigenerante.<\/div>\n<div data-test-id=\"activity-full-description-text\" data-v-5835c99c=\"\"><\/div>\n<div data-test-id=\"activity-full-description-text\" data-v-5835c99c=\"\">Vivete l'esperienza unica di Saona Island e godete dei vantaggi eccezionali che contraddistinguono questa avventura: Evitate le lunghe code per salire a bordo del catamarano, sfuggite alla folla sulla spiaggia, accedete a un'area di imbarco esclusiva per la barca e godetevi una zona di spiaggia privata sull'isola di Saona con bevande incluse.<\/div>\n<div data-test-id=\"activity-full-description-text\" data-v-5835c99c=\"\"><\/div>\n<div data-test-id=\"activity-full-description-text\" data-v-5835c99c=\"\">Passeggiate lungo la spiaggia, rinfrescatevi nelle sue acque, prendete il sole, partecipate a giochi, rilassatevi sotto le palme, assaporate un pranzo a buffet e concedetevi un open bar (rum, Cuba Libre, birra, Coca Cola, acqua, caff\u00e8), con tempo libero per rendere la vostra giornata davvero straordinaria, Bayahibe e l'isola di Saona.<\/div>\n<\/div>\n<div class=\"toggle-content__label-placeholder\" data-v-59485d64=\"\"><\/div>","protected":false},"excerpt":{"rendered":"<div data-track=\"overview\" data-v-83a2b402=\"\">\n<section id=\"activity-overview\" class=\"activity-overview\" data-component=\"overview\" data-v-83a2b402=\"\" data-v-f3236c42=\"\">\n<p class=\"activity-overview__content\" data-test-id=\"activity-overview-content\" data-v-f3236c42=\"\">Visitate il villaggio di Bayahibe e rilassatevi sotto le palme sulla spiaggia dell'isola di Saona durante un tour guidato da Punta Cana. Nuotate in mare e godetevi un pranzo a buffet con rum, coca cola e altre bevande.<\/p>\n<\/section>\n<\/div>\n<div data-track=\"key-details\" data-v-83a2b402=\"\"><\/div>","protected":false},"featured_media":14861,"template":"","meta":[],"product_brand":[],"product_cat":[97,98],"product_tag":[101,102],"class_list":{"0":"post-14614","1":"product","2":"type-product","3":"status-publish","4":"has-post-thumbnail","6":"product_cat-dominican-republic","7":"product_cat-saona-island","8":"product_tag-excursion","9":"product_tag-tour","11":"first","12":"instock","13":"sale","14":"shipping-taxable","15":"product-type-external"},"_links":{"self":[{"href":"https:\/\/placessites.com\/it\/wp-json\/wp\/v2\/product\/14614","targetHints":{"allow":["GET"]}}],"collection":[{"href":"https:\/\/placessites.com\/it\/wp-json\/wp\/v2\/product"}],"about":[{"href":"https:\/\/placessites.com\/it\/wp-json\/wp\/v2\/types\/product"}],"wp:featuredmedia":[{"embeddable":true,"href":"https:\/\/placessites.com\/it\/wp-json\/wp\/v2\/media\/14861"}],"wp:attachment":[{"href":"https:\/\/placessites.com\/it\/wp-json\/wp\/v2\/media?parent=14614"}],"wp:term":[{"taxonomy":"product_brand","embeddable":true,"href":"https:\/\/placessites.com\/it\/wp-json\/wp\/v2\/product_brand?post=14614"},{"taxonomy":"product_cat","embeddable":true,"href":"https:\/\/placessites.com\/it\/wp-json\/wp\/v2\/product_cat?post=14614"},{"taxonomy":"product_tag","embeddable":true,"href":"https:\/\/placessites.com\/it\/wp-json\/wp\/v2\/product_tag?post=14614"}],"curies":[{"name":"wp","href":"https:\/\/api.w.org\/{rel}","templated":true}]}}