{"id":13659,"date":"2025-12-18T11:42:42","date_gmt":"2025-12-18T11:42:42","guid":{"rendered":"https:\/\/placessites.com\/?post_type=product&#038;p=13659"},"modified":"2025-12-18T11:55:47","modified_gmt":"2025-12-18T11:55:47","slug":"isola-di-saona-da-punta-cana-con-trasporto-incluso","status":"publish","type":"product","link":"https:\/\/placessites.com\/it\/tour\/isola-di-saona-da-punta-cana-con-trasporto-incluso\/","title":{"rendered":"Isola di Saona Da Punta Cana con trasporto incluso"},"content":{"rendered":"<p>Tour dell'isola di Saona da Punta Cana con trasporto all-inclusive<\/p>\n<p>Partite per un viaggio indimenticabile a Saona Island, un vero paradiso terrestre. Immaginate di rilassarvi su spiagge incontaminate di sabbia bianca, con il dolce suono delle onde che lambiscono i vostri piedi e le acque turchesi che si estendono a perdita d'occhio. Le alte palme ondeggiano nella morbida brezza dell'oceano, creando lo scenario perfetto per rilassarsi e rigenerarsi.<\/p>\n<p>Questo emozionante tour dell'isola di Saona \u00e8 pi\u00f9 di un semplice viaggio: \u00e8 un'esperienza di vita che non potete perdere.<\/p>\n<p>La vostra avventura inizia con un comodo prelievo dal vostro hotel di Punta Cana, dove le nostre guide amichevoli vi accoglieranno. Sarete poi trasportati nell'affascinante villaggio costiero di Bayahibe, punto di partenza del vostro viaggio. Una volta arrivati, salirete a bordo di uno spazioso catamarano, dove sentirete crescere l'attesa per l'incredibile giornata che vi attende.<\/p>\n<p>Al momento di salpare, l'esilarante giro in motoscafo vi condurr\u00e0 attraverso lo scintillante Mar dei Caraibi, caratterizzato da sfumature di blu e verde. Tenete gli occhi aperti per l'ipnotica vita marina visibile sotto la superficie. La prima tappa \u00e8 la Piscina Natural, una piscina naturale mozzafiato dove potrete fare un tuffo rinfrescante e immergervi nell'ambiente circostante per circa 45 minuti con trasporto All-Inclusive.<\/p>\n<p>Proseguendo, arriverete presto a Isla Saona, dove avrete circa 3 ore e 30 minuti per esplorare questo paradiso tropicale. Che scegliate di crogiolarvi al sole, di nuotare nelle acque limpide o di passeggiare lungo la spiaggia, la bellezza dell'Isola Saona vi conquister\u00e0. Trasporto tutto incluso.<\/p>\n<p>Quando \u00e8 ora di tornare, salite a bordo di un bellissimo catamarano per una piacevole crociera di ritorno a Bayahibe. Rilassatevi e godetevi un'atmosfera vibrante con musica, balli e la gioia di nuovi amici. Durante la navigazione, potrete gustare bevande illimitate e gustosi spuntini, creando ricordi indelebili di questa epica avventura. Il viaggio di ritorno dura circa 1 ora e 30 minuti, per garantirvi tutto il tempo necessario per ammirare un'ultima volta lo splendido scenario prima di concludere la giornata.<\/p>","protected":false},"excerpt":{"rendered":"<div data-track=\"overview\" data-v-83a2b402=\"\">\n<section id=\"activity-overview\" class=\"activity-overview\" data-component=\"overview\" data-v-83a2b402=\"\" data-v-f3236c42=\"\">\n<p class=\"activity-overview__content\" data-test-id=\"activity-overview-content\" data-v-f3236c42=\"\">Vivrete un paradiso terrestre circondato da spiagge di sabbia bianca, acque turchesi e cristalline e innumerevoli palme, un ambiente che vi invita a rilassarvi.<\/p>\n<\/section>\n<\/div>\n<div data-track=\"key-details\" data-v-83a2b402=\"\"><\/div>","protected":false},"featured_media":13937,"template":"","meta":[],"product_brand":[],"product_cat":[97,98],"product_tag":[101,102],"class_list":{"0":"post-13659","1":"product","2":"type-product","3":"status-publish","4":"has-post-thumbnail","6":"product_cat-dominican-republic","7":"product_cat-saona-island","8":"product_tag-excursion","9":"product_tag-tour","11":"first","12":"instock","13":"sale","14":"shipping-taxable","15":"product-type-external"},"_links":{"self":[{"href":"https:\/\/placessites.com\/it\/wp-json\/wp\/v2\/product\/13659","targetHints":{"allow":["GET"]}}],"collection":[{"href":"https:\/\/placessites.com\/it\/wp-json\/wp\/v2\/product"}],"about":[{"href":"https:\/\/placessites.com\/it\/wp-json\/wp\/v2\/types\/product"}],"wp:featuredmedia":[{"embeddable":true,"href":"https:\/\/placessites.com\/it\/wp-json\/wp\/v2\/media\/13937"}],"wp:attachment":[{"href":"https:\/\/placessites.com\/it\/wp-json\/wp\/v2\/media?parent=13659"}],"wp:term":[{"taxonomy":"product_brand","embeddable":true,"href":"https:\/\/placessites.com\/it\/wp-json\/wp\/v2\/product_brand?post=13659"},{"taxonomy":"product_cat","embeddable":true,"href":"https:\/\/placessites.com\/it\/wp-json\/wp\/v2\/product_cat?post=13659"},{"taxonomy":"product_tag","embeddable":true,"href":"https:\/\/placessites.com\/it\/wp-json\/wp\/v2\/product_tag?post=13659"}],"curies":[{"name":"wp","href":"https:\/\/api.w.org\/{rel}","templated":true}]}}