{"id":13433,"date":"2025-12-18T11:33:12","date_gmt":"2025-12-18T11:33:12","guid":{"rendered":"https:\/\/placessites.com\/?post_type=product&#038;p=13433"},"modified":"2026-02-11T10:52:47","modified_gmt":"2026-02-11T10:52:47","slug":"-241","status":"publish","type":"product","link":"https:\/\/placessites.com\/it\/tour\/-241\/","title":{"rendered":"Punta Cana: Isola di Saona in veicolo privato e guida"},"content":{"rendered":"<p>Punta Cana: Isola di Saona in veicolo privato e guida<\/p>\n<p>La nostra escursione giornaliera all'isola di Saona promette una giornata di beatitudine tropicale. Con le sue spiagge bianche e le acque turchesi, i visitatori possono rilassarsi, nuotare e fare snorkeling nella vivace barriera corallina. Le gite in catamarano e motoscafo offrono una vista panoramica. Esplorate le piscine naturali e godetevi un pranzo sulla spiaggia a base di cucina dominicana. Ammirate la fauna selvatica e ammirate la bellezza delle rive ricoperte di palme. Interazioni culturali, amache per il relax e la possibilit\u00e0 di ammirare un tramonto mozzafiato completano questa esperienza paradisiaca. L'isola di Saona \u00e8 una miscela perfetta di bellezza naturale e avventura, che offre una fuga tropicale indimenticabile.<\/p>\n<p>Perch\u00e9 scegliere la nostra escursione all'isola di Saona?<\/p>\n<p>\u2728 Esperienza All-Inclusive: Sedetevi, rilassatevi e lasciate che ci occupiamo noi di tutto. Dal trasporto ai pasti deliziosi e alle bevande rinfrescanti, il nostro pacchetto all-inclusive vi assicura una giornata in paradiso senza preoccupazioni, Veicolo privato e guida<\/p>\n<p>Crociera panoramica in catamarano: Imbarcatevi per una piacevole crociera in catamarano, ammirando le splendide viste sul Mar dei Caraibi. Sentite la dolce brezza marina e lasciate che l'attesa cresca mentre vi avvicinate alla bellezza incontaminata di Saona Island.<\/p>\n<p>Spiagge perfette: L'isola di Saona vanta alcune delle spiagge pi\u00f9 incontaminate del mondo. Toglietevi le scarpe e passeggiate sulla sabbia soffice e polverosa o semplicemente rilassatevi all'ombra di una palma: \u00e8 il vostro angolo di paradiso privato.<\/p>\n<p>Nuotare nella piscina naturale: Tuffatevi nelle acque limpide della piscina naturale, circondati da stelle marine e dal fascino del Mar dei Caraibi. Fate snorkeling e scoprite il vivace mondo sottomarino, o semplicemente crogiolatevi nella bellezza naturale che vi circonda.<\/p>\n<p>Deliziosa cucina dominicana: concedetevi un appetitoso banchetto di cucina locale dominicana, servito direttamente sulla spiaggia. Assaporate i sapori dei Caraibi godendo dell'atmosfera rilassata dell'isola di Saona.<\/p>\n<p>Prenotate oggi stesso la vostra escursione all'isola di Saona! Veicolo e guida privati!<\/p>\n<p>Pronti a fuggire in paradiso? Assicuratevi subito un posto per la nostra escursione all'isola di Saona! Che siate viaggiatori solitari, coppie in cerca di romanticismo o famiglie in cerca di avventure, l'Isola di Saona promette un'esperienza indimenticabile per tutti.<\/p>\n<p>Unitevi a noi in questa speciale gita di un giorno all'isola di Saona, dove ogni giorno \u00e8 una celebrazione di sole, mare e serenit\u00e0.<\/p>\n<p>ALTARE<\/p>\n<p>Scegliete un abbigliamento comodo e sandali adatti alla spiaggia.<\/p>\n<p>- Ricordate di mettere in valigia il costume da bagno, la crema solare, gli occhiali da sole, un telo da mare e la macchina fotografica.<\/p>\n<p>- Si consiglia di portare con s\u00e9 denaro extra per foto e souvenir per sfruttare al meglio l'esperienza.<\/p>\n<p>- Tutti i partecipanti devono essere mobili e in buona forma fisica.<\/p>\n<p>- Questa attivit\u00e0 non \u00e8 consigliata alle donne in gravidanza, alle persone con problemi alla schiena o altre disabilit\u00e0.<\/p>\n<p>- Gli ospiti possono raggiungere l'isola in catamarano e tornare in motoscafo o viceversa, in base a considerazioni operative giornaliere.<\/p>\n<p>- Il trasporto potrebbe non essere disponibile da alcuni hotel e resort se situati al di fuori dell'area di Punta Cana o Bavaro e potrebbe essere soggetto a un costo aggiuntivo.<\/p>","protected":false},"excerpt":{"rendered":"<div data-track=\"overview\" data-v-83a2b402=\"\">\n<section id=\"activity-overview\" class=\"activity-overview\" data-component=\"overview\" data-v-83a2b402=\"\" data-v-f3236c42=\"\">\n<p class=\"activity-overview__content\" data-test-id=\"activity-overview-content\" data-v-f3236c42=\"\">L'isola di Saona \u00e8 uno splendido paradiso tropicale noto per le sue spiagge incontaminate, le acque turchesi e cristalline e la vivace vita marina. Immergetevi nella bellezza mozzafiato di questa oasi tropicale.<\/p>\n<\/section>\n<\/div>\n<div data-track=\"key-details\" data-v-83a2b402=\"\"><\/div>","protected":false},"featured_media":13672,"template":"","meta":[],"product_brand":[],"product_cat":[97,98],"product_tag":[101,102],"class_list":{"0":"post-13433","1":"product","2":"type-product","3":"status-publish","4":"has-post-thumbnail","6":"product_cat-dominican-republic","7":"product_cat-saona-island","8":"product_tag-excursion","9":"product_tag-tour","11":"first","12":"instock","13":"sale","14":"shipping-taxable","15":"product-type-external"},"_links":{"self":[{"href":"https:\/\/placessites.com\/it\/wp-json\/wp\/v2\/product\/13433","targetHints":{"allow":["GET"]}}],"collection":[{"href":"https:\/\/placessites.com\/it\/wp-json\/wp\/v2\/product"}],"about":[{"href":"https:\/\/placessites.com\/it\/wp-json\/wp\/v2\/types\/product"}],"wp:featuredmedia":[{"embeddable":true,"href":"https:\/\/placessites.com\/it\/wp-json\/wp\/v2\/media\/13672"}],"wp:attachment":[{"href":"https:\/\/placessites.com\/it\/wp-json\/wp\/v2\/media?parent=13433"}],"wp:term":[{"taxonomy":"product_brand","embeddable":true,"href":"https:\/\/placessites.com\/it\/wp-json\/wp\/v2\/product_brand?post=13433"},{"taxonomy":"product_cat","embeddable":true,"href":"https:\/\/placessites.com\/it\/wp-json\/wp\/v2\/product_cat?post=13433"},{"taxonomy":"product_tag","embeddable":true,"href":"https:\/\/placessites.com\/it\/wp-json\/wp\/v2\/product_tag?post=13433"}],"curies":[{"name":"wp","href":"https:\/\/api.w.org\/{rel}","templated":true}]}}