{"id":12958,"date":"2025-12-18T11:13:19","date_gmt":"2025-12-18T11:13:19","guid":{"rendered":"https:\/\/placessites.com\/?post_type=product&#038;p=12958"},"modified":"2026-02-14T06:58:49","modified_gmt":"2026-02-14T06:58:49","slug":"-183","status":"publish","type":"product","link":"https:\/\/placessites.com\/it\/tour\/-183\/","title":{"rendered":"Isola di Saona Giornata intera per piccoli gruppi Catamarano VIP"},"content":{"rendered":"<h2>Escursione di un giorno intero in catamarano per piccoli gruppi<\/h2>\n<p>L'isola di Saona \u00e8 l'incarnazione del paradiso caraibico, tanto che una gita in catamarano o in barca veloce alle sue splendide coste \u00e8 una delle escursioni pi\u00f9 popolari della Repubblica Dominicana. Con spiagge di sabbia dorata e acque blu cristalline incorniciate da palme da cocco che si estendono per chilometri, \u00e8 la cornice perfetta per godersi una giornata di sole, spiaggia e rum dominicano. Durante un'escursione tipica, i visitatori possono rilassarsi sulla spiaggia e gustare un barbecue tradizionale per pranzo.<\/p>\n<p>Itinerario<\/p>\n<p>**9:00 - 10:00 AM:** Partiamo dalla citt\u00e0 di Bayahibe, diretti alla nostra esclusiva spiaggia privata di Isla Saona a bordo di un catamarano. A bordo si respira una vivace atmosfera di festa con musica, intrattenimento, balli e bevande.<\/p>\n<p>La nostra prima tappa \u00e8 Palmilla, una rinomata area di piscine naturali dove \u00e8 possibile nuotare e interagire con le stelle marine.<\/p>\n<p>Continueremo il viaggio verso la nostra spiaggia esclusiva, arrivando in circa 30-45 minuti a una delle destinazioni pi\u00f9 spettacolari di questa parte dei Caraibi.<\/p>\n<p>Per tutta la durata del soggiorno, avrete accesso a un open bar che comprende acqua, bibite, succhi di frutta, rum e altro ancora.<\/p>\n<p>**1:00 - 14:00: ** Assaporate uno squisito buffet internazionale ammirando la vista sul mare sotto le palme ondeggianti, accompagnati da una leggera brezza e dal suono rilassante delle onde.<\/p>\n<p>**Circa le 15:00:** Inizieremo il viaggio di ritorno a Bayahibe, con arrivo alle 17:00 circa.<\/p>","protected":false},"excerpt":{"rendered":"<div data-track=\"overview\" data-v-83a2b402=\"\">\n<section id=\"activity-overview\" class=\"activity-overview\" data-component=\"overview\" data-v-83a2b402=\"\" data-v-f3236c42=\"\">\n<p class=\"activity-overview__content\" data-test-id=\"activity-overview-content\" data-v-f3236c42=\"\">Prenota ora 5 $ y luego 75Godetevi il tour numero 1 dei Caraibi sull'isola di Saona, un'avventura unica che, senza dubbio, se vi piace l'avventura, questo tour di un giorno intero fa per voi.<\/p>\n<\/section>\n<\/div>\n<div data-track=\"key-details\" data-v-83a2b402=\"\"><\/div>","protected":false},"featured_media":12043,"template":"","meta":[],"product_brand":[],"product_cat":[97,98],"product_tag":[101,102],"class_list":{"0":"post-12958","1":"product","2":"type-product","3":"status-publish","4":"has-post-thumbnail","6":"product_cat-dominican-republic","7":"product_cat-saona-island","8":"product_tag-excursion","9":"product_tag-tour","11":"first","12":"instock","13":"sale","14":"shipping-taxable","15":"product-type-external"},"_links":{"self":[{"href":"https:\/\/placessites.com\/it\/wp-json\/wp\/v2\/product\/12958","targetHints":{"allow":["GET"]}}],"collection":[{"href":"https:\/\/placessites.com\/it\/wp-json\/wp\/v2\/product"}],"about":[{"href":"https:\/\/placessites.com\/it\/wp-json\/wp\/v2\/types\/product"}],"wp:featuredmedia":[{"embeddable":true,"href":"https:\/\/placessites.com\/it\/wp-json\/wp\/v2\/media\/12043"}],"wp:attachment":[{"href":"https:\/\/placessites.com\/it\/wp-json\/wp\/v2\/media?parent=12958"}],"wp:term":[{"taxonomy":"product_brand","embeddable":true,"href":"https:\/\/placessites.com\/it\/wp-json\/wp\/v2\/product_brand?post=12958"},{"taxonomy":"product_cat","embeddable":true,"href":"https:\/\/placessites.com\/it\/wp-json\/wp\/v2\/product_cat?post=12958"},{"taxonomy":"product_tag","embeddable":true,"href":"https:\/\/placessites.com\/it\/wp-json\/wp\/v2\/product_tag?post=12958"}],"curies":[{"name":"wp","href":"https:\/\/api.w.org\/{rel}","templated":true}]}}