{"id":17871,"date":"2025-12-18T14:55:19","date_gmt":"2025-12-18T14:55:19","guid":{"rendered":"https:\/\/placessites.com\/?post_type=product&#038;p=17871"},"modified":"2026-02-14T02:08:11","modified_gmt":"2026-02-14T02:08:11","slug":"ile-de-saona-6-heures-de-visite-privee-avec-plongee-en-apnee","status":"publish","type":"product","link":"https:\/\/placessites.com\/fr\/tournee\/ile-de-saona-6-heures-de-visite-privee-avec-plongee-en-apnee\/","title":{"rendered":"\u00cele de Saona : 6 heures de visite priv\u00e9e avec plong\u00e9e en apn\u00e9e"},"content":{"rendered":"<div class=\"toggle-content__content toggle-content__content--expanded toggle-content__content--packable\" data-v-59485d64=\"\">\n<h2 data-test-id=\"activity-full-description-text\">\u00cele de Saona : visite priv\u00e9e de 6 heures avec plong\u00e9e en apn\u00e9e<\/h2>\n<div data-test-id=\"activity-full-description-text\" data-v-5835c99c=\"\">\n<p>Rejoignez-nous pour une visite priv\u00e9e de l'\u00eele de Saona, au d\u00e9part de Bayahibe \u00e0 10h00. D\u00e9couvrez le paradis qu'est l'\u00eele de Saona \u00e0 bord de votre bateau priv\u00e9, dot\u00e9 d'un design \u00e9l\u00e9gant et d'un capitaine et d'un \u00e9quipage comp\u00e9tents. Cette exp\u00e9rience exclusive est r\u00e9serv\u00e9e \u00e0 vous et \u00e0 votre groupe - vous ne la partagerez avec personne d'autre !<\/p>\n<p>Naviguez \u00e0 votre rythme dans les eaux calmes et magnifiques des Cara\u00efbes. Faites de la plong\u00e9e avec masque et tuba dans deux endroits exclusifs o\u00f9 vous rencontrerez probablement de merveilleuses cr\u00e9atures oc\u00e9aniques, notamment des \u00e9toiles de mer et, \u00e0 l'occasion, des tortues de mer.<\/p>\n<p>Veuillez noter que le d\u00e9jeuner ne fait pas partie de cette excursion. Le prix que vous payez couvre principalement la location du bateau et comprend les activit\u00e9s de plong\u00e9e avec masque et tuba dans les eaux magnifiques de l'\u00eele de Saona ou de la r\u00e9gion de Bayahibe.<\/p>\n<p>Nous vous recommandons de vous organiser en cons\u00e9quence et d'apporter un panier-repas ou d'acheter de la nourriture dans l'un des \u00e9tablissements locaux avant ou pendant l'excursion. Profitez des paysages \u00e9poustouflants et de la vie marine vibrante pendant que vous explorez ces destinations \u00e9tonnantes !<\/p>\n<\/div>\n<\/div>\n<div class=\"toggle-content__label-placeholder\" data-v-59485d64=\"\"><\/div>","protected":false},"excerpt":{"rendered":"<div data-track=\"overview\" data-v-83a2b402=\"\">\n<section id=\"activity-overview\" class=\"activity-overview\" data-component=\"overview\" data-v-83a2b402=\"\" data-v-f3236c42=\"\">\n<p class=\"activity-overview__content\" data-test-id=\"activity-overview-content\" data-v-f3236c42=\"\">D\u00e9couvrez le coin de paradis qu'est l'\u00eele de Saona sur votre bateau priv\u00e9 ! Avec cette excursion priv\u00e9e d'une journ\u00e9e, vous aurez notre \u00e9l\u00e9gant bateau, notre capitaine expert et notre \u00e9quipage pour vous tout seul.<\/p>\n<\/section>\n<\/div>\n<div data-track=\"key-details\" data-v-83a2b402=\"\"><\/div>","protected":false},"featured_media":18106,"template":"","meta":[],"product_brand":[],"product_cat":[98],"product_tag":[101,102],"class_list":{"0":"post-17871","1":"product","2":"type-product","3":"status-publish","4":"has-post-thumbnail","6":"product_cat-saona-island","7":"product_tag-excursion","8":"product_tag-tour","10":"first","11":"instock","12":"sale","13":"shipping-taxable","14":"product-type-external"},"_links":{"self":[{"href":"https:\/\/placessites.com\/fr\/wp-json\/wp\/v2\/product\/17871","targetHints":{"allow":["GET"]}}],"collection":[{"href":"https:\/\/placessites.com\/fr\/wp-json\/wp\/v2\/product"}],"about":[{"href":"https:\/\/placessites.com\/fr\/wp-json\/wp\/v2\/types\/product"}],"wp:featuredmedia":[{"embeddable":true,"href":"https:\/\/placessites.com\/fr\/wp-json\/wp\/v2\/media\/18106"}],"wp:attachment":[{"href":"https:\/\/placessites.com\/fr\/wp-json\/wp\/v2\/media?parent=17871"}],"wp:term":[{"taxonomy":"product_brand","embeddable":true,"href":"https:\/\/placessites.com\/fr\/wp-json\/wp\/v2\/product_brand?post=17871"},{"taxonomy":"product_cat","embeddable":true,"href":"https:\/\/placessites.com\/fr\/wp-json\/wp\/v2\/product_cat?post=17871"},{"taxonomy":"product_tag","embeddable":true,"href":"https:\/\/placessites.com\/fr\/wp-json\/wp\/v2\/product_tag?post=17871"}],"curies":[{"name":"wp","href":"https:\/\/api.w.org\/{rel}","templated":true}]}}