{"id":17820,"date":"2025-12-18T14:53:28","date_gmt":"2025-12-18T14:53:28","guid":{"rendered":"https:\/\/placessites.com\/?post_type=product&#038;p=17820"},"modified":"2026-02-14T02:11:05","modified_gmt":"2026-02-14T02:11:05","slug":"catamaran-dune-journee-sur-lile-de-saona-nourriture-et-boissons-incluses","status":"publish","type":"product","link":"https:\/\/placessites.com\/fr\/tournee\/catamaran-dune-journee-sur-lile-de-saona-nourriture-et-boissons-incluses\/","title":{"rendered":"Catamaran d'une journ\u00e9e sur l'\u00eele de Saona Nourriture et boissons incluses"},"content":{"rendered":"<div class=\"toggle-content__content toggle-content__content--expanded toggle-content__content--packable\" data-v-59485d64=\"\">\n<h2 data-test-id=\"activity-full-description-text\">Catamaran d'une journ\u00e9e sur l'\u00eele de Saona Nourriture et boissons incluses<\/h2>\n<div data-test-id=\"activity-full-description-text\" data-v-5835c99c=\"\">\n<p>Faites l'exp\u00e9rience d'une excursion d'une journ\u00e9e inoubliable sur l'\u00e9poustouflante \u00eele de Saona, nich\u00e9e au c\u0153ur de la mer des Cara\u00efbes ! Choisissez votre aventure \u00e0 bord d'un catamaran spacieux ou d'un bateau rapide et glissez dans les eaux cristallines et envo\u00fbtantes, vous rapprochant ainsi de la riche vie marine. En chemin, ne manquez pas de vous arr\u00eater \u00e0 une superbe piscine naturelle, o\u00f9 vous pourrez approcher de pr\u00e8s de magnifiques \u00e9toiles de mer, parfaites pour prendre des photos m\u00e9morables !<\/p>\n<p>\u00c0 l'arriv\u00e9e sur l'\u00eele de Saona, vous d\u00e9gusterez un d\u00e9licieux d\u00e9jeuner servi sous les palmiers qui se balancent sur la plage, au son apaisant des vagues. Apr\u00e8s le repas, plongez dans les eaux turquoise qui entourent l'\u00eele. Que vous souhaitiez jouer une partie de volley-ball endiabl\u00e9e, apprendre les pas entra\u00eenants du merengue ou simplement vous pr\u00e9lasser au soleil sur le sable blanc poudreux, l'\u00eele de Saona vous offre un coin de paradis qui vous laissera rajeuni et enchant\u00e9.<\/p>\n<\/div>\n<\/div>\n<div class=\"toggle-content__label-placeholder\" data-v-59485d64=\"\"><\/div>","protected":false},"excerpt":{"rendered":"<div data-track=\"overview\" data-v-83a2b402=\"\">\n<section id=\"activity-overview\" class=\"activity-overview\" data-component=\"overview\" data-v-83a2b402=\"\" data-v-f3236c42=\"\">\n<p class=\"activity-overview__content\" data-test-id=\"activity-overview-content\" data-v-f3236c42=\"\">Excellent tour de l'\u00eele de Saona, venez exp\u00e9rimenter quelques-unes des meilleures attractions, en formule tout compris.<\/p>\n<\/section>\n<\/div>\n<div data-track=\"key-details\" data-v-83a2b402=\"\"><\/div>","protected":false},"featured_media":18051,"template":"","meta":[],"product_brand":[],"product_cat":[97,98],"product_tag":[101,102],"class_list":{"0":"post-17820","1":"product","2":"type-product","3":"status-publish","4":"has-post-thumbnail","6":"product_cat-dominican-republic","7":"product_cat-saona-island","8":"product_tag-excursion","9":"product_tag-tour","11":"first","12":"instock","13":"sale","14":"shipping-taxable","15":"product-type-external"},"_links":{"self":[{"href":"https:\/\/placessites.com\/fr\/wp-json\/wp\/v2\/product\/17820","targetHints":{"allow":["GET"]}}],"collection":[{"href":"https:\/\/placessites.com\/fr\/wp-json\/wp\/v2\/product"}],"about":[{"href":"https:\/\/placessites.com\/fr\/wp-json\/wp\/v2\/types\/product"}],"wp:featuredmedia":[{"embeddable":true,"href":"https:\/\/placessites.com\/fr\/wp-json\/wp\/v2\/media\/18051"}],"wp:attachment":[{"href":"https:\/\/placessites.com\/fr\/wp-json\/wp\/v2\/media?parent=17820"}],"wp:term":[{"taxonomy":"product_brand","embeddable":true,"href":"https:\/\/placessites.com\/fr\/wp-json\/wp\/v2\/product_brand?post=17820"},{"taxonomy":"product_cat","embeddable":true,"href":"https:\/\/placessites.com\/fr\/wp-json\/wp\/v2\/product_cat?post=17820"},{"taxonomy":"product_tag","embeddable":true,"href":"https:\/\/placessites.com\/fr\/wp-json\/wp\/v2\/product_tag?post=17820"}],"curies":[{"name":"wp","href":"https:\/\/api.w.org\/{rel}","templated":true}]}}