{"id":17612,"date":"2025-12-18T14:44:41","date_gmt":"2025-12-18T14:44:41","guid":{"rendered":"https:\/\/placessites.com\/?post_type=product&#038;p=17612"},"modified":"2025-12-18T14:52:20","modified_gmt":"2025-12-18T14:52:20","slug":"asombrosa-actividad-en-buggy-por-la-playa-de-macao-y-cueva","status":"publish","type":"product","link":"https:\/\/placessites.com\/fr\/tournee\/asombrosa-actividad-en-buggy-por-la-playa-de-macao-y-cueva\/","title":{"rendered":"Activit\u00e9 intense en buggy sur la plage de Macao et dans la jungle"},"content":{"rendered":"<p>D\u00e9couvrez la beaut\u00e9 naturelle de Punta Cana lors d'une aventure \u00e9mouvante en buggy. Cette excursion guid\u00e9e vous emm\u00e8nera \u00e0 travers des paysages impressionnants, y compris des plages de sable blanc et des c\u00e9notes cristallins. Parfait pour les amateurs d'adr\u00e9naline et de nature.      Itin\u00e9raire :                                                                                                            Accueil et pr\u00e9paration : Accueil \u00e0 l'h\u00f4tel et transfert au point de d\u00e9part. Briefing et \u00e9quipement : Pr\u00e9sentation des buggys et des mesures de s\u00e9curit\u00e9. Aventure en buggy : Conduite sur des chemins hors route, visite d'une plage vierge. Exploration d'un c\u00e9note : temps consacr\u00e9 \u00e0 la marche et \u00e0 l'exploration. Regreso : Viaje de vuelta al punto de partida y traslado al hotel.D\u00e9couvrez la beaut\u00e9 naturelle de Punta Cana lors d'une aventure passionnante en buggy. Cette visite guid\u00e9e vous fera d\u00e9couvrir des paysages \u00e9poustouflants, notamment des plages de sable blanc et des c\u00e9notes cristallins.<\/p>\n<p>Description d\u00e9taill\u00e9e D\u00e9couvrez la beaut\u00e9 naturelle de Punta Cana lors d'une aventure passionnante en buggy. Cette visite guid\u00e9e vous fera d\u00e9couvrir des paysages \u00e9poustouflants, notamment des plages de sable blanc et des c\u00e9notes cristallins. Parfait pour les amateurs d'adr\u00e9naline et de nature. Itin\u00e9raire : Accueil et pr\u00e9paratifs : Accueil \u00e0 l'h\u00f4tel et transfert au point de d\u00e9part. Briefing et \u00e9quipement : Pr\u00e9sentation des buggys et des mesures de s\u00e9curit\u00e9. Aventure en buggy : Conduite sur des routes hors route, visite d'une plage vierge. Exploration d'un c\u00e9note : Temps de baignade et d'exploration. Retour : Retour au point de d\u00e9part et transfert \u00e0 l'h\u00f4tel.<\/p>\n<div class=\"toggle-content__label-placeholder\" data-v-59485d64=\"\"><\/div>","protected":false},"excerpt":{"rendered":"<div data-track=\"overview\" data-v-83a2b402=\"\">\n<section id=\"activity-overview\" class=\"activity-overview\" data-component=\"overview\" data-v-83a2b402=\"\" data-v-f3236c42=\"\">\n<p class=\"activity-overview__content\" data-test-id=\"activity-overview-content\" data-v-f3236c42=\"\">D\u00e9couvrez la beaut\u00e9 naturelle de Punta Cana en payant 20 euros pour la pr\u00e9-r\u00e9servation et le reste 25 euros pour l'aventure excitante en buggy du ranch. Cette visite guid\u00e9e vous emm\u00e8nera \u00e0 travers des paysages \u00e9poustouflants, y compris des plages de sable blanc.<\/p>\n<\/section>\n<\/div>\n<div data-track=\"key-details\" data-v-83a2b402=\"\"><\/div>","protected":false},"featured_media":17783,"template":"","meta":[],"product_brand":[],"product_cat":[97],"product_tag":[101,102],"class_list":{"0":"post-17612","1":"product","2":"type-product","3":"status-publish","4":"has-post-thumbnail","6":"product_cat-dominican-republic","7":"product_tag-excursion","8":"product_tag-tour","10":"first","11":"instock","12":"shipping-taxable","13":"product-type-external"},"_links":{"self":[{"href":"https:\/\/placessites.com\/fr\/wp-json\/wp\/v2\/product\/17612","targetHints":{"allow":["GET"]}}],"collection":[{"href":"https:\/\/placessites.com\/fr\/wp-json\/wp\/v2\/product"}],"about":[{"href":"https:\/\/placessites.com\/fr\/wp-json\/wp\/v2\/types\/product"}],"wp:featuredmedia":[{"embeddable":true,"href":"https:\/\/placessites.com\/fr\/wp-json\/wp\/v2\/media\/17783"}],"wp:attachment":[{"href":"https:\/\/placessites.com\/fr\/wp-json\/wp\/v2\/media?parent=17612"}],"wp:term":[{"taxonomy":"product_brand","embeddable":true,"href":"https:\/\/placessites.com\/fr\/wp-json\/wp\/v2\/product_brand?post=17612"},{"taxonomy":"product_cat","embeddable":true,"href":"https:\/\/placessites.com\/fr\/wp-json\/wp\/v2\/product_cat?post=17612"},{"taxonomy":"product_tag","embeddable":true,"href":"https:\/\/placessites.com\/fr\/wp-json\/wp\/v2\/product_tag?post=17612"}],"curies":[{"name":"wp","href":"https:\/\/api.w.org\/{rel}","templated":true}]}}