{"id":17364,"date":"2025-12-18T14:33:19","date_gmt":"2025-12-18T14:33:19","guid":{"rendered":"https:\/\/placessites.com\/?post_type=product&#038;p=17364"},"modified":"2026-02-14T02:21:21","modified_gmt":"2026-02-14T02:21:21","slug":"punta-cana-saona-islan-journee-complete-avec-catamaran-et-buffet","status":"publish","type":"product","link":"https:\/\/placessites.com\/fr\/tournee\/punta-cana-saona-islan-journee-complete-avec-catamaran-et-buffet\/","title":{"rendered":"Punta Cana : Journ\u00e9e compl\u00e8te sur l'\u00eele de Saona avec catamaran et buffet"},"content":{"rendered":"<h2>Punta Cana : Journ\u00e9e compl\u00e8te sur l'\u00eele de Saona avec catamaran et buffet<\/h2>\n<p>Embarquez pour une aventure exaltante sur l'\u00eele de Saona qui combine l'exp\u00e9rience sereine de la navigation \u00e0 bord d'un luxueux catamaran et la mont\u00e9e d'adr\u00e9naline d'une promenade en hors-bord. Sentez la chaleur du soleil sur votre peau et la brise marine revigorante lors de ce voyage inoubliable.<\/p>\n<p>Tout en glissant dans les eaux azur, prenez le temps de vous d\u00e9tendre sur la pittoresque Playa Abanico, o\u00f9 le sable blanc et doux rencontre les douces vagues. Ne manquez pas l'\u00e9poustouflante piscine naturelle de Saona, nich\u00e9e dans le superbe parc national de Cotubanama, o\u00f9 la vie marine s'\u00e9panouit dans les eaux peu profondes et cristallines. En chemin, notre guide local bien inform\u00e9 vous r\u00e9galera d'histoires captivantes et de faits intrigants sur la riche histoire et l'\u00e9cologie de l'\u00eele, ce qui vous permettra de mieux appr\u00e9cier ce paradis tropical.<\/p>\n<p>L'un des joyaux de la couronne de l'\u00eele de Saona est la plage Fanatics, un havre connu pour ses vastes \u00e9tendues de sable blanc poudreux et ses eaux chaudes et turquoises. Les palmiers se balancent doucement au gr\u00e9 de la brise, cr\u00e9ant une atmosph\u00e8re tranquille qui vous invite \u00e0 profiter du soleil, \u00e0 vous pr\u00e9lasser sur le sable doux ou \u00e0 vous rafra\u00eechir dans les eaux cristallines. Ce cadre idyllique est parfait pour se d\u00e9tendre, une v\u00e9ritable \u00e9vasion au paradis.<\/p>","protected":false},"excerpt":{"rendered":"<div data-track=\"overview\" data-v-83a2b402=\"\">\n<section id=\"activity-overview\" class=\"activity-overview\" data-component=\"overview\" data-v-83a2b402=\"\" data-v-f3236c42=\"\">\n<p class=\"activity-overview__content\" data-test-id=\"activity-overview-content\" data-v-f3236c42=\"\">D\u00e9tendez-vous dans un environnement dominicain unique gr\u00e2ce \u00e0 cette excursion sur l'\u00eele de Saona au d\u00e9part de Punta Cana. Des plages aux eaux cristallines et \u00e0 la v\u00e9g\u00e9tation sauvage vous attendent pour que vous puissiez profiter d'une journ\u00e9e tr\u00e8s sp\u00e9ciale.<\/p>\n<\/section>\n<\/div>\n<div data-track=\"key-details\" data-v-83a2b402=\"\"><\/div>","protected":false},"featured_media":17552,"template":"","meta":[],"product_brand":[],"product_cat":[97,98],"product_tag":[101,102],"class_list":{"0":"post-17364","1":"product","2":"type-product","3":"status-publish","4":"has-post-thumbnail","6":"product_cat-dominican-republic","7":"product_cat-saona-island","8":"product_tag-excursion","9":"product_tag-tour","11":"first","12":"instock","13":"sale","14":"shipping-taxable","15":"product-type-external"},"_links":{"self":[{"href":"https:\/\/placessites.com\/fr\/wp-json\/wp\/v2\/product\/17364","targetHints":{"allow":["GET"]}}],"collection":[{"href":"https:\/\/placessites.com\/fr\/wp-json\/wp\/v2\/product"}],"about":[{"href":"https:\/\/placessites.com\/fr\/wp-json\/wp\/v2\/types\/product"}],"wp:featuredmedia":[{"embeddable":true,"href":"https:\/\/placessites.com\/fr\/wp-json\/wp\/v2\/media\/17552"}],"wp:attachment":[{"href":"https:\/\/placessites.com\/fr\/wp-json\/wp\/v2\/media?parent=17364"}],"wp:term":[{"taxonomy":"product_brand","embeddable":true,"href":"https:\/\/placessites.com\/fr\/wp-json\/wp\/v2\/product_brand?post=17364"},{"taxonomy":"product_cat","embeddable":true,"href":"https:\/\/placessites.com\/fr\/wp-json\/wp\/v2\/product_cat?post=17364"},{"taxonomy":"product_tag","embeddable":true,"href":"https:\/\/placessites.com\/fr\/wp-json\/wp\/v2\/product_tag?post=17364"}],"curies":[{"name":"wp","href":"https:\/\/api.w.org\/{rel}","templated":true}]}}