{"id":17315,"date":"2025-12-18T14:31:30","date_gmt":"2025-12-18T14:31:30","guid":{"rendered":"https:\/\/placessites.com\/?post_type=product&#038;p=17315"},"modified":"2026-02-14T04:04:31","modified_gmt":"2026-02-14T04:04:31","slug":"excursion-sur-lile-de-saona-punta-cana","status":"publish","type":"product","link":"https:\/\/placessites.com\/fr\/tournee\/excursion-sur-lile-de-saona-punta-cana\/","title":{"rendered":"Excursion sur l'\u00eele de Saona Punta Cana"},"content":{"rendered":"<h2>Excursion sur l'\u00eele de Saona Punta Cana<\/h2>\n<p>Embarquez pour une aventure inoubliable \u00e0 Isla Saona avec une excursion exaltante qui promet une journ\u00e9e remplie de soleil, de paysages \u00e0 couper le souffle et de brises marines rafra\u00eechissantes. Mettez les voiles \u00e0 bord d'un catamaran spacieux, o\u00f9 vous pourrez profiter de la chaleur du soleil tout en appr\u00e9ciant le doux balancement du bateau qui glisse sur les eaux azur \u00e9tincelantes. Ensuite, faites l'exp\u00e9rience d'une promenade en bateau rapide qui vous entra\u00eenera sur les vagues, ajoutant un \u00e9l\u00e9ment d'excitation \u00e0 votre voyage.<\/p>\n<p>D\u00e8s votre arriv\u00e9e, abandonnez-vous \u00e0 la tranquillit\u00e9 de la superbe plage de Fanico, r\u00e9put\u00e9e pour ses interminables \u00e9tendues de sable blanc poudreux et ses eaux chaudes et cristallines qui clapotent sur le rivage. De grands palmiers se balancent doucement dans la brise, cr\u00e9ant un cadre id\u00e9al qui invite \u00e0 la d\u00e9tente et \u00e0 l'amusement. Ici, vous pouvez vous d\u00e9tendre, vous baigner ou simplement vous impr\u00e9gner de la beaut\u00e9 des lieux.<\/p>\n<p>Dans le cadre de votre aventure, vous aurez \u00e9galement l'occasion d'explorer la magnifique piscine naturelle de Saona, nich\u00e9e dans l'\u00e9tendue luxuriante de la r\u00e9serve naturelle du parc national de Cotubanama. Cette piscine enchanteresse, l'une des plus grandes de ce type au monde, est encadr\u00e9e par une v\u00e9g\u00e9tation tropicale vibrante et grouille de vie, y compris les remarquables \u00e9toiles de mer g\u00e9antes que l'on peut apercevoir sous la surface de l'eau.<\/p>\n<p>Tout au long de votre voyage, notre guide local bien inform\u00e9 partagera avec vous des histoires intrigantes et des informations sur Isla Saona, enrichissant ainsi votre exp\u00e9rience et vous permettant d'\u00e9tablir un lien plus profond avec ce paradis. Pr\u00e9parez-vous \u00e0 une journ\u00e9e remplie de beaut\u00e9, d'exploration et de moments inoubliables dans l'un des endroits les plus pr\u00e9cieux des Cara\u00efbes.<\/p>","protected":false},"excerpt":{"rendered":"<div data-track=\"overview\" data-v-83a2b402=\"\">\n<section id=\"activity-overview\" class=\"activity-overview\" data-component=\"overview\" data-v-83a2b402=\"\" data-v-f3236c42=\"\">\n<p class=\"activity-overview__content\" data-test-id=\"activity-overview-content\" data-v-f3236c42=\"\">D\u00e9tendez-vous dans un environnement dominicain unique avec cette excursion \u00e0 Isla Saona au d\u00e9part de Punta Cana. Des eaux cristallines et une v\u00e9g\u00e9tation sauvage vous attendent pour profiter d'une journ\u00e9e tr\u00e8s sp\u00e9ciale.<\/p>\n<\/section>\n<\/div>\n<div data-track=\"key-details\" data-v-83a2b402=\"\"><\/div>","protected":false},"featured_media":17373,"template":"","meta":[],"product_brand":[],"product_cat":[97,98],"product_tag":[101,102],"class_list":{"0":"post-17315","1":"product","2":"type-product","3":"status-publish","4":"has-post-thumbnail","6":"product_cat-dominican-republic","7":"product_cat-saona-island","8":"product_tag-excursion","9":"product_tag-tour","11":"first","12":"instock","13":"sale","14":"shipping-taxable","15":"product-type-external"},"_links":{"self":[{"href":"https:\/\/placessites.com\/fr\/wp-json\/wp\/v2\/product\/17315","targetHints":{"allow":["GET"]}}],"collection":[{"href":"https:\/\/placessites.com\/fr\/wp-json\/wp\/v2\/product"}],"about":[{"href":"https:\/\/placessites.com\/fr\/wp-json\/wp\/v2\/types\/product"}],"wp:featuredmedia":[{"embeddable":true,"href":"https:\/\/placessites.com\/fr\/wp-json\/wp\/v2\/media\/17373"}],"wp:attachment":[{"href":"https:\/\/placessites.com\/fr\/wp-json\/wp\/v2\/media?parent=17315"}],"wp:term":[{"taxonomy":"product_brand","embeddable":true,"href":"https:\/\/placessites.com\/fr\/wp-json\/wp\/v2\/product_brand?post=17315"},{"taxonomy":"product_cat","embeddable":true,"href":"https:\/\/placessites.com\/fr\/wp-json\/wp\/v2\/product_cat?post=17315"},{"taxonomy":"product_tag","embeddable":true,"href":"https:\/\/placessites.com\/fr\/wp-json\/wp\/v2\/product_tag?post=17315"}],"curies":[{"name":"wp","href":"https:\/\/api.w.org\/{rel}","templated":true}]}}