{"id":17231,"date":"2025-12-18T14:28:17","date_gmt":"2025-12-18T14:28:17","guid":{"rendered":"https:\/\/placessites.com\/?post_type=product&#038;p=17231"},"modified":"2026-02-14T04:02:44","modified_gmt":"2026-02-14T04:02:44","slug":"excursion-sur-lile-de-bayahibe-saona","status":"publish","type":"product","link":"https:\/\/placessites.com\/fr\/tournee\/excursion-sur-lile-de-bayahibe-saona\/","title":{"rendered":"Bayahibe : Excursion sur l'\u00eele de Saona"},"content":{"rendered":"<h3>Bayahibe : Excursion sur l'\u00eele de Saona<\/h3>\n<p>Embarquez pour un transfert serein et confortable depuis votre h\u00f4tel \u00e0 Bayahibe, o\u00f9 vous commencerez votre aventure en montant \u00e0 bord d'un catamaran spacieux ou d'un bateau rapide. Alors que vous naviguez depuis les rives anim\u00e9es de Bayahibe, pr\u00e9parez-vous \u00e0 \u00eatre captiv\u00e9 par les vues \u00e9poustouflantes de l'\u00eele de Saona, nich\u00e9e dans l'\u00e9poustouflant parc national de l'Est.<\/p>\n<p>Une fois sur l'\u00eele, plongez-vous dans la beaut\u00e9 immacul\u00e9e des plages de sable blanc et des eaux turquoise cristallines. Passez votre journ\u00e9e \u00e0 vous adonner \u00e0 diverses activit\u00e9s divertissantes : nagez joyeusement dans la mer invitante, dansez sur des rythmes entra\u00eenants et participez \u00e0 des jeux de plage qui vous promettent un plaisir sans fin.<\/p>\n<p>\u00c0 l'approche de la mi-journ\u00e9e, r\u00e9galez votre palais avec un d\u00e9licieux d\u00e9jeuner barbecue, grill\u00e9 \u00e0 la perfection, qui vous permettra de savourer les saveurs locales. Ensuite, prenez le temps d'explorer les charmantes boutiques de souvenirs, o\u00f9 vous pourrez trouver des articles uniques qui vous rappelleront votre voyage, ou d\u00e9tendez-vous simplement avec un cocktail rafra\u00eechissant, caress\u00e9 par la douce brise marine.<\/p>\n<p>Sur le chemin du retour, ne manquez pas de faire une halte dans une superbe piscine naturelle, o\u00f9 les eaux scintillent et offrent un cadre pittoresque propice \u00e0 la d\u00e9tente et \u00e0 l'admiration. Apr\u00e8s une journ\u00e9e bien remplie pass\u00e9e \u00e0 vous impr\u00e9gner de l'atmosph\u00e8re enchanteresse de l'\u00eele, vous reviendrez \u00e0 votre point de d\u00e9part, rajeuni et apais\u00e9, et profiterez d'un trajet de retour reposant jusqu'\u00e0 votre h\u00f4tel.<\/p>","protected":false},"excerpt":{"rendered":"<div data-track=\"overview\" data-v-83a2b402=\"\">\n<section id=\"activity-overview\" class=\"activity-overview\" data-component=\"overview\" data-v-83a2b402=\"\" data-v-f3236c42=\"\">\n<p class=\"activity-overview__content\" data-test-id=\"activity-overview-content\" data-v-f3236c42=\"\">Embarquez \u00e0 bord d'un catamaran (ou d'un bateau rapide) et profitez de la c\u00e9l\u00e8bre \u00eele de Saona au cours de cette visite guid\u00e9e d'une journ\u00e9e compl\u00e8te avec d\u00e9jeuner barbecue.<\/p>\n<\/section>\n<\/div>\n<div data-track=\"key-details\" data-v-83a2b402=\"\"><\/div>","protected":false},"featured_media":17283,"template":"","meta":[],"product_brand":[],"product_cat":[97,98],"product_tag":[101,102],"class_list":{"0":"post-17231","1":"product","2":"type-product","3":"status-publish","4":"has-post-thumbnail","6":"product_cat-dominican-republic","7":"product_cat-saona-island","8":"product_tag-excursion","9":"product_tag-tour","11":"first","12":"instock","13":"sale","14":"shipping-taxable","15":"product-type-external"},"_links":{"self":[{"href":"https:\/\/placessites.com\/fr\/wp-json\/wp\/v2\/product\/17231","targetHints":{"allow":["GET"]}}],"collection":[{"href":"https:\/\/placessites.com\/fr\/wp-json\/wp\/v2\/product"}],"about":[{"href":"https:\/\/placessites.com\/fr\/wp-json\/wp\/v2\/types\/product"}],"wp:featuredmedia":[{"embeddable":true,"href":"https:\/\/placessites.com\/fr\/wp-json\/wp\/v2\/media\/17283"}],"wp:attachment":[{"href":"https:\/\/placessites.com\/fr\/wp-json\/wp\/v2\/media?parent=17231"}],"wp:term":[{"taxonomy":"product_brand","embeddable":true,"href":"https:\/\/placessites.com\/fr\/wp-json\/wp\/v2\/product_brand?post=17231"},{"taxonomy":"product_cat","embeddable":true,"href":"https:\/\/placessites.com\/fr\/wp-json\/wp\/v2\/product_cat?post=17231"},{"taxonomy":"product_tag","embeddable":true,"href":"https:\/\/placessites.com\/fr\/wp-json\/wp\/v2\/product_tag?post=17231"}],"curies":[{"name":"wp","href":"https:\/\/api.w.org\/{rel}","templated":true}]}}