{"id":16961,"date":"2025-12-18T14:15:57","date_gmt":"2025-12-18T14:15:57","guid":{"rendered":"https:\/\/placessites.com\/?post_type=product&#038;p=16961"},"modified":"2025-12-18T14:19:23","modified_gmt":"2025-12-18T14:19:23","slug":"excursion-en-bateau-dune-journee-sur-lile-de-saona-avec-boissons-et-dejeuner-buffet","status":"publish","type":"product","link":"https:\/\/placessites.com\/fr\/tournee\/excursion-en-bateau-dune-journee-sur-lile-de-saona-avec-boissons-et-dejeuner-buffet\/","title":{"rendered":"\u00cele de Saona : Excursion en bateau d'une journ\u00e9e avec boissons et d\u00e9jeuner buffet"},"content":{"rendered":"<h2>\u00cele de Saona : Excursion en bateau d'une journ\u00e9e avec boissons et d\u00e9jeuner buffet<\/h2>\n<p>Montez \u00e0 bord de notre speedboat \u00e0 sensations fortes et immergez-vous dans la brise rafra\u00eechissante de la mer des Cara\u00efbes au cours de cette inoubliable aventure insulaire d'une journ\u00e9e. Imaginez-vous sur la magnifique \u00eele de Saona, en train de vous pr\u00e9lasser au soleil et de vous rafra\u00eechir en nageant dans une piscine naturelle au milieu de la vaste \u00e9tendue de la mer.<\/p>\n<p>Notre voyage commence dans l'impressionnant parc national de Cotubanam\u00e1, donnant le ton d'une journ\u00e9e \u00e9pique. Le bonheur \u00e0 l'\u00e9tat pur, c'est de s'aventurer jusqu'\u00e0 l'enchanteresse Palmilla, une piscine naturelle qui promet d'envo\u00fbter vos sens. Pendant que vous vous d\u00e9lectez des eaux turquoise cristallines, notre \u00e9quipe vous servira de d\u00e9licieuses boissons pour agr\u00e9menter votre plaisir. Pr\u00e9parez-vous \u00e0 \u00eatre enchant\u00e9s par les sympathiques \u00e9toiles de mer et la fascinante faune marine qui ont \u00e9lu domicile dans cet endroit.<\/p>\n<p>Ensuite, nous vous emm\u00e8nerons dans notre club de plage exclusif sur l'\u00eele, o\u00f9 trois heures de pur loisir vous attendent. Que vous choisissiez de vous d\u00e9tendre sur la plage immacul\u00e9e, de vous baigner dans les eaux invitantes ou de participer \u00e0 une partie de beach-volley, le choix est enti\u00e8rement le v\u00f4tre. Et pour satisfaire vos papilles gustatives, un d\u00e9licieux d\u00e9jeuner buffet vous sera servi afin de vous r\u00e9g\u00e9n\u00e9rer pour le reste de l'aventure.<\/p>\n<p>Mais l'excitation ne s'arr\u00eate pas l\u00e0 ! Nous vous r\u00e9servons une d\u00e9licieuse surprise : une sereine croisi\u00e8re en catamaran sur les eaux calmes, o\u00f9 vous pourrez vous impr\u00e9gner du paysage \u00e0 couper le souffle et laisser vos soucis s'envoler. Cette exp\u00e9rience idyllique vous laissera rajeuni et reconnaissant d'avoir choisi de participer \u00e0 cet incroyable voyage.<\/p>\n<p>N'h\u00e9sitez donc pas \u00e0 vous offrir cette escapade extraordinaire. Rejoignez-nous pour cette excursion persuasive et inoubliable sur l'\u00eele, et cr\u00e9ez des souvenirs qui dureront toute votre vie. R\u00e9servez votre place d\u00e8s maintenant et laissez la magie des Cara\u00efbes op\u00e9rer sous vos yeux.<\/p>","protected":false},"excerpt":{"rendered":"<div data-track=\"overview\" data-v-83a2b402=\"\">\n<section id=\"activity-overview\" class=\"activity-overview\" data-component=\"overview\" data-v-83a2b402=\"\" data-v-f3236c42=\"\">\n<p class=\"activity-overview__content\" data-test-id=\"activity-overview-content\" data-v-f3236c42=\"\">Transfert confortable et s\u00fbr de votre h\u00f4tel \u00e0 Bayahibe. Aller-retour. Belles plages aux eaux cristallines dans la mer des Cara\u00efbes. Parc national de Cotubanama.<\/p>\n<\/section>\n<\/div>\n<div data-track=\"key-details\" data-v-83a2b402=\"\"><\/div>","protected":false},"featured_media":17019,"template":"","meta":[],"product_brand":[],"product_cat":[97,98],"product_tag":[101,102],"class_list":{"0":"post-16961","1":"product","2":"type-product","3":"status-publish","4":"has-post-thumbnail","6":"product_cat-dominican-republic","7":"product_cat-saona-island","8":"product_tag-excursion","9":"product_tag-tour","11":"first","12":"instock","13":"sale","14":"shipping-taxable","15":"product-type-external"},"_links":{"self":[{"href":"https:\/\/placessites.com\/fr\/wp-json\/wp\/v2\/product\/16961","targetHints":{"allow":["GET"]}}],"collection":[{"href":"https:\/\/placessites.com\/fr\/wp-json\/wp\/v2\/product"}],"about":[{"href":"https:\/\/placessites.com\/fr\/wp-json\/wp\/v2\/types\/product"}],"wp:featuredmedia":[{"embeddable":true,"href":"https:\/\/placessites.com\/fr\/wp-json\/wp\/v2\/media\/17019"}],"wp:attachment":[{"href":"https:\/\/placessites.com\/fr\/wp-json\/wp\/v2\/media?parent=16961"}],"wp:term":[{"taxonomy":"product_brand","embeddable":true,"href":"https:\/\/placessites.com\/fr\/wp-json\/wp\/v2\/product_brand?post=16961"},{"taxonomy":"product_cat","embeddable":true,"href":"https:\/\/placessites.com\/fr\/wp-json\/wp\/v2\/product_cat?post=16961"},{"taxonomy":"product_tag","embeddable":true,"href":"https:\/\/placessites.com\/fr\/wp-json\/wp\/v2\/product_tag?post=16961"}],"curies":[{"name":"wp","href":"https:\/\/api.w.org\/{rel}","templated":true}]}}