{"id":16923,"date":"2025-12-18T14:13:37","date_gmt":"2025-12-18T14:13:37","guid":{"rendered":"https:\/\/placessites.com\/?post_type=product&#038;p=16923"},"modified":"2025-12-18T14:16:27","modified_gmt":"2025-12-18T14:16:27","slug":"aventura-exotica-a-isla-saona-paraiso-en-la-piscina-natural","status":"publish","type":"product","link":"https:\/\/placessites.com\/fr\/tournee\/aventura-exotica-a-isla-saona-paraiso-en-la-piscina-natural\/","title":{"rendered":"Aventure Exotique \u00e0 l'\u00eele de Saona : Para\u00edso en la Piscina Natural"},"content":{"rendered":"<h2>Aventure Exotique \u00e0 l'\u00eele de Saona : Para\u00edso en la Piscina Natural<\/h2>\n<p>D\u00e9couvrez la beaut\u00e9 enchanteresse de l'\u00eele de Saona lors d'une excursion inoubliable au d\u00e9part de Saint-Domingue, parfaitement adapt\u00e9e \u00e0 ceux qui appr\u00e9cient la nature et la culture. Votre aventure commence par un transfert ais\u00e9 et confortable vers le charmant village de p\u00eacheurs de Bayahibe, o\u00f9 vous embarquerez \u00e0 bord d'un luxueux catamaran ou d'un bateau rapide, en direction de l'\u00e9tonnante \u00eele. Pendant que vous traversez les eaux saphir de la mer des Cara\u00efbes, admirez les vues c\u00f4ti\u00e8res \u00e0 couper le souffle et participez \u00e0 des activit\u00e9s anim\u00e9es \u00e0 bord, cr\u00e9ant ainsi une atmosph\u00e8re joyeuse entre les autres explorateurs.<\/p>\n<p>D\u00e8s votre arriv\u00e9e sur l'\u00eele de Saona, vous serez accueilli par des plages de sable blanc immacul\u00e9 qui s'\u00e9tendent \u00e0 l'infini, embrass\u00e9es par les vagues azur. Prenez le temps de vous d\u00e9tendre au paradis en enfon\u00e7ant vos orteils dans le sable doux, ou plongez dans les eaux invitantes pour d\u00e9couvrir la vie marine vibrante qui prosp\u00e8re sous la surface. Faites l'exp\u00e9rience de la baignade dans les c\u00e9l\u00e8bres piscines naturelles de l'\u00eele, o\u00f9 l'\u00e9cosyst\u00e8me unique offre un aper\u00e7u rare des merveilles de la nature.<\/p>\n<p>L'excursion ne se contente pas d'assouvir votre soif d'aventure, elle r\u00e9gale aussi votre palais. Savourez un d\u00e9licieux d\u00e9jeuner dominicain traditionnel servi sur la plage, avec un \u00e9ventail de choix comprenant des fruits de mer frais, des viandes succulentes et des accompagnements savoureux, tous pr\u00e9par\u00e9s pour titiller vos papilles pendant que vous vous pr\u00e9lassez au soleil.<\/p>\n<p>Ce circuit est la quintessence de l'aventure exaltante, de la relaxation sereine et des riches exp\u00e9riences culturelles, le tout r\u00e9uni en une seule journ\u00e9e sous le soleil. Saisissez l'occasion de cr\u00e9er des souvenirs inoubliables dans ce paradis tropical. R\u00e9servez d\u00e8s maintenant votre place pour cet incroyable voyage au paradis !<\/p>\n<div id=\"gtx-trans\" style=\"position: absolute; left: 358px; top: 61.9062px;\">\n<div class=\"gtx-trans-icon\"><\/div>\n<\/div>","protected":false},"excerpt":{"rendered":"<div data-track=\"overview\" data-v-83a2b402=\"\">\n<section id=\"activity-overview\" class=\"activity-overview\" data-component=\"overview\" data-v-83a2b402=\"\" data-v-f3236c42=\"\">\n<p class=\"activity-overview__content\" data-test-id=\"activity-overview-content\" data-v-f3236c42=\"\">Explorez l'\u00e9tonnante \u00eele de Saona depuis Saint-Domingue lors d'une excursion qui comprend un d\u00e9licieux d\u00e9jeuner. Profitez d'une journ\u00e9e compl\u00e8te d'aventure en commen\u00e7ant par un transfert confortable vers Bayahibe.<\/p>\n<\/section>\n<\/div>\n<div data-track=\"key-details\" data-v-83a2b402=\"\"><\/div>","protected":false},"featured_media":16962,"template":"","meta":[],"product_brand":[],"product_cat":[97,98],"product_tag":[101,102],"class_list":{"0":"post-16923","1":"product","2":"type-product","3":"status-publish","4":"has-post-thumbnail","6":"product_cat-dominican-republic","7":"product_cat-saona-island","8":"product_tag-excursion","9":"product_tag-tour","11":"first","12":"instock","13":"sale","14":"shipping-taxable","15":"product-type-external"},"_links":{"self":[{"href":"https:\/\/placessites.com\/fr\/wp-json\/wp\/v2\/product\/16923","targetHints":{"allow":["GET"]}}],"collection":[{"href":"https:\/\/placessites.com\/fr\/wp-json\/wp\/v2\/product"}],"about":[{"href":"https:\/\/placessites.com\/fr\/wp-json\/wp\/v2\/types\/product"}],"wp:featuredmedia":[{"embeddable":true,"href":"https:\/\/placessites.com\/fr\/wp-json\/wp\/v2\/media\/16962"}],"wp:attachment":[{"href":"https:\/\/placessites.com\/fr\/wp-json\/wp\/v2\/media?parent=16923"}],"wp:term":[{"taxonomy":"product_brand","embeddable":true,"href":"https:\/\/placessites.com\/fr\/wp-json\/wp\/v2\/product_brand?post=16923"},{"taxonomy":"product_cat","embeddable":true,"href":"https:\/\/placessites.com\/fr\/wp-json\/wp\/v2\/product_cat?post=16923"},{"taxonomy":"product_tag","embeddable":true,"href":"https:\/\/placessites.com\/fr\/wp-json\/wp\/v2\/product_tag?post=16923"}],"curies":[{"name":"wp","href":"https:\/\/api.w.org\/{rel}","templated":true}]}}