{"id":16876,"date":"2025-12-18T14:11:24","date_gmt":"2025-12-18T14:11:24","guid":{"rendered":"https:\/\/placessites.com\/?post_type=product&#038;p=16876"},"modified":"2026-02-14T03:53:35","modified_gmt":"2026-02-14T03:53:35","slug":"journee-complete-a-lile-catalina-depuis-santo-domingo","status":"publish","type":"product","link":"https:\/\/placessites.com\/fr\/tournee\/journee-complete-a-lile-catalina-depuis-santo-domingo\/","title":{"rendered":"Journ\u00e9e compl\u00e8te \u00e0 l'\u00eele de Catalina depuis Saint-Domingue"},"content":{"rendered":"<p>Rejoignez-nous pour une aventure exaltante et pleine de rebondissements ! Faites deux arr\u00eats de plong\u00e9e avec tuba, l'un le long du mur de corail captivant en route vers l'\u00eele de Catalina et l'autre sur la plage immacul\u00e9e. Laissez-vous tenter par un somptueux buffet dominicain.<\/p>\n<p>Votre voyage commence par une prise en charge pratique, suivie d'un transport de Saint-Domingue \u00e0 la Marina de La Roma. L\u00e0, un bateau vous attend pour vous emmener sur l'\u00eele, avec un d\u00e9part entre 9 h 50 et 10 h 00 et un retour vers 15 h 00. \u00c0 l'arriv\u00e9e au vieux port de La Romana, dirigez-vous vers la premi\u00e8re destination de plong\u00e9e avec tuba. Ne manquez pas l'occasion d'explorer le monde sous-marin.<\/p>\n<div class=\"toggle-content__content toggle-content__content--expanded toggle-content__content--packable\" data-v-59485d64=\"\">\n<div data-test-id=\"activity-full-description-text\" data-v-5835c99c=\"\">Ensuite, rendez-vous sur la plage priv\u00e9e de l'\u00eele de Catalina pour une autre exp\u00e9rience inoubliable de plong\u00e9e avec masque et tuba. La plong\u00e9e avec masque et tuba est facultative, mais fortement recommand\u00e9e pour une meilleure aventure.<\/div>\n<\/div>\n<div class=\"toggle-content__label-placeholder\" data-v-59485d64=\"\"><\/div>","protected":false},"excerpt":{"rendered":"<div data-track=\"overview\" data-v-83a2b402=\"\">\n<section id=\"activity-overview\" class=\"activity-overview\" data-component=\"overview\" data-v-83a2b402=\"\" data-v-f3236c42=\"\">\n<p class=\"activity-overview__content\" data-test-id=\"activity-overview-content\" data-v-f3236c42=\"\">Embarquez pour une excursion d'une journ\u00e9e de Saint-Domingue \u00e0 l'\u00eele de Catalina. Faites de la plong\u00e9e avec masque et tuba \u00e0 deux endroits diff\u00e9rents, d\u00e9gustez un somptueux buffet dominicain et d\u00e9tendez-vous sur une plage priv\u00e9e.<\/p>\n<\/section>\n<\/div>\n<div data-track=\"key-details\" data-v-83a2b402=\"\"><\/div>","protected":false},"featured_media":16897,"template":"","meta":[],"product_brand":[],"product_cat":[97],"product_tag":[101,102],"class_list":{"0":"post-16876","1":"product","2":"type-product","3":"status-publish","4":"has-post-thumbnail","6":"product_cat-dominican-republic","7":"product_tag-excursion","8":"product_tag-tour","10":"first","11":"instock","12":"shipping-taxable","13":"product-type-external"},"_links":{"self":[{"href":"https:\/\/placessites.com\/fr\/wp-json\/wp\/v2\/product\/16876","targetHints":{"allow":["GET"]}}],"collection":[{"href":"https:\/\/placessites.com\/fr\/wp-json\/wp\/v2\/product"}],"about":[{"href":"https:\/\/placessites.com\/fr\/wp-json\/wp\/v2\/types\/product"}],"wp:featuredmedia":[{"embeddable":true,"href":"https:\/\/placessites.com\/fr\/wp-json\/wp\/v2\/media\/16897"}],"wp:attachment":[{"href":"https:\/\/placessites.com\/fr\/wp-json\/wp\/v2\/media?parent=16876"}],"wp:term":[{"taxonomy":"product_brand","embeddable":true,"href":"https:\/\/placessites.com\/fr\/wp-json\/wp\/v2\/product_brand?post=16876"},{"taxonomy":"product_cat","embeddable":true,"href":"https:\/\/placessites.com\/fr\/wp-json\/wp\/v2\/product_cat?post=16876"},{"taxonomy":"product_tag","embeddable":true,"href":"https:\/\/placessites.com\/fr\/wp-json\/wp\/v2\/product_tag?post=16876"}],"curies":[{"name":"wp","href":"https:\/\/api.w.org\/{rel}","templated":true}]}}