{"id":16609,"date":"2025-12-18T13:59:14","date_gmt":"2025-12-18T13:59:14","guid":{"rendered":"https:\/\/placessites.com\/?post_type=product&#038;p=16609"},"modified":"2026-02-14T03:37:10","modified_gmt":"2026-02-14T03:37:10","slug":"de-lile-de-la-romana-saona-pour-les-croisieristes-du-carnaval","status":"publish","type":"product","link":"https:\/\/placessites.com\/fr\/tournee\/de-lile-de-la-romana-saona-pour-les-croisieristes-du-carnaval\/","title":{"rendered":"Au d\u00e9part de La Romana : l'\u00eele de Saona pour les passagers des croisi\u00e8res Carnival"},"content":{"rendered":"<h2>Au d\u00e9part de La Romana : l'\u00eele de Saona pour les passagers des croisi\u00e8res Carnival<\/h2>\n<p>Un v\u00e9hicule de transport vous attendra \u00e0 la station de taxis situ\u00e9e \u00e0 la sortie du port de croisi\u00e8re, o\u00f9 sont rassembl\u00e9s tous les participants \u00e0 votre croisi\u00e8re. Le chauffeur vous conduira \u00e0 notre bureau \u00e0 Bayahibe, point de d\u00e9part de l'excursion.<\/p>\n<p>Pr\u00e9parez-vous \u00e0 d\u00e9couvrir l'\u00e9poustouflante \u00eele de Saona !<\/p>\n<p>En chemin, nous passerons devant le Penon, une formation rocheuse saisissante. Notre guide anglophone bien inform\u00e9 partagera avec vous des informations fascinantes sur l'histoire et la culture de la r\u00e9gion, notamment sur le peuple indig\u00e8ne Taino qui habitait autrefois ces terres. En continuant, nous traverserons l'\u00e9tonnante for\u00eat de mangroves, un pays de merveilles vibrant de mangroves rouges prosp\u00e9rant dans l'eau sal\u00e9e.<\/p>\n<p>Enfin, nous arriverons \u00e0 l'\u00eele de Saona !<\/p>\n<p>Notre premier arr\u00eat sur l'\u00eele de Saona sera la plage de Catuano, o\u00f9 nous passerons 20 minutes. Cet endroit magnifique est parfait pour la plong\u00e9e avec masque et tuba, les palmes, masques et tubas \u00e9tant fournis. Les participants peuvent choisir de se d\u00e9tendre sur le bateau pendant que d'autres font du snorkeling, selon leurs pr\u00e9f\u00e9rences.<\/p>\n<p>Apr\u00e8s cette exp\u00e9rience passionnante, nous remonterons \u00e0 bord du bateau pour nous rendre \u00e0 la plage d'Abanico, o\u00f9 nous d\u00e9gusterons un d\u00e9licieux d\u00e9jeuner dominicain. Une fois le repas termin\u00e9, prenez un chapeau et appliquez de la cr\u00e8me solaire pour une baignade rafra\u00eechissante dans les eaux turquoise de l'\u00eele de Saona. Vous disposerez d'environ une heure pour vous d\u00e9tendre sur la plage, prendre de superbes photos et faire une sieste au bord de l'eau.<\/p>\n<p>Pour conclure notre journ\u00e9e, nous visiterons la fameuse piscine naturelle, o\u00f9 vous pourrez observer de belles \u00e9toiles de mer (attention : il est interdit de les toucher). Un verre dans les eaux turquoises et peu profondes des Cara\u00efbes vous permettra de savourer ce moment magique et inoubliable.<\/p>\n<p>Nous retournerons ensuite au port de Bayahibe avec de merveilleux souvenirs, o\u00f9 votre transport vous attendra pour vous ramener au port de La Romana.<\/p>","protected":false},"excerpt":{"rendered":"<p>Profitez d'une excursion sur l'\u00eele de Saona sp\u00e9cialement con\u00e7ue pour les passagers des bateaux de croisi\u00e8re qui font escale au port de La Romana. Montez \u00e0 bord d'un bateau confortable, profitez des plages de sable blanc et d\u00e9couvrez la piscine naturelle.<\/p>\n<div data-track=\"key-details\" data-v-83a2b402=\"\"><\/div>","protected":false},"featured_media":16646,"template":"","meta":[],"product_brand":[],"product_cat":[97,98],"product_tag":[101,102],"class_list":{"0":"post-16609","1":"product","2":"type-product","3":"status-publish","4":"has-post-thumbnail","6":"product_cat-dominican-republic","7":"product_cat-saona-island","8":"product_tag-excursion","9":"product_tag-tour","11":"first","12":"instock","13":"sale","14":"shipping-taxable","15":"product-type-external"},"_links":{"self":[{"href":"https:\/\/placessites.com\/fr\/wp-json\/wp\/v2\/product\/16609","targetHints":{"allow":["GET"]}}],"collection":[{"href":"https:\/\/placessites.com\/fr\/wp-json\/wp\/v2\/product"}],"about":[{"href":"https:\/\/placessites.com\/fr\/wp-json\/wp\/v2\/types\/product"}],"wp:featuredmedia":[{"embeddable":true,"href":"https:\/\/placessites.com\/fr\/wp-json\/wp\/v2\/media\/16646"}],"wp:attachment":[{"href":"https:\/\/placessites.com\/fr\/wp-json\/wp\/v2\/media?parent=16609"}],"wp:term":[{"taxonomy":"product_brand","embeddable":true,"href":"https:\/\/placessites.com\/fr\/wp-json\/wp\/v2\/product_brand?post=16609"},{"taxonomy":"product_cat","embeddable":true,"href":"https:\/\/placessites.com\/fr\/wp-json\/wp\/v2\/product_cat?post=16609"},{"taxonomy":"product_tag","embeddable":true,"href":"https:\/\/placessites.com\/fr\/wp-json\/wp\/v2\/product_tag?post=16609"}],"curies":[{"name":"wp","href":"https:\/\/api.w.org\/{rel}","templated":true}]}}