{"id":16561,"date":"2025-12-18T13:57:02","date_gmt":"2025-12-18T13:57:02","guid":{"rendered":"https:\/\/placessites.com\/?post_type=product&#038;p=16561"},"modified":"2026-02-14T03:36:35","modified_gmt":"2026-02-14T03:36:35","slug":"-362","status":"publish","type":"product","link":"https:\/\/placessites.com\/fr\/tournee\/-362\/","title":{"rendered":"Depuis Punta Cana : Excursion d'une journ\u00e9e sur l'\u00eele de Saona avec repas et boissons"},"content":{"rendered":"<h2>Depuis Punta Cana : Excursion d'une journ\u00e9e sur l'\u00eele de Saona avec repas et boissons<\/h2>\n<p>Faites l'exp\u00e9rience d'une excursion d'une journ\u00e9e sur l'\u00eele de Saona o\u00f9 vous pourrez vous d\u00e9tendre sur un catamaran, vous relaxer sur une plage magnifique et savourer un d\u00e9licieux d\u00e9jeuner-buffet de cuisine locale.<\/p>\n<p>La journ\u00e9e commence par une prise en charge \u00e0 l'h\u00f4tel, suivie d'un transfert en bus vers Bayahibe. En chemin, vous aurez l'occasion de vous arr\u00eater pour acheter des souvenirs. \u00c0 l'arriv\u00e9e \u00e0 Bayahibe, vous monterez \u00e0 bord d'un bateau rapide qui vous emm\u00e8nera sur l'\u00eele de Saona.<\/p>\n<p>Au cours de l'excursion, vous aurez l'occasion de vous baigner dans une magnifique piscine naturelle avant de poursuivre votre voyage vers l'\u00eele. Une fois sur place, vous profiterez de trois heures de temps libre sur la plage, pour vous baigner et vous r\u00e9galer d'un d\u00e9jeuner buffet. Apr\u00e8s une journ\u00e9e de d\u00e9tente, vous retournerez \u00e0 Bayahibe \u00e0 bord d'un luxueux catamaran, puis vous rentrerez \u00e0 votre h\u00f4tel pour conclure l'excursion.<\/p>\n<div class=\"toggle-content__label-placeholder\" data-v-59485d64=\"\"><\/div>","protected":false},"excerpt":{"rendered":"<div data-track=\"overview\" data-v-83a2b402=\"\">\n<section id=\"activity-overview\" class=\"activity-overview\" data-component=\"overview\" data-v-83a2b402=\"\" data-v-f3236c42=\"\">\n<p class=\"activity-overview__content\" data-test-id=\"activity-overview-content\" data-v-f3236c42=\"\">Explorez l'\u00eele de Saona et d\u00e9couvrez quelques-uns des plus beaux sites que l'\u00eele a \u00e0 offrir. Nagez dans des piscines naturelles, profitez de la plage, d\u00e9tendez-vous sur un catamaran et d\u00e9jeunez \u00e0 un buffet de cuisine dominicaine.<\/p>\n<\/section>\n<\/div>\n<div data-track=\"key-details\" data-v-83a2b402=\"\"><\/div>","protected":false},"featured_media":16594,"template":"","meta":[],"product_brand":[],"product_cat":[97,98],"product_tag":[101,102],"class_list":{"0":"post-16561","1":"product","2":"type-product","3":"status-publish","4":"has-post-thumbnail","6":"product_cat-dominican-republic","7":"product_cat-saona-island","8":"product_tag-excursion","9":"product_tag-tour","11":"first","12":"instock","13":"sale","14":"shipping-taxable","15":"product-type-external"},"_links":{"self":[{"href":"https:\/\/placessites.com\/fr\/wp-json\/wp\/v2\/product\/16561","targetHints":{"allow":["GET"]}}],"collection":[{"href":"https:\/\/placessites.com\/fr\/wp-json\/wp\/v2\/product"}],"about":[{"href":"https:\/\/placessites.com\/fr\/wp-json\/wp\/v2\/types\/product"}],"wp:featuredmedia":[{"embeddable":true,"href":"https:\/\/placessites.com\/fr\/wp-json\/wp\/v2\/media\/16594"}],"wp:attachment":[{"href":"https:\/\/placessites.com\/fr\/wp-json\/wp\/v2\/media?parent=16561"}],"wp:term":[{"taxonomy":"product_brand","embeddable":true,"href":"https:\/\/placessites.com\/fr\/wp-json\/wp\/v2\/product_brand?post=16561"},{"taxonomy":"product_cat","embeddable":true,"href":"https:\/\/placessites.com\/fr\/wp-json\/wp\/v2\/product_cat?post=16561"},{"taxonomy":"product_tag","embeddable":true,"href":"https:\/\/placessites.com\/fr\/wp-json\/wp\/v2\/product_tag?post=16561"}],"curies":[{"name":"wp","href":"https:\/\/api.w.org\/{rel}","templated":true}]}}