{"id":16419,"date":"2025-12-18T13:50:07","date_gmt":"2025-12-18T13:50:07","guid":{"rendered":"https:\/\/placessites.com\/?post_type=product&#038;p=16419"},"modified":"2026-02-14T03:32:16","modified_gmt":"2026-02-14T03:32:16","slug":"-348","status":"publish","type":"product","link":"https:\/\/placessites.com\/fr\/tournee\/-348\/","title":{"rendered":"Excursion d'une journ\u00e9e tout compris sur l'\u00eele de Saona au d\u00e9part de Punta Cana"},"content":{"rendered":"<h2>Excursion d'une journ\u00e9e tout compris sur l'\u00eele de Saona au d\u00e9part de Punta Cana<\/h2>\n<p>Embarquez pour un voyage inoubliable sur l'\u00eele de Saona, o\u00f9 la beaut\u00e9 immacul\u00e9e de la R\u00e9publique dominicaine vous attend lors d'une excursion d'une journ\u00e9e au d\u00e9part de Bayahibe. Ce paradis est un havre de plages baign\u00e9es de soleil, d'eaux turquoise claires et de palmiers luxuriants, parfait pour ceux qui cherchent \u00e0 s'\u00e9vader et \u00e0 s'immerger dans la nature.<\/p>\n<p>Votre aventure commence lorsque vous montez \u00e0 bord d'un bateau rapide aux lignes pures qui vous emm\u00e8ne sur la mer des Cara\u00efbes \u00e9tincelante en direction de l'\u00eele de Saona. Sentez la brise rafra\u00eechissante contre votre peau tandis que vous naviguez sur les vagues, en admirant les vues c\u00f4ti\u00e8res \u00e9poustouflantes et les horizons d'un bleu \u00e9clatant.<\/p>\n<p>D\u00e8s votre arriv\u00e9e, vous vous retrouverez dans une oasis tropicale. D\u00e9tendez-vous confortablement sur une chaise longue, profitez du soleil ou sirotez votre boisson tropicale pr\u00e9f\u00e9r\u00e9e au bar de la plage. Pour ceux qui recherchent un peu d'animation, participez \u00e0 une partie amicale de beach-volley sur le sable doux et dor\u00e9 de l'\u00eele de Saona.<\/p>\n<p>Alors que vous vous ouvrez l'app\u00e9tit, rassemblez-vous pour un d\u00e9licieux d\u00e9jeuner dominicain traditionnel. D\u00e9lectez-vous d'un festin savoureux compos\u00e9 de poulet tendre, de porc succulent, de riz aromatique, de l\u00e9gumes frais, de haricots copieux, de salade croquante et d'un assortiment de fruits tropicaux juteux, tous pr\u00e9par\u00e9s pour titiller vos papilles gustatives.<\/p>\n<p>Aucune visite sur l'\u00eele de Saona n'est compl\u00e8te sans un arr\u00eat \u00e0 l'enchanteresse piscine naturelle situ\u00e9e \u00e0 Playa Palmilla. Oasis de s\u00e9r\u00e9nit\u00e9 situ\u00e9e \u00e0 environ 200 ou 300 m\u00e8tres du rivage, cet endroit tranquille poss\u00e8de des eaux peu profondes, parfaites pour patauger, o\u00f9 vous pourrez sentir le doux clapotis des vagues. Entour\u00e9 d'un paysage pittoresque, c'est l'endroit id\u00e9al pour prendre de superbes photos et cr\u00e9er des souvenirs inoubliables de cette exp\u00e9rience : <a href=\"https:\/\/bookingadventures.tours\/booking.php?slug=Punta_Cana_Catamaran_Boat_to_Saona_Island_with_Buffet_Lunch\" target=\"_blank\" rel=\"noopener\">Tout compris sur l'\u00eele de Saona.<\/a><\/p>\n<p>Dans ce cadre idyllique, la combinaison d'une beaut\u00e9 \u00e0 couper le souffle et d'un climat parfait vous invite \u00e0 vous d\u00e9tendre et \u00e0 savourer chaque instant de votre journ\u00e9e sur l'\u00eele de Saona.<\/p>","protected":false},"excerpt":{"rendered":"<div data-track=\"overview\" data-v-83a2b402=\"\">\n<section id=\"activity-overview\" class=\"activity-overview\" data-component=\"overview\" data-v-83a2b402=\"\" data-v-f3236c42=\"\">\n<p class=\"activity-overview__content\" data-test-id=\"activity-overview-content\" data-v-f3236c42=\"\">Profitez d'une excursion d'une journ\u00e9e sur l'\u00eele de Saona depuis LOCATION. D\u00e9tendez-vous sur la plage, jouez au volley-ball de plage et profitez d'un d\u00e9jeuner buffet dominicain typique compos\u00e9 de poulet, de porc, de riz, etc.<\/p>\n<\/section>\n<\/div>\n<div data-track=\"key-details\" data-v-83a2b402=\"\"><\/div>","protected":false},"featured_media":16430,"template":"","meta":[],"product_brand":[],"product_cat":[97,98],"product_tag":[101,102],"class_list":{"0":"post-16419","1":"product","2":"type-product","3":"status-publish","4":"has-post-thumbnail","6":"product_cat-dominican-republic","7":"product_cat-saona-island","8":"product_tag-excursion","9":"product_tag-tour","11":"first","12":"instock","13":"sale","14":"shipping-taxable","15":"product-type-external"},"_links":{"self":[{"href":"https:\/\/placessites.com\/fr\/wp-json\/wp\/v2\/product\/16419","targetHints":{"allow":["GET"]}}],"collection":[{"href":"https:\/\/placessites.com\/fr\/wp-json\/wp\/v2\/product"}],"about":[{"href":"https:\/\/placessites.com\/fr\/wp-json\/wp\/v2\/types\/product"}],"wp:featuredmedia":[{"embeddable":true,"href":"https:\/\/placessites.com\/fr\/wp-json\/wp\/v2\/media\/16430"}],"wp:attachment":[{"href":"https:\/\/placessites.com\/fr\/wp-json\/wp\/v2\/media?parent=16419"}],"wp:term":[{"taxonomy":"product_brand","embeddable":true,"href":"https:\/\/placessites.com\/fr\/wp-json\/wp\/v2\/product_brand?post=16419"},{"taxonomy":"product_cat","embeddable":true,"href":"https:\/\/placessites.com\/fr\/wp-json\/wp\/v2\/product_cat?post=16419"},{"taxonomy":"product_tag","embeddable":true,"href":"https:\/\/placessites.com\/fr\/wp-json\/wp\/v2\/product_tag?post=16419"}],"curies":[{"name":"wp","href":"https:\/\/api.w.org\/{rel}","templated":true}]}}