{"id":16368,"date":"2025-12-18T13:47:46","date_gmt":"2025-12-18T13:47:46","guid":{"rendered":"https:\/\/placessites.com\/?post_type=product&#038;p=16368"},"modified":"2026-02-14T03:31:02","modified_gmt":"2026-02-14T03:31:02","slug":"santo-domingo-saona-island-full-day-tour-all-inclusive","status":"publish","type":"product","link":"https:\/\/placessites.com\/fr\/tournee\/santo-domingo-saona-island-full-day-tour-all-inclusive\/","title":{"rendered":"Saint-Domingue : Excursion d'une journ\u00e9e sur l'\u00eele de Saona, tout compris"},"content":{"rendered":"<h2>Saint-Domingue : Excursion d'une journ\u00e9e sur l'\u00eele de Saona, tout compris<\/h2>\n<p>L'\u00eele de Saona, un joyau \u00e9tonnant situ\u00e9 dans le parc national de l'Est, offre une exp\u00e9rience in\u00e9gal\u00e9e de la beaut\u00e9 de la nature. Cette destination enchanteresse pr\u00e9sente des mangroves luxuriantes, des r\u00e9cifs coralliens vibrants et des plages immacul\u00e9es, comme la c\u00e9l\u00e8bre Palmilla. Le sable de Palmilla est d'un jaune saisissant, cr\u00e9ant un magnifique contraste avec les eaux turquoise et les grands palmiers araucaria qui se balancent doucement sous l'effet de la brise.<\/p>\n<p>En explorant ce paradis tropical, vous rencontrerez une multitude d'\u00e9toiles de mer \u00e9parpill\u00e9es le long du rivage et nich\u00e9es dans les eaux peu profondes. Ces cr\u00e9atures color\u00e9es sont abondantes et sont souvent consid\u00e9r\u00e9es comme les v\u00e9ritables reines de l'\u00eele de Saona, ce qui en fait un spectacle agr\u00e9able pour les visiteurs.<\/p>\n<p>De nombreux voyageurs \u00e0 Punta Cana consid\u00e8rent l'excursion \u00e0 l'\u00eele de Saona comme le point culminant de leur voyage, et nous sommes certains que votre visite cr\u00e9era des souvenirs durables que vous ch\u00e9rirez longtemps apr\u00e8s la fin de vos vacances ! L'excursion est con\u00e7ue pour \u00eatre agr\u00e9able pour tout le monde, que vous voyagiez avec des adultes, des enfants, des amis ou un partenaire \u00e0 la recherche d'une escapade romantique pour cette excursion d'une journ\u00e9e.<\/p>\n<p>Une fois arriv\u00e9 sur l'\u00eele, vous aurez l'occasion de vous immerger dans les eaux apaisantes d'une piscine naturelle de la mer des Cara\u00efbes. Sans vagues pour perturber l'environnement serein, l'eau est calme et peu profonde, n'atteignant g\u00e9n\u00e9ralement pas les genoux, ce qui la rend id\u00e9ale pour se d\u00e9tendre et jouer.<\/p>\n<p>En plus du paysage \u00e9poustouflant, vous pouvez vous laisser tenter par une d\u00e9licieuse cuisine locale tout en d\u00eenant au bord de l'oc\u00e9an qui offre une vue \u00e0 couper le souffle. Imaginez-vous en train de savourer un repas frais, de siroter un mojito rafra\u00eechissant et de profiter de la chaleur du soleil. L'amusement continue avec notre \u00e9quipe de divertissement, qui vous encouragera \u00e0 danser et \u00e0 participer \u00e0 des activit\u00e9s agr\u00e9ables, pour que votre journ\u00e9e sur l'\u00eele de Saona soit remplie de joie et d'excitation \u00e0 chaque instant !<\/p>","protected":false},"excerpt":{"rendered":"<div data-track=\"overview\" data-v-83a2b402=\"\">\n<section id=\"activity-overview\" class=\"activity-overview\" data-component=\"overview\" data-v-83a2b402=\"\" data-v-f3236c42=\"\">\n<p class=\"activity-overview__content\" data-test-id=\"activity-overview-content\" data-v-f3236c42=\"\">Profitez de l'\u00eele de Saona gr\u00e2ce \u00e0 cette excursion d'une journ\u00e9e tout compris au d\u00e9part de Saint-Domingue. Vous y d\u00e9jeunerez, ferez une balade en catamaran et visiterez plusieurs endroits en chemin, comme le lagon bleu.<\/p>\n<\/section>\n<\/div>\n<div data-track=\"key-details\" data-v-83a2b402=\"\"><\/div>","protected":false},"featured_media":16381,"template":"","meta":[],"product_brand":[],"product_cat":[97,98],"product_tag":[101,102],"class_list":{"0":"post-16368","1":"product","2":"type-product","3":"status-publish","4":"has-post-thumbnail","6":"product_cat-dominican-republic","7":"product_cat-saona-island","8":"product_tag-excursion","9":"product_tag-tour","11":"first","12":"instock","13":"sale","14":"shipping-taxable","15":"product-type-external"},"_links":{"self":[{"href":"https:\/\/placessites.com\/fr\/wp-json\/wp\/v2\/product\/16368","targetHints":{"allow":["GET"]}}],"collection":[{"href":"https:\/\/placessites.com\/fr\/wp-json\/wp\/v2\/product"}],"about":[{"href":"https:\/\/placessites.com\/fr\/wp-json\/wp\/v2\/types\/product"}],"wp:featuredmedia":[{"embeddable":true,"href":"https:\/\/placessites.com\/fr\/wp-json\/wp\/v2\/media\/16381"}],"wp:attachment":[{"href":"https:\/\/placessites.com\/fr\/wp-json\/wp\/v2\/media?parent=16368"}],"wp:term":[{"taxonomy":"product_brand","embeddable":true,"href":"https:\/\/placessites.com\/fr\/wp-json\/wp\/v2\/product_brand?post=16368"},{"taxonomy":"product_cat","embeddable":true,"href":"https:\/\/placessites.com\/fr\/wp-json\/wp\/v2\/product_cat?post=16368"},{"taxonomy":"product_tag","embeddable":true,"href":"https:\/\/placessites.com\/fr\/wp-json\/wp\/v2\/product_tag?post=16368"}],"curies":[{"name":"wp","href":"https:\/\/api.w.org\/{rel}","templated":true}]}}