{"id":15718,"date":"2025-12-18T13:18:20","date_gmt":"2025-12-18T13:18:20","guid":{"rendered":"https:\/\/placessites.com\/?post_type=product&#038;p=15718"},"modified":"2026-02-14T02:33:53","modified_gmt":"2026-02-14T02:33:53","slug":"excursion-en-catamaran-sur-lile-de-saona-tout-compris","status":"publish","type":"product","link":"https:\/\/placessites.com\/fr\/tournee\/excursion-en-catamaran-sur-lile-de-saona-tout-compris\/","title":{"rendered":"\u00cele de Saona : Excursion en catamaran \u00e0 l'\u00eele de Saona All Inclusive"},"content":{"rendered":"<p>\u00cele de Saona : Excursion en catamaran \u00e0 l'\u00eele de Saona All Inclusive<\/p>\n<p>Lors de ce circuit sur l'\u00eele de Saona, vous vivrez une exp\u00e9rience unique qui vous transportera dans un paradis tropical au c\u0153ur des Cara\u00efbes. L'\u00eele de Saona est connue pour ses plages de sable blanc, ses eaux cristallines et ses paysages impressionnants.<\/p>\n<p>Commencez un voyage passionnant avec une prise en charge et un trajet jusqu'\u00e0 Bayahibe, o\u00f9 votre aventure passionnante commence. \u00c0 Bayahibe, vous embarquerez \u00e0 bord d'un catamaran o\u00f9 cette merveilleuse aventure commencera.<\/p>\n<p>Au cours de votre visite, vous ferez une pause pour vous immerger dans une piscine naturelle paisible aux eaux cristallines et peu profondes, qui abrite de grandes \u00e9toiles de mer.<\/p>\n<p>Une fois arriv\u00e9 sur l'\u00eele de Saona, vous aurez la libert\u00e9 de choisir parmi diverses activit\u00e9s. Vous pouvez vous immerger dans les eaux turquoises, profiter de l'open bar, vous d\u00e9tendre dans les hamacs sur la plage, vous promener le long du rivage ou participer \u00e0 une partie de volley-ball anim\u00e9e.<\/p>\n<div class=\"toggle-content__content toggle-content__content--expanded toggle-content__content--packable\" data-v-59485d64=\"\">\n<div data-test-id=\"activity-full-description-text\" data-v-5835c99c=\"\">Vous vous r\u00e9galerez d'un d\u00e9jeuner dominicain traditionnel qui comprendra de d\u00e9licieuses options telles que du poulet, du porc, du riz, des haricots, de la salade et des fruits frais.<\/div>\n<\/div>\n<div class=\"toggle-content__label-placeholder\" data-v-59485d64=\"\"><\/div>","protected":false},"excerpt":{"rendered":"<div data-track=\"overview\" data-v-83a2b402=\"\">\n<section id=\"activity-overview\" class=\"activity-overview\" data-component=\"overview\" data-v-83a2b402=\"\" data-v-f3236c42=\"\">\n<p class=\"activity-overview__content\" data-test-id=\"activity-overview-content\" data-v-f3236c42=\"\">Vivez l'exp\u00e9rience merveilleuse de l'\u00eele de Saona, l'excursion la plus populaire en R\u00e9publique dominicaine. Embarquez pour une croisi\u00e8re aventureuse, profitez d'une plage de sable blanc et d'une piscine naturelle.<\/p>\n<\/section>\n<\/div>\n<div data-track=\"key-details\" data-v-83a2b402=\"\"><\/div>","protected":false},"featured_media":15914,"template":"","meta":[],"product_brand":[],"product_cat":[97,98],"product_tag":[101,102],"class_list":{"0":"post-15718","1":"product","2":"type-product","3":"status-publish","4":"has-post-thumbnail","6":"product_cat-dominican-republic","7":"product_cat-saona-island","8":"product_tag-excursion","9":"product_tag-tour","11":"first","12":"instock","13":"sale","14":"shipping-taxable","15":"product-type-external"},"_links":{"self":[{"href":"https:\/\/placessites.com\/fr\/wp-json\/wp\/v2\/product\/15718","targetHints":{"allow":["GET"]}}],"collection":[{"href":"https:\/\/placessites.com\/fr\/wp-json\/wp\/v2\/product"}],"about":[{"href":"https:\/\/placessites.com\/fr\/wp-json\/wp\/v2\/types\/product"}],"wp:featuredmedia":[{"embeddable":true,"href":"https:\/\/placessites.com\/fr\/wp-json\/wp\/v2\/media\/15914"}],"wp:attachment":[{"href":"https:\/\/placessites.com\/fr\/wp-json\/wp\/v2\/media?parent=15718"}],"wp:term":[{"taxonomy":"product_brand","embeddable":true,"href":"https:\/\/placessites.com\/fr\/wp-json\/wp\/v2\/product_brand?post=15718"},{"taxonomy":"product_cat","embeddable":true,"href":"https:\/\/placessites.com\/fr\/wp-json\/wp\/v2\/product_cat?post=15718"},{"taxonomy":"product_tag","embeddable":true,"href":"https:\/\/placessites.com\/fr\/wp-json\/wp\/v2\/product_tag?post=15718"}],"curies":[{"name":"wp","href":"https:\/\/api.w.org\/{rel}","templated":true}]}}