{"id":15677,"date":"2025-12-18T13:15:58","date_gmt":"2025-12-18T13:15:58","guid":{"rendered":"https:\/\/placessites.com\/?post_type=product&#038;p=15677"},"modified":"2026-02-14T02:31:50","modified_gmt":"2026-02-14T02:31:50","slug":"bavaro-saona-island-vip-speedboat-tour-with-open-bar","status":"publish","type":"product","link":"https:\/\/placessites.com\/fr\/tournee\/bavaro-saona-island-vip-speedboat-tour-with-open-bar\/","title":{"rendered":"Bavaro : Excursion en hors-bord VIP sur l'\u00eele de Saona avec Open Bar"},"content":{"rendered":"<p>Bavaro : d\u00e9couvrez l'exclusivit\u00e9 d'une excursion en hors-bord VIP sur l'\u00eele de Saona avec un open bar<\/p>\n<p>Avez-vous d\u00e9j\u00e0 imagin\u00e9 vous promener seul sur une plage \u00e0 couper le souffle, avec d'interminables \u00e9tendues de sable dor\u00e9 scintillant sous le soleil ?<\/p>\n<p>Cette activit\u00e9 remarquable est con\u00e7ue pour vous permettre d'\u00e9chapper \u00e0 l'agitation des lieux touristiques typiques et de vous immerger dans la tranquillit\u00e9 de la nature. Rejoignez-nous pour cette excursion exclusive sur l'\u00eele de Saona, o\u00f9 vous d\u00e9couvrirez quelques-unes des plus belles plages de la r\u00e9gion.<\/p>\n<p>Dans le cadre de cette excursion enchanteresse, vous aurez l'occasion de vous d\u00e9tendre sur des rivages pittoresques, d'explorer un charmant village de p\u00eacheurs traditionnel et de plonger dans les eaux cristallines et rafra\u00eechissantes pour une exp\u00e9rience inoubliable de plong\u00e9e avec masque et tuba. \u00c9merveillez-vous devant la vie sous-marine vibrante et prenez un moment pour vous pr\u00e9lasser dans les piscines naturelles remplies d'\u00e9toiles de mer, cr\u00e9ant ainsi de parfaites occasions de prendre des photos.<\/p>\n<p>Avant de finaliser votre r\u00e9servation, prenez le temps de choisir entre l'option Low Cost et l'option VIP, chacune pr\u00e9sentant des caract\u00e9ristiques et des d\u00e9tails d'itin\u00e9raire uniques pour r\u00e9pondre \u00e0 vos pr\u00e9f\u00e9rences.<\/p>\n<p>Tout au long de la journ\u00e9e, vous pourrez d\u00e9guster un d\u00e9licieux d\u00e9jeuner aux saveurs locales, ainsi que des en-cas froids qui vous permettront de faire le plein d'\u00e9nergie tout en profitant du soleil et de la mer. \u00c9tanchez votre soif avec un \u00e9ventail de boissons gratuites et de boissons non alcoolis\u00e9es disponibles \u00e0 l'open bar.<\/p>\n<p>Pr\u00e9parez-vous \u00e0 une journ\u00e9e remplie d'aventures et de d\u00e9tente sur l'\u00eele idyllique de Saona. Nous nous r\u00e9jouissons de vous accueillir pour une exp\u00e9rience inoubliable !<\/p>","protected":false},"excerpt":{"rendered":"<div data-track=\"overview\" data-v-83a2b402=\"\">\n<section id=\"activity-overview\" class=\"activity-overview\" data-component=\"overview\" data-v-83a2b402=\"\" data-v-f3236c42=\"\">\n<p class=\"activity-overview__content\" data-test-id=\"activity-overview-content\" data-v-f3236c42=\"\">Le circuit de l'\u00eele de Saona vous emm\u00e8ne dans l'une des destinations les plus paradisiaques de la R\u00e9publique dominicaine. Ce circuit est id\u00e9al pour ceux qui souhaitent se d\u00e9tendre et profiter de plages spectaculaires.<\/p>\n<\/section>\n<\/div>\n<div data-track=\"key-details\" data-v-83a2b402=\"\"><\/div>","protected":false},"featured_media":15871,"template":"","meta":[],"product_brand":[],"product_cat":[97,98],"product_tag":[101,102],"class_list":{"0":"post-15677","1":"product","2":"type-product","3":"status-publish","4":"has-post-thumbnail","6":"product_cat-dominican-republic","7":"product_cat-saona-island","8":"product_tag-excursion","9":"product_tag-tour","11":"first","12":"instock","13":"sale","14":"shipping-taxable","15":"product-type-external"},"_links":{"self":[{"href":"https:\/\/placessites.com\/fr\/wp-json\/wp\/v2\/product\/15677","targetHints":{"allow":["GET"]}}],"collection":[{"href":"https:\/\/placessites.com\/fr\/wp-json\/wp\/v2\/product"}],"about":[{"href":"https:\/\/placessites.com\/fr\/wp-json\/wp\/v2\/types\/product"}],"wp:featuredmedia":[{"embeddable":true,"href":"https:\/\/placessites.com\/fr\/wp-json\/wp\/v2\/media\/15871"}],"wp:attachment":[{"href":"https:\/\/placessites.com\/fr\/wp-json\/wp\/v2\/media?parent=15677"}],"wp:term":[{"taxonomy":"product_brand","embeddable":true,"href":"https:\/\/placessites.com\/fr\/wp-json\/wp\/v2\/product_brand?post=15677"},{"taxonomy":"product_cat","embeddable":true,"href":"https:\/\/placessites.com\/fr\/wp-json\/wp\/v2\/product_cat?post=15677"},{"taxonomy":"product_tag","embeddable":true,"href":"https:\/\/placessites.com\/fr\/wp-json\/wp\/v2\/product_tag?post=15677"}],"curies":[{"name":"wp","href":"https:\/\/api.w.org\/{rel}","templated":true}]}}