{"id":15166,"date":"2025-12-18T12:50:40","date_gmt":"2025-12-18T12:50:40","guid":{"rendered":"https:\/\/placessites.com\/?post_type=product&#038;p=15166"},"modified":"2026-02-12T04:15:02","modified_gmt":"2026-02-12T04:15:02","slug":"au-depart-de-punta-cana-excursion-dune-journee-sur-lile-de-saona-avec-dejeuner-buffet","status":"publish","type":"product","link":"https:\/\/placessites.com\/fr\/tournee\/au-depart-de-punta-cana-excursion-dune-journee-sur-lile-de-saona-avec-dejeuner-buffet\/","title":{"rendered":"Au d\u00e9part de Punta Cana : Excursion d'une journ\u00e9e sur l'\u00eele de Saona avec d\u00e9jeuner buffet"},"content":{"rendered":"<p>Excursion d'une journ\u00e9e sur l'\u00eele de Saona avec d\u00e9jeuner buffet au d\u00e9part de Punta Cana<\/p>\n<p>Embarquez pour une aventure inoubliable avec une d\u00e9licieuse excursion d'une journ\u00e9e sur l'\u00eele de Saona, en commen\u00e7ant par une prise en charge pratique \u00e0 votre h\u00f4tel ou au point de rencontre d\u00e9sign\u00e9 \u00e0 Punta Cana. Une fois \u00e0 bord, vous serez conduit \u00e0 un endroit proche o\u00f9 vous pourrez prendre un caf\u00e9 ou une collation \u00e0 la sup\u00e9rette avant de commencer notre voyage vers Bayahibe et l'excursion d'une journ\u00e9e avec d\u00e9jeuner buffet.<\/p>\n<p>Au cours de votre voyage, vous serez \u00e9merveill\u00e9 par les paysages pittoresques qui vous entourent, caract\u00e9ris\u00e9s par une verdure luxuriante et des vues sur la c\u00f4te carib\u00e9enne. \u00c0 votre arriv\u00e9e \u00e0 Bayahibe, vous monterez \u00e0 bord d'un confortable v\u00e9hicule d'excursion qui vous emm\u00e8nera au c\u0153ur du parc national de l'Est. Cette zone prot\u00e9g\u00e9e est r\u00e9put\u00e9e pour sa beaut\u00e9 naturelle \u00e0 couper le souffle, avec ses mangroves vibrantes, ses r\u00e9cifs coralliens color\u00e9s et ses plages immacul\u00e9es comme celle de Palmilla. Vous y trouverez un sable jaune, doux et poudreux, compl\u00e9t\u00e9 par des palmiers arracacha qui se balancent et cr\u00e9ent un paradis pittoresque.<\/p>\n<p>Apr\u00e8s un trajet pittoresque, vous arriverez \u00e0 l'\u00eele de Saona, o\u00f9 un monde de loisirs vous attend. Passez la journ\u00e9e \u00e0 vous d\u00e9tendre sur les rivages sablonneux ou \u00e0 explorer les merveilles naturelles de l'\u00eele. Prenez un bain rafra\u00eechissant dans l'une des c\u00e9l\u00e8bres piscines naturelles de l'\u00eele, o\u00f9 les eaux calmes et peu profondes de la mer des Cara\u00efbes sont parfaites pour patauger et se rafra\u00eechir. L'environnement serein garantit que les eaux sont douces, ne montant qu'aux genoux, ce qui en fait un endroit id\u00e9al pour les familles et les personnes souhaitant se d\u00e9tendre.<\/p>\n<p>\u00c0 l'approche de midi, savourez un d\u00e9licieux d\u00e9jeuner-buffet install\u00e9 sur la plage, compos\u00e9 d'une vari\u00e9t\u00e9 de plats locaux et de saveurs fra\u00eeches qui satisferont votre app\u00e9tit. Avec le bruit des vagues en arri\u00e8re-plan, savourez votre repas dans ce cadre idyllique.<\/p>\n<p>Apr\u00e8s le d\u00e9jeuner, vous pourrez vous adonner \u00e0 toute une s\u00e9rie d'activit\u00e9s passionnantes pour d\u00e9penser de l'\u00e9nergie. Participez \u00e0 des s\u00e9ances de danse anim\u00e9es, baignez-vous dans les eaux claires ou prenez un \u00e9quipement de plong\u00e9e avec tuba pour explorer la vie marine vibrante qui se trouve juste sous la surface. Que vous vous pr\u00e9lassiez sur la plage, dansiez avec vos amis ou d\u00e9couvriez les merveilles sous-marines, cette excursion d'une journ\u00e9e sera remplie d'exp\u00e9riences amusantes et m\u00e9morables et d'une excursion d'une journ\u00e9e avec d\u00e9jeuner-buffet.<\/p>\n<p>\u00c0 la fin de la journ\u00e9e, vous reviendrez \u00e0 <a href=\"https:\/\/bookingadventures.tours\/booking.php?slug=Punta_Cana_Catamaran_Boat_to_Saona_Island_with_Buffet_Lunch\" target=\"_blank\" rel=\"noopener\">Punta Cana<\/a>, Vous pourrez ainsi emporter avec vous de merveilleux souvenirs de votre aventure sur l'\u00eele de Saona.<\/p>","protected":false},"excerpt":{"rendered":"<div data-track=\"overview\" data-v-83a2b402=\"\">\n<section id=\"activity-overview\" class=\"activity-overview\" data-component=\"overview\" data-v-83a2b402=\"\" data-v-f3236c42=\"\">\n<p class=\"activity-overview__content\" data-test-id=\"activity-overview-content\" data-v-f3236c42=\"\">Profitez d'une excursion d'une journ\u00e9e sur l'\u00eele de Saona au d\u00e9part de Punta Cana. D\u00e9tendez-vous sur les plages de sable blanc, promenez-vous dans les piscines naturelles, nagez dans les eaux cristallines de la mer des Cara\u00efbes et savourez un d\u00e9licieux d\u00e9jeuner buffet.<\/p>\n<\/section>\n<\/div>\n<div data-track=\"key-details\" data-v-83a2b402=\"\"><\/div>","protected":false},"featured_media":15385,"template":"","meta":[],"product_brand":[],"product_cat":[97,98],"product_tag":[101,102],"class_list":{"0":"post-15166","1":"product","2":"type-product","3":"status-publish","4":"has-post-thumbnail","6":"product_cat-dominican-republic","7":"product_cat-saona-island","8":"product_tag-excursion","9":"product_tag-tour","11":"first","12":"instock","13":"sale","14":"shipping-taxable","15":"product-type-external"},"_links":{"self":[{"href":"https:\/\/placessites.com\/fr\/wp-json\/wp\/v2\/product\/15166","targetHints":{"allow":["GET"]}}],"collection":[{"href":"https:\/\/placessites.com\/fr\/wp-json\/wp\/v2\/product"}],"about":[{"href":"https:\/\/placessites.com\/fr\/wp-json\/wp\/v2\/types\/product"}],"wp:featuredmedia":[{"embeddable":true,"href":"https:\/\/placessites.com\/fr\/wp-json\/wp\/v2\/media\/15385"}],"wp:attachment":[{"href":"https:\/\/placessites.com\/fr\/wp-json\/wp\/v2\/media?parent=15166"}],"wp:term":[{"taxonomy":"product_brand","embeddable":true,"href":"https:\/\/placessites.com\/fr\/wp-json\/wp\/v2\/product_brand?post=15166"},{"taxonomy":"product_cat","embeddable":true,"href":"https:\/\/placessites.com\/fr\/wp-json\/wp\/v2\/product_cat?post=15166"},{"taxonomy":"product_tag","embeddable":true,"href":"https:\/\/placessites.com\/fr\/wp-json\/wp\/v2\/product_tag?post=15166"}],"curies":[{"name":"wp","href":"https:\/\/api.w.org\/{rel}","templated":true}]}}