{"id":14971,"date":"2025-12-18T12:42:05","date_gmt":"2025-12-18T12:42:05","guid":{"rendered":"https:\/\/placessites.com\/?post_type=product&#038;p=14971"},"modified":"2026-02-12T03:09:36","modified_gmt":"2026-02-12T03:09:36","slug":"-331","status":"publish","type":"product","link":"https:\/\/placessites.com\/fr\/tournee\/-331\/","title":{"rendered":"\u00cele de Saona Depuis Saint-Domingue Avec Catamara et nourriture boisson"},"content":{"rendered":"<section class=\"full-description activity-experience__item\" data-test-id=\"activity-full-description\" data-v-2760aec9=\"\" data-v-5835c99c=\"\">\n<div class=\"activity-accordion-item\" data-v-5835c99c=\"\">\n<div class=\"activity-accordion-item__content--hidden activity-accordion-item__content\">\n<section class=\"toggle-content\" data-v-5835c99c=\"\" data-v-59485d64=\"\">\n<div class=\"toggle-content__content\" data-v-59485d64=\"\">\n<div data-test-id=\"activity-full-description-text\" data-v-5835c99c=\"\">\u00cele de Saona Depuis Saint-Domingue Avec Catamara et nourriture boisson<\/div>\n<div data-test-id=\"activity-full-description-text\" data-v-5835c99c=\"\"><\/div>\n<div data-test-id=\"activity-full-description-text\" data-v-5835c99c=\"\">Embarquez pour une journ\u00e9e d'excursion inoubliable sur l'\u00eele de Saona, un paradis tropical situ\u00e9 \u00e0 quelques encablures de Saint-Domingue. Commencez votre aventure sur un catamaran spacieux, glissant sur les eaux azur\u00e9es depuis Bayahibe. En chemin, vous aurez l'occasion de vous arr\u00eater \u00e0 l'\u00e9tonnant Lagon Bleu, o\u00f9 les eaux cristallines vous invitent \u00e0 nager et \u00e0 vous d\u00e9tendre au soleil.<\/div>\n<div data-test-id=\"activity-full-description-text\" data-v-5835c99c=\"\"><\/div>\n<div data-test-id=\"activity-full-description-text\" data-v-5835c99c=\"\">Au cours de la journ\u00e9e, vous pourrez vous laisser tenter par un d\u00e9licieux d\u00e9jeuner buffet servi sur le sable doux de la plage, entour\u00e9 de palmiers qui se balancent et du doux bruit des vagues qui s'\u00e9chouent sur le rivage. Cette exp\u00e9rience enchanteresse associe une beaut\u00e9 naturelle \u00e0 couper le souffle \u00e0 de d\u00e9licieuses sp\u00e9cialit\u00e9s culinaires, et vous laissera un souvenir imp\u00e9rissable de votre visite sur l'\u00eele de Saona.<\/div>\n<\/div>\n<\/section>\n<\/div>\n<\/div>\n<\/section>\n<section class=\"activity-includes activity-experience__item\" data-test-id=\"activity-includes-section\" data-v-2760aec9=\"\" data-v-7976cbc6=\"\">\n<div class=\"activity-accordion-item\" data-v-7976cbc6=\"\">\n<div class=\"activity-accordion-item-header\"><\/div>\n<\/div>\n<\/section>","protected":false},"excerpt":{"rendered":"<div data-track=\"overview\" data-v-83a2b402=\"\">\n<section id=\"activity-overview\" class=\"activity-overview\" data-component=\"overview\" data-v-83a2b402=\"\" data-v-f3236c42=\"\">\n<p class=\"activity-overview__content\" data-test-id=\"activity-overview-content\" data-v-f3236c42=\"\">L'\u00eele de Saona est une excursion d'une journ\u00e9e \u00e0 partir de Saint-Domingue. Le bateau part de Bayahibe, s'arr\u00eate \u00e0 la lagune bleue et savoure un d\u00e9jeuner buffet sur la plage.<\/p>\n<\/section>\n<\/div>\n<div data-track=\"key-details\" data-v-83a2b402=\"\"><\/div>","protected":false},"featured_media":15191,"template":"","meta":[],"product_brand":[],"product_cat":[97,98],"product_tag":[101,102],"class_list":{"0":"post-14971","1":"product","2":"type-product","3":"status-publish","4":"has-post-thumbnail","6":"product_cat-dominican-republic","7":"product_cat-saona-island","8":"product_tag-excursion","9":"product_tag-tour","11":"first","12":"instock","13":"sale","14":"shipping-taxable","15":"product-type-external"},"_links":{"self":[{"href":"https:\/\/placessites.com\/fr\/wp-json\/wp\/v2\/product\/14971","targetHints":{"allow":["GET"]}}],"collection":[{"href":"https:\/\/placessites.com\/fr\/wp-json\/wp\/v2\/product"}],"about":[{"href":"https:\/\/placessites.com\/fr\/wp-json\/wp\/v2\/types\/product"}],"wp:featuredmedia":[{"embeddable":true,"href":"https:\/\/placessites.com\/fr\/wp-json\/wp\/v2\/media\/15191"}],"wp:attachment":[{"href":"https:\/\/placessites.com\/fr\/wp-json\/wp\/v2\/media?parent=14971"}],"wp:term":[{"taxonomy":"product_brand","embeddable":true,"href":"https:\/\/placessites.com\/fr\/wp-json\/wp\/v2\/product_brand?post=14971"},{"taxonomy":"product_cat","embeddable":true,"href":"https:\/\/placessites.com\/fr\/wp-json\/wp\/v2\/product_cat?post=14971"},{"taxonomy":"product_tag","embeddable":true,"href":"https:\/\/placessites.com\/fr\/wp-json\/wp\/v2\/product_tag?post=14971"}],"curies":[{"name":"wp","href":"https:\/\/api.w.org\/{rel}","templated":true}]}}