{"id":14851,"date":"2025-12-18T12:37:01","date_gmt":"2025-12-18T12:37:01","guid":{"rendered":"https:\/\/placessites.com\/?post_type=product&#038;p=14851"},"modified":"2026-02-11T10:58:58","modified_gmt":"2026-02-11T10:58:58","slug":"visite-de-lile-de-saona-au-depart-de-punta-cana-bavaro-2","status":"publish","type":"product","link":"https:\/\/placessites.com\/fr\/tournee\/visite-de-lile-de-saona-au-depart-de-punta-cana-bavaro-2\/","title":{"rendered":"Circuit des d\u00e9lices de l'\u00eele de Saona au d\u00e9part de Punta Cana \/ Bavaro"},"content":{"rendered":"<p>Circuit des d\u00e9lices de l'\u00eele de Saona au d\u00e9part de Punta Cana \/ Bavaro<\/p>\n<p>Embarquez pour une excursion inoubliable sur l'\u00eele de Saona, un paradis tropical au c\u0153ur de la mer des Cara\u00efbes. Cette excursion vous permettra d'explorer certaines des plus belles plages de la R\u00e9publique dominicaine, connues pour leur sable blanc et leurs eaux cristallines.<\/p>\n<p>Votre aventure commence par une excitante promenade en hors-bord, o\u00f9 vous vous arr\u00eaterez aux c\u00e9l\u00e8bres piscines naturelles de l'\u00eele. Vous pourrez y nager et vous d\u00e9tendre dans des eaux peu profondes, entour\u00e9 d'\u00e9toiles de mer et d'une vue incroyable sur l'oc\u00e9an.<\/p>\n<p>\u00c0 votre arriv\u00e9e sur l'\u00eele de Saona, vous aurez le temps de vous d\u00e9tendre sur la plage, de prendre un bain de soleil et de profiter du cadre paradisiaque. Pour le d\u00e9jeuner, un d\u00e9licieux buffet vous attend avec des plats typiquement dominicains, notamment du poisson frais, du poulet grill\u00e9, du riz, des salades et des fruits tropicaux, les D\u00e9lices de l'\u00eele de Saona.<\/p>\n<p>Apr\u00e8s le d\u00e9jeuner, vous aurez du temps libre pour explorer l'\u00eele, prendre des photos ou simplement vous d\u00e9tendre sous les palmiers. Pour le retour, vous changerez de rythme avec une promenade en catamaran, o\u00f9 vous pourrez profiter de la musique, des boissons et d'une ambiance festive pendant que vous naviguerez vers le continent.<\/p>\n<p>Cette excursion est parfaite pour ceux qui recherchent une combinaison de d\u00e9tente, d'aventure et de beaut\u00e9 naturelle de la R\u00e9publique dominicaine, les d\u00e9lices de l'\u00eele de Saona.<\/p>","protected":false},"excerpt":{"rendered":"<div data-track=\"overview\" data-v-83a2b402=\"\">\n<section id=\"activity-overview\" class=\"activity-overview\" data-component=\"overview\" data-v-83a2b402=\"\" data-v-f3236c42=\"\">\n<p class=\"activity-overview__content\" data-test-id=\"activity-overview-content\" data-v-f3236c42=\"\">Profitez d'une journ\u00e9e sur l'\u00eele de Saona : d\u00e9tendez-vous sur les plages de sable blanc, nagez dans les eaux cristallines, dans les piscines naturelles et d\u00e9gustez un d\u00e9jeuner dominicain typique dans un paradis tropical.<\/p>\n<\/section>\n<\/div>\n<div data-track=\"key-details\" data-v-83a2b402=\"\"><\/div>","protected":false},"featured_media":13811,"template":"","meta":[],"product_brand":[],"product_cat":[97,98],"product_tag":[101,102],"class_list":{"0":"post-14851","1":"product","2":"type-product","3":"status-publish","4":"has-post-thumbnail","6":"product_cat-dominican-republic","7":"product_cat-saona-island","8":"product_tag-excursion","9":"product_tag-tour","11":"first","12":"instock","13":"shipping-taxable","14":"product-type-external"},"_links":{"self":[{"href":"https:\/\/placessites.com\/fr\/wp-json\/wp\/v2\/product\/14851","targetHints":{"allow":["GET"]}}],"collection":[{"href":"https:\/\/placessites.com\/fr\/wp-json\/wp\/v2\/product"}],"about":[{"href":"https:\/\/placessites.com\/fr\/wp-json\/wp\/v2\/types\/product"}],"wp:featuredmedia":[{"embeddable":true,"href":"https:\/\/placessites.com\/fr\/wp-json\/wp\/v2\/media\/13811"}],"wp:attachment":[{"href":"https:\/\/placessites.com\/fr\/wp-json\/wp\/v2\/media?parent=14851"}],"wp:term":[{"taxonomy":"product_brand","embeddable":true,"href":"https:\/\/placessites.com\/fr\/wp-json\/wp\/v2\/product_brand?post=14851"},{"taxonomy":"product_cat","embeddable":true,"href":"https:\/\/placessites.com\/fr\/wp-json\/wp\/v2\/product_cat?post=14851"},{"taxonomy":"product_tag","embeddable":true,"href":"https:\/\/placessites.com\/fr\/wp-json\/wp\/v2\/product_tag?post=14851"}],"curies":[{"name":"wp","href":"https:\/\/api.w.org\/{rel}","templated":true}]}}