{"id":14712,"date":"2025-12-18T12:30:27","date_gmt":"2025-12-18T12:30:27","guid":{"rendered":"https:\/\/placessites.com\/?post_type=product&#038;p=14712"},"modified":"2026-02-11T10:51:54","modified_gmt":"2026-02-11T10:51:54","slug":"-310","status":"publish","type":"product","link":"https:\/\/placessites.com\/fr\/tournee\/-310\/","title":{"rendered":"\u00cele de Saona priv\u00e9e : Excursion en bateau rapide depuis Punta Cana"},"content":{"rendered":"<p>\u00cele de Saona priv\u00e9e : Excursion en bateau rapide depuis Punta Cana<\/p>\n<p>D\u00e9couvrez l'\u00eele enchanteresse de Saona comme jamais auparavant gr\u00e2ce \u00e0 cette excursion priv\u00e9e exclusive en hors-bord ! Cette aventure est une f\u00eate pour les sens, vous offrant un m\u00e9lange de beaut\u00e9 naturelle immacul\u00e9e, de culture carib\u00e9enne vibrante et d'une abondance de vie marine. Votre voyage sera une escapade personnalis\u00e9e au paradis, vous donnant la libert\u00e9 d'explorer la beaut\u00e9 inexploit\u00e9e de l'\u00eele \u00e0 votre propre rythme.<\/p>\n<p>Points de vente uniques :<\/p>\n<p>Votre journ\u00e9e commence par une prise en charge \u00e0 l'h\u00f4tel, qui vous emm\u00e8ne sur votre hors-bord priv\u00e9. Le speedboat sillonne les eaux cristallines et se dirige vers l'\u00e9poustouflante \u00eele priv\u00e9e de Saona. Ici, vous aurez la possibilit\u00e9 d'adapter votre itin\u00e9raire, ce qui vous garantira une exp\u00e9rience vraiment personnalis\u00e9e. Que vous souhaitiez vous pr\u00e9lasser au soleil sur les plages immacul\u00e9es de l'\u00eele, faire de la plong\u00e9e avec masque et tuba au milieu des r\u00e9cifs coralliens color\u00e9s, ou simplement vous d\u00e9tendre et vous impr\u00e9gner de la s\u00e9r\u00e9nit\u00e9 des lieux, le choix vous appartient !<\/p>\n<p>Itin\u00e9raire et caract\u00e9ristiques principales :<\/p>\n<p>- Prise en charge \u00e0 l'h\u00f4tel : Votre voyage commence par une prise en charge confortable \u00e0 votre h\u00f4tel, donnant le ton \u00e0 une journ\u00e9e d'aventure.<\/p>\n<p>- Excursion en hors-bord : Vivez l'exaltation en parcourant les eaux turquoises \u00e0 bord de votre hors-bord priv\u00e9.<\/p>\n<p>- Exploration de l'\u00eele de Saona : D\u00e9couvrez les plages immacul\u00e9es de l'\u00eele, ses paysages luxuriants et sa vie marine dynamique. Adaptez votre exploration \u00e0 vos int\u00e9r\u00eats, qu'il s'agisse de vous d\u00e9tendre sur la plage, de faire de la plong\u00e9e avec masque et tuba ou d'explorer la beaut\u00e9 naturelle de l'\u00eele.<\/p>\n<p>- Visite de Mano Juan : Explorez le pittoresque village de p\u00eacheurs de Mano Juan et d\u00e9couvrez le mode de vie local. Observez les efforts de conservation du sanctuaire des tortues et achetez peut-\u00eatre un souvenir aupr\u00e8s des artisans locaux.<\/p>\n<p>- Voyage de retour : \u00c0 la fin de la journ\u00e9e, vous retournerez \u00e0 votre h\u00f4tel, enrichi de souvenirs inoubliables et peut-\u00eatre d'un \u00e9clat de soleil.<\/p>\n<p>Fin :<\/p>\n<p>Votre journ\u00e9e d'exploration de l'\u00eele se termine par un trajet relaxant en bateau rapide jusqu'au continent, o\u00f9 vous serez confortablement ramen\u00e9 \u00e0 votre h\u00f4tel, vous laissant libre de r\u00e9fl\u00e9chir \u00e0 votre journ\u00e9e d'aventure et d'exploration dans ce paradis des Cara\u00efbes.<\/p>\n<div class=\"toggle-content__content toggle-content__content--expanded toggle-content__content--packable\" data-v-59485d64=\"\">\n<div data-test-id=\"activity-full-description-text\" data-v-5835c99c=\"\">Ce circuit priv\u00e9 vous garantit un voyage aussi tranquille ou aussi anim\u00e9 que vous le souhaitez, vous permettant de vous immerger dans le charme et la beaut\u00e9 naturelle de l'\u00eele et de cr\u00e9er des souvenirs qui dureront toute une vie !<\/div>\n<\/div>\n<div class=\"toggle-content__label-placeholder\" data-v-59485d64=\"\"><\/div>","protected":false},"excerpt":{"rendered":"<div data-track=\"overview\" data-v-83a2b402=\"\">\n<section id=\"activity-overview\" class=\"activity-overview\" data-component=\"overview\" data-v-83a2b402=\"\" data-v-f3236c42=\"\">\n<p class=\"activity-overview__content\" data-test-id=\"activity-overview-content\" data-v-f3236c42=\"\">Embarquez pour une passionnante excursion priv\u00e9e en hors-bord sur l'\u00e9tonnante \u00eele de Saona ! D\u00e9couvrez la vie marine vibrante, les plages immacul\u00e9es et explorez le charmant village de p\u00eacheurs de Mano Juan.<\/p>\n<\/section>\n<\/div>\n<div data-track=\"key-details\" data-v-83a2b402=\"\"><\/div>","protected":false},"featured_media":13664,"template":"","meta":[],"product_brand":[],"product_cat":[97,98],"product_tag":[101,102],"class_list":{"0":"post-14712","1":"product","2":"type-product","3":"status-publish","4":"has-post-thumbnail","6":"product_cat-dominican-republic","7":"product_cat-saona-island","8":"product_tag-excursion","9":"product_tag-tour","11":"first","12":"instock","13":"sale","14":"shipping-taxable","15":"product-type-external"},"_links":{"self":[{"href":"https:\/\/placessites.com\/fr\/wp-json\/wp\/v2\/product\/14712","targetHints":{"allow":["GET"]}}],"collection":[{"href":"https:\/\/placessites.com\/fr\/wp-json\/wp\/v2\/product"}],"about":[{"href":"https:\/\/placessites.com\/fr\/wp-json\/wp\/v2\/types\/product"}],"wp:featuredmedia":[{"embeddable":true,"href":"https:\/\/placessites.com\/fr\/wp-json\/wp\/v2\/media\/13664"}],"wp:attachment":[{"href":"https:\/\/placessites.com\/fr\/wp-json\/wp\/v2\/media?parent=14712"}],"wp:term":[{"taxonomy":"product_brand","embeddable":true,"href":"https:\/\/placessites.com\/fr\/wp-json\/wp\/v2\/product_brand?post=14712"},{"taxonomy":"product_cat","embeddable":true,"href":"https:\/\/placessites.com\/fr\/wp-json\/wp\/v2\/product_cat?post=14712"},{"taxonomy":"product_tag","embeddable":true,"href":"https:\/\/placessites.com\/fr\/wp-json\/wp\/v2\/product_tag?post=14712"}],"curies":[{"name":"wp","href":"https:\/\/api.w.org\/{rel}","templated":true}]}}