{"id":14700,"date":"2025-12-18T12:29:53","date_gmt":"2025-12-18T12:29:53","guid":{"rendered":"https:\/\/placessites.com\/?post_type=product&#038;p=14700"},"modified":"2025-12-18T12:39:39","modified_gmt":"2025-12-18T12:39:39","slug":"au-depart-de-punta-cana-ou-de-la-romana-excursion-culturelle-a-saint-domingue","status":"publish","type":"product","link":"https:\/\/placessites.com\/fr\/tournee\/au-depart-de-punta-cana-ou-de-la-romana-excursion-culturelle-a-saint-domingue\/","title":{"rendered":"Depuis Punta Cana ou La Romana : excursion culturelle \u00e0 Saint-Domingue"},"content":{"rendered":"<p>Commencez l'aventure par une visite de la grotte de Los Tres Ojos, qui abrite de superbes lacs d'eau douce dans une grotte captivante. Explorez l'ext\u00e9rieur du phare de Columbus, dont on dit qu'il abrite les restes de l'explorateur.<\/p>\n<p>Admirez l'architecture n\u00e9oclassique du palais pr\u00e9sidentiel et plongez au c\u0153ur de l'histoire de Saint-Domingue dans la Ciudad Colonial. La Cath\u00e9drale Primada de America, la Calle de Las Damas et le Panth\u00e9on national en sont les points forts. La Plaza de Espa\u00f1a offre une vue imprenable sur la rivi\u00e8re Ozama et abrite l'Alc\u00e1zar de Col\u00f3n, l'ancienne r\u00e9sidence de l'amiral.<\/p>\n<p>Visite d'un magasin de souvenirs pour d\u00e9couvrir l'unique pierre de Larimar, une exclusivit\u00e9 de la R\u00e9publique dominicaine. Temps libre pour prendre un caf\u00e9 et se promener le long de la Calle El Conde. Ravitaillement avec un d\u00e9licieux d\u00e9jeuner buffet compos\u00e9 de plats typiques.<\/p>\n<p>D\u00e9tendez-vous sur le Malec\u00f3n pour admirer la mer des Cara\u00efbes depuis la capitale \u00e9galement.<\/p>","protected":false},"excerpt":{"rendered":"<div data-track=\"overview\" data-v-83a2b402=\"\">\n<section id=\"activity-overview\" class=\"activity-overview\" data-component=\"overview\" data-v-83a2b402=\"\" data-v-f3236c42=\"\">\n<p class=\"activity-overview__content\" data-test-id=\"activity-overview-content\" data-v-f3236c42=\"\">Explorez les merveilles historiques de Saint-Domingue lors d'une excursion d'une journ\u00e9e. D\u00e9couvrez l'h\u00e9ritage de la famille Columbus, visitez des sites embl\u00e9matiques et fl\u00e2nez dans la charmante Ciudad Colonial et la Grotte !<\/p>\n<\/section>\n<\/div>\n<div data-track=\"key-details\" data-v-83a2b402=\"\"><\/div>","protected":false},"featured_media":14911,"template":"","meta":[],"product_brand":[],"product_cat":[97],"product_tag":[101,102],"class_list":{"0":"post-14700","1":"product","2":"type-product","3":"status-publish","4":"has-post-thumbnail","6":"product_cat-dominican-republic","7":"product_tag-excursion","8":"product_tag-tour","10":"first","11":"instock","12":"shipping-taxable","13":"product-type-external"},"_links":{"self":[{"href":"https:\/\/placessites.com\/fr\/wp-json\/wp\/v2\/product\/14700","targetHints":{"allow":["GET"]}}],"collection":[{"href":"https:\/\/placessites.com\/fr\/wp-json\/wp\/v2\/product"}],"about":[{"href":"https:\/\/placessites.com\/fr\/wp-json\/wp\/v2\/types\/product"}],"wp:featuredmedia":[{"embeddable":true,"href":"https:\/\/placessites.com\/fr\/wp-json\/wp\/v2\/media\/14911"}],"wp:attachment":[{"href":"https:\/\/placessites.com\/fr\/wp-json\/wp\/v2\/media?parent=14700"}],"wp:term":[{"taxonomy":"product_brand","embeddable":true,"href":"https:\/\/placessites.com\/fr\/wp-json\/wp\/v2\/product_brand?post=14700"},{"taxonomy":"product_cat","embeddable":true,"href":"https:\/\/placessites.com\/fr\/wp-json\/wp\/v2\/product_cat?post=14700"},{"taxonomy":"product_tag","embeddable":true,"href":"https:\/\/placessites.com\/fr\/wp-json\/wp\/v2\/product_tag?post=14700"}],"curies":[{"name":"wp","href":"https:\/\/api.w.org\/{rel}","templated":true}]}}