{"id":13979,"date":"2025-12-18T11:57:14","date_gmt":"2025-12-18T11:57:14","guid":{"rendered":"https:\/\/placessites.com\/?post_type=product&#038;p=13979"},"modified":"2026-02-11T11:21:43","modified_gmt":"2026-02-11T11:21:43","slug":"-253","status":"publish","type":"product","link":"https:\/\/placessites.com\/fr\/tournee\/-253\/","title":{"rendered":"Journ\u00e9e compl\u00e8te sur l'\u00eele de Saona avec prise en charge \u00e0 votre h\u00f4tel Punta Cana"},"content":{"rendered":"<p>Excursion d'une journ\u00e9e sur l'\u00eele de Saona avec prise en charge \u00e0 l'h\u00f4tel \u00e0 Punta Cana<\/p>\n<p>Embarquez pour une aventure inoubliable \u00e0 Isla Saona, un paradis tropical situ\u00e9 \u00e0 l'extr\u00e9mit\u00e9 sud-est de la R\u00e9publique dominicaine. Cette \u00eele \u00e9tonnante est r\u00e9put\u00e9e pour sa beaut\u00e9 naturelle \u00e0 couper le souffle et fait partie du parc national de l'Est, ce qui en fait une destination parfaite pour les amoureux de la nature et les amateurs de plage.<\/p>\n<p>Isla Saona est un sanctuaire de merveilles naturelles in\u00e9gal\u00e9es, avec ses mangroves luxuriantes, ses r\u00e9cifs coralliens vibrants et ses plages immacul\u00e9es. L'un des points forts de l'\u00eele est la plage de La Palmilla, c\u00e9l\u00e8bre pour son incroyable sable dor\u00e9 qui s'\u00e9tend le long de la c\u00f4te, encadr\u00e9 par d'imposants palmiers arac\u00e1cea. En explorant la r\u00e9gion, vous serez captiv\u00e9 par l'atmosph\u00e8re tranquille et les paysages pittoresques qui vous entourent.<\/p>\n<p>L'une des exp\u00e9riences uniques de l'Isla Saona est la possibilit\u00e9 de s'\u00e9merveiller devant l'abondance d'\u00e9toiles de mer qui peuplent les eaux cristallines. Ces cr\u00e9atures enchanteresses se trouvent dans les zones peu profondes et sont ind\u00e9niablement les v\u00e9ritables reines de l'\u00eele. Vous aurez l'occasion de prendre de superbes photos et de cr\u00e9er des souvenirs inoubliables avec ces merveilles de la nature.<\/p>\n<p>Cette excursion est con\u00e7ue pour tout le monde, que vous voyagiez avec des adultes, des enfants, des amis ou un partenaire. Apr\u00e8s votre arriv\u00e9e sur l'\u00eele, vous pourrez vous promener tranquillement dans une piscine naturelle de la mer des Cara\u00efbes, o\u00f9 l'eau est calme et peu profonde, n'atteignant que vos genoux. Ce cadre idyllique est parfait pour une baignade relaxante ou simplement pour patauger dans les eaux chaudes tout en profitant du soleil.<\/p>\n<p>Au cours de votre journ\u00e9e, vous d\u00e9gusterez un d\u00e9licieux repas refl\u00e9tant les riches saveurs de la cuisine dominicaine, le tout servi dans le d\u00e9cor enchanteur de l'\u00eele. Pour \u00e9tancher votre soif, d\u00e9gustez un mojito rafra\u00eechissant pr\u00e9par\u00e9 avec des ingr\u00e9dients frais, vous permettant de savourer le go\u00fbt des tropiques.<\/p>\n<p>Pour plus de plaisir, notre \u00e9quipe d'animation est \u00e0 votre disposition pour vous faire participer \u00e0 la musique et \u00e0 la danse, cr\u00e9ant ainsi une atmosph\u00e8re agr\u00e9able et festive o\u00f9 vous pouvez vous joindre aux festivit\u00e9s et vous faire de nouveaux amis.<\/p>\n<p>L'\u00eele de Saona est une destination incontournable pour tous ceux qui se trouvent \u00e0 l'\u00e9tranger. <a href=\"https:\/\/bookingadventures.tours\/booking.php?slug=Punta_Cana_Catamaran_Boat_to_Saona_Island_with_Buffet_Lunch\" target=\"_blank\" rel=\"noopener\">Punta Cana<\/a>. Nous sommes convaincus que ce voyage sera l'un des moments forts de vos vacances, qu'il vous laissera des souvenirs inoubliables et que vous appr\u00e9cierez profond\u00e9ment la beaut\u00e9 de la R\u00e9publique dominicaine. Ne manquez pas cette occasion incroyable d'explorer l'un des plus beaux havres de paix de la nature !<\/p>","protected":false},"excerpt":{"rendered":"<div data-track=\"overview\" data-v-83a2b402=\"\">\n<section id=\"activity-overview\" class=\"activity-overview\" data-component=\"overview\" data-v-83a2b402=\"\" data-v-f3236c42=\"\">\n<p class=\"activity-overview__content\" data-test-id=\"activity-overview-content\" data-v-f3236c42=\"\">C'est l'excursion id\u00e9ale \u00e0 faire avec des adultes, des enfants, des amis ou un partenaire. Une fois sur l'\u00eele, vous pouvez marcher dans une piscine naturelle de la mer des Cara\u00efbes, car l'eau autour de l'\u00eele de Saona...<\/p>\n<\/section>\n<\/div>\n<div data-track=\"key-details\" data-v-83a2b402=\"\"><\/div>","protected":false},"featured_media":14182,"template":"","meta":[],"product_brand":[],"product_cat":[97,98],"product_tag":[101,102],"class_list":{"0":"post-13979","1":"product","2":"type-product","3":"status-publish","4":"has-post-thumbnail","6":"product_cat-dominican-republic","7":"product_cat-saona-island","8":"product_tag-excursion","9":"product_tag-tour","11":"first","12":"instock","13":"sale","14":"shipping-taxable","15":"product-type-external"},"_links":{"self":[{"href":"https:\/\/placessites.com\/fr\/wp-json\/wp\/v2\/product\/13979","targetHints":{"allow":["GET"]}}],"collection":[{"href":"https:\/\/placessites.com\/fr\/wp-json\/wp\/v2\/product"}],"about":[{"href":"https:\/\/placessites.com\/fr\/wp-json\/wp\/v2\/types\/product"}],"wp:featuredmedia":[{"embeddable":true,"href":"https:\/\/placessites.com\/fr\/wp-json\/wp\/v2\/media\/14182"}],"wp:attachment":[{"href":"https:\/\/placessites.com\/fr\/wp-json\/wp\/v2\/media?parent=13979"}],"wp:term":[{"taxonomy":"product_brand","embeddable":true,"href":"https:\/\/placessites.com\/fr\/wp-json\/wp\/v2\/product_brand?post=13979"},{"taxonomy":"product_cat","embeddable":true,"href":"https:\/\/placessites.com\/fr\/wp-json\/wp\/v2\/product_cat?post=13979"},{"taxonomy":"product_tag","embeddable":true,"href":"https:\/\/placessites.com\/fr\/wp-json\/wp\/v2\/product_tag?post=13979"}],"curies":[{"name":"wp","href":"https:\/\/api.w.org\/{rel}","templated":true}]}}