{"id":13659,"date":"2025-12-18T11:42:42","date_gmt":"2025-12-18T11:42:42","guid":{"rendered":"https:\/\/placessites.com\/?post_type=product&#038;p=13659"},"modified":"2025-12-18T11:55:47","modified_gmt":"2025-12-18T11:55:47","slug":"ile-de-saona-au-depart-de-punta-cana-avec-transport-inclus","status":"publish","type":"product","link":"https:\/\/placessites.com\/fr\/tournee\/ile-de-saona-au-depart-de-punta-cana-avec-transport-inclus\/","title":{"rendered":"\u00cele de Saona Depuis Punta Cana avec transport inclus"},"content":{"rendered":"<p>Visite de l'\u00eele de Saona au d\u00e9part de Punta Cana avec transport tout compris<\/p>\n<p>Embarquez pour un voyage inoubliable sur l'\u00eele de Saona, un v\u00e9ritable paradis sur terre. Imaginez que vous vous pr\u00e9lassiez sur des plages de sable blanc immacul\u00e9, avec le doux bruit des vagues qui clapotent \u00e0 vos pieds et des eaux d'un turquoise \u00e9clatant qui s'\u00e9tendent \u00e0 perte de vue. Les grands palmiers se balancent dans la douce brise de l'oc\u00e9an, cr\u00e9ant un d\u00e9cor parfait pour la relaxation et le rajeunissement.<\/p>\n<p>Cette excursion passionnante sur l'\u00eele de Saona est plus qu'un simple voyage, c'est une exp\u00e9rience inoubliable que vous ne pouvez pas manquer.<\/p>\n<p>Votre aventure commence par une prise en charge pratique \u00e0 votre h\u00f4tel de Punta Cana, o\u00f9 nos sympathiques guides vous accueilleront. Vous serez ensuite transport\u00e9 jusqu'au charmant village c\u00f4tier de Bayahibe, point de d\u00e9part de votre voyage. Une fois sur place, vous monterez \u00e0 bord d'un catamaran spacieux, o\u00f9 vous sentirez l'impatience monter en vous pr\u00e9parant \u00e0 une journ\u00e9e incroyable.<\/p>\n<p>Lorsque vous prendrez la mer, l'exaltante promenade en hors-bord vous emm\u00e8nera \u00e0 travers la mer des Cara\u00efbes \u00e9tincelante, tourbillonnante de nuances de bleu et de vert. Gardez l'\u0153il ouvert pour observer la vie marine fascinante visible sous la surface. Votre premier arr\u00eat est l'\u00e9poustouflante Piscina Natural, une piscine naturelle o\u00f9 vous pouvez vous rafra\u00eechir et vous impr\u00e9gner de l'environnement magnifique pendant environ 45 minutes avec le transport tout compris.<\/p>\n<p>En continuant, vous arriverez bient\u00f4t \u00e0 Isla Saona, o\u00f9 vous disposerez d'environ 3 heures et 30 minutes pour explorer ce havre tropical. Que vous choisissiez de vous pr\u00e9lasser au soleil, de nager dans les eaux claires ou de vous promener sur la plage, la beaut\u00e9 de l'\u00eele de Saona vous captivera. Transport tout compris.<\/p>\n<p>\u00c0 l'heure du retour, montez \u00e0 bord d'un magnifique catamaran pour une croisi\u00e8re tranquille jusqu'\u00e0 Bayahibe. D\u00e9tendez-vous et profitez d'une atmosph\u00e8re vibrante remplie de musique, de danse et de la joie de nouveaux amis. Laissez-vous tenter par des boissons \u00e0 volont\u00e9 et des en-cas savoureux pendant que vous naviguez, cr\u00e9ant ainsi des souvenirs imp\u00e9rissables de cette aventure \u00e9pique. Le voyage de retour dure environ 1 heure et 30 minutes, ce qui vous laisse amplement le temps de vous impr\u00e9gner une derni\u00e8re fois des paysages \u00e9poustouflants avant que votre journ\u00e9e ne s'ach\u00e8ve.<\/p>","protected":false},"excerpt":{"rendered":"<div data-track=\"overview\" data-v-83a2b402=\"\">\n<section id=\"activity-overview\" class=\"activity-overview\" data-component=\"overview\" data-v-83a2b402=\"\" data-v-f3236c42=\"\">\n<p class=\"activity-overview__content\" data-test-id=\"activity-overview-content\" data-v-f3236c42=\"\">Vous ferez l'exp\u00e9rience d'un paradis sur terre entour\u00e9 de plages de sable blanc, d'eaux turquoise cristallines et d'innombrables palmiers, cet environnement vous invite \u00e0 la d\u00e9tente.<\/p>\n<\/section>\n<\/div>\n<div data-track=\"key-details\" data-v-83a2b402=\"\"><\/div>","protected":false},"featured_media":13937,"template":"","meta":[],"product_brand":[],"product_cat":[97,98],"product_tag":[101,102],"class_list":{"0":"post-13659","1":"product","2":"type-product","3":"status-publish","4":"has-post-thumbnail","6":"product_cat-dominican-republic","7":"product_cat-saona-island","8":"product_tag-excursion","9":"product_tag-tour","11":"first","12":"instock","13":"sale","14":"shipping-taxable","15":"product-type-external"},"_links":{"self":[{"href":"https:\/\/placessites.com\/fr\/wp-json\/wp\/v2\/product\/13659","targetHints":{"allow":["GET"]}}],"collection":[{"href":"https:\/\/placessites.com\/fr\/wp-json\/wp\/v2\/product"}],"about":[{"href":"https:\/\/placessites.com\/fr\/wp-json\/wp\/v2\/types\/product"}],"wp:featuredmedia":[{"embeddable":true,"href":"https:\/\/placessites.com\/fr\/wp-json\/wp\/v2\/media\/13937"}],"wp:attachment":[{"href":"https:\/\/placessites.com\/fr\/wp-json\/wp\/v2\/media?parent=13659"}],"wp:term":[{"taxonomy":"product_brand","embeddable":true,"href":"https:\/\/placessites.com\/fr\/wp-json\/wp\/v2\/product_brand?post=13659"},{"taxonomy":"product_cat","embeddable":true,"href":"https:\/\/placessites.com\/fr\/wp-json\/wp\/v2\/product_cat?post=13659"},{"taxonomy":"product_tag","embeddable":true,"href":"https:\/\/placessites.com\/fr\/wp-json\/wp\/v2\/product_tag?post=13659"}],"curies":[{"name":"wp","href":"https:\/\/api.w.org\/{rel}","templated":true}]}}