{"id":13530,"date":"2025-12-18T11:36:41","date_gmt":"2025-12-18T11:36:41","guid":{"rendered":"https:\/\/placessites.com\/?post_type=product&#038;p=13530"},"modified":"2026-02-11T10:58:08","modified_gmt":"2026-02-11T10:58:08","slug":"de-punta-cana-excursion-dune-journee-sur-lile-de-saona","status":"publish","type":"product","link":"https:\/\/placessites.com\/fr\/tournee\/de-punta-cana-excursion-dune-journee-sur-lile-de-saona\/","title":{"rendered":"Au d\u00e9part de Punta Cana : Excursion d'une journ\u00e9e sur l'\u00eele de Saona"},"content":{"rendered":"<h2>Excursion d'une journ\u00e9e sur l'\u00eele de Saona au d\u00e9part de Punta Cana<\/h2>\n<p>Commencez votre aventure par une prise en charge \u00e0 votre h\u00f4tel de Punta Cana ou de Bavaro. Profitez du transfert pittoresque vers la plage de Bayahibe, o\u00f9 vous embarquerez \u00e0 bord d'un catamaran ou d'un bateau rapide pour vous rendre sur l'\u00eele de Saona.<\/p>\n<p>L'\u00eele de Saona est un magnifique paradis carib\u00e9en de 42 kilom\u00e8tres carr\u00e9s situ\u00e9 au large de la c\u00f4te sud de la R\u00e9publique dominicaine. Initialement nomm\u00e9e \u201cAdamanay\u201d par les Indiens Taino, l'\u00eele a \u00e9t\u00e9 rebaptis\u00e9e par Christophe Colomb lors de son deuxi\u00e8me voyage aux Am\u00e9riques en 1494.<\/p>\n<p>Prenez place sur le pont et profitez du soleil et de la mer en vous rendant sur l'\u00eele pittoresque. En chemin, vous ferez une br\u00e8ve halte de 20 minutes \u00e0 une grande piscine naturelle pour une baignade rapide dans le cadre d'une excursion d'une journ\u00e9e.<\/p>\n<p>\u00c0 votre arriv\u00e9e, vous aurez du temps libre pour explorer l'\u00eele \u00e0 votre rythme, ce qui fait de ce circuit une option fantastique pour les voyageurs ind\u00e9pendants. Les activit\u00e9s optionnelles comprennent des le\u00e7ons de volley-ball et de danse, ou vous pouvez vous d\u00e9tendre sur les chaises longues fournies et profiter des boissons du bar ouvert. Excursion d'une journ\u00e9e.<\/p>\n<p>Promenez-vous le long de la plage de sable blanc, sous les palmiers qui se balancent, pour ramasser des coquillages ou vous baigner jusqu'\u00e0 l'heure du d\u00e9jeuner-buffet de style barbecue. Savourez un repas dominicain traditionnel compos\u00e9 de poulet, de porc, de riz, de haricots, de salade et de fruits frais.<\/p>\n<p>Apr\u00e8s avoir pass\u00e9 trois heures sur l'\u00eele, vous serez ramen\u00e9 \u00e0 votre h\u00e9bergement sur le continent.<\/p>","protected":false},"excerpt":{"rendered":"<div data-track=\"overview\" data-v-83a2b402=\"\">\n<section id=\"activity-overview\" class=\"activity-overview\" data-component=\"overview\" data-v-83a2b402=\"\" data-v-f3236c42=\"\">\n<p class=\"activity-overview__content\" data-test-id=\"activity-overview-content\" data-v-f3236c42=\"\">D\u00e9couvrez la beaut\u00e9 de l'\u00eele de Saona avec 3 heures de temps libre pour explorer ses plages de sable blanc et ses eaux turquoise.<\/p>\n<\/section>\n<\/div>\n<div data-track=\"key-details\" data-v-83a2b402=\"\"><\/div>","protected":false},"featured_media":13800,"template":"","meta":[],"product_brand":[],"product_cat":[97,98],"product_tag":[101,102],"class_list":{"0":"post-13530","1":"product","2":"type-product","3":"status-publish","4":"has-post-thumbnail","6":"product_cat-dominican-republic","7":"product_cat-saona-island","8":"product_tag-excursion","9":"product_tag-tour","11":"first","12":"instock","13":"sale","14":"shipping-taxable","15":"product-type-external"},"_links":{"self":[{"href":"https:\/\/placessites.com\/fr\/wp-json\/wp\/v2\/product\/13530","targetHints":{"allow":["GET"]}}],"collection":[{"href":"https:\/\/placessites.com\/fr\/wp-json\/wp\/v2\/product"}],"about":[{"href":"https:\/\/placessites.com\/fr\/wp-json\/wp\/v2\/types\/product"}],"wp:featuredmedia":[{"embeddable":true,"href":"https:\/\/placessites.com\/fr\/wp-json\/wp\/v2\/media\/13800"}],"wp:attachment":[{"href":"https:\/\/placessites.com\/fr\/wp-json\/wp\/v2\/media?parent=13530"}],"wp:term":[{"taxonomy":"product_brand","embeddable":true,"href":"https:\/\/placessites.com\/fr\/wp-json\/wp\/v2\/product_brand?post=13530"},{"taxonomy":"product_cat","embeddable":true,"href":"https:\/\/placessites.com\/fr\/wp-json\/wp\/v2\/product_cat?post=13530"},{"taxonomy":"product_tag","embeddable":true,"href":"https:\/\/placessites.com\/fr\/wp-json\/wp\/v2\/product_tag?post=13530"}],"curies":[{"name":"wp","href":"https:\/\/api.w.org\/{rel}","templated":true}]}}