{"id":13354,"date":"2025-12-18T11:29:31","date_gmt":"2025-12-18T11:29:31","guid":{"rendered":"https:\/\/placessites.com\/?post_type=product&#038;p=13354"},"modified":"2026-02-11T10:46:25","modified_gmt":"2026-02-11T10:46:25","slug":"-232","status":"publish","type":"product","link":"https:\/\/placessites.com\/fr\/tournee\/-232\/","title":{"rendered":"Punta Cana : Excursion d'une journ\u00e9e sur l'\u00eele de Saona avec d\u00e9jeuner et boissons"},"content":{"rendered":"<p>Punta Cana : Excursion d'une journ\u00e9e sur l'\u00eele de Saona avec d\u00e9jeuner et boissons<\/p>\n<p>Pr\u00e9parez-vous \u00e0 une journ\u00e9e inoubliable en emportant votre maillot de bain et votre serviette pour une prise en charge matinale \u00e0 votre h\u00f4tel de Bavaro ou de Punta Cana. Profitez d'un trajet confortable dans notre v\u00e9hicule de transfert pour admirer la beaut\u00e9 pittoresque de la campagne dominicaine sur le chemin du port.<\/p>\n<p>Embarquez pour une aventure inoubliable au d\u00e9part de Bayahibe, o\u00f9 vous embarquerez \u00e0 bord de vedettes rapides ou de catamarans, selon le programme de la journ\u00e9e. Les deux types d'embarcations vous offrent des sensations fortes en une seule journ\u00e9e. Ensuite, explorez la piscine naturelle situ\u00e9e entre l'\u00eele de Saona et Bayahibe. Vous pourrez vous y d\u00e9tendre en buvant un verre, prendre des photos m\u00e9morables et patauger dans les eaux cristallines, d'une profondeur de quelques m\u00e8tres seulement, ce qui en fait un endroit id\u00e9al pour les adultes comme pour les enfants.<\/p>\n<p>L'arriv\u00e9e sur l'\u00eele de Saona est une exp\u00e9rience \u00e0 couper le souffle. Descendez \u00e0 terre et commencez votre exploration de ce paradis tropical. Marchez tranquillement le long du rivage immacul\u00e9, ramassez des coquillages et savourez la douce brise marine.<\/p>\n<p>\u00c0 midi, notre \u00e9quipage attentif pr\u00e9pare un d\u00e9licieux d\u00e9jeuner buffet de style dominicain. R\u00e9galez-vous d'une vari\u00e9t\u00e9 de plats traditionnels et internationaux tout en admirant le paysage \u00e9poustouflant de l'\u00eele de Saona.<\/p>\n<p>\u00c0 la fin de la journ\u00e9e, vous retournerez \u00e0 Punta Cana \u00e0 bord du catamaran, o\u00f9 vous pourrez participer \u00e0 une soir\u00e9e dansante anim\u00e9e avec un open bar. Apr\u00e8s une journ\u00e9e exaltante, nous vous d\u00e9poserons \u00e0 votre h\u00f4tel de Punta Cana, concluant ainsi votre aventure dans le style et le confort.<\/p>","protected":false},"excerpt":{"rendered":"<div data-track=\"overview\" data-v-83a2b402=\"\">\n<section id=\"activity-overview\" class=\"activity-overview\" data-component=\"overview\" data-v-83a2b402=\"\" data-v-f3236c42=\"\">\n<p class=\"activity-overview__content\" data-test-id=\"activity-overview-content\" data-v-f3236c42=\"\">Partez en catamaran ou en bateau rapide pour l'\u00eele de Saona lors d'une excursion d'une journ\u00e9e au d\u00e9part de Punta Cana. Nagez dans les eaux cristallines de la piscine naturelle et savourez un d\u00e9licieux d\u00e9jeuner sur la plage.<\/p>\n<\/section>\n<\/div>\n<div data-track=\"key-details\" data-v-83a2b402=\"\"><\/div>","protected":false},"featured_media":13568,"template":"","meta":[],"product_brand":[],"product_cat":[97,98],"product_tag":[101,102],"class_list":{"0":"post-13354","1":"product","2":"type-product","3":"status-publish","4":"has-post-thumbnail","6":"product_cat-dominican-republic","7":"product_cat-saona-island","8":"product_tag-excursion","9":"product_tag-tour","11":"first","12":"instock","13":"sale","14":"shipping-taxable","15":"product-type-external"},"_links":{"self":[{"href":"https:\/\/placessites.com\/fr\/wp-json\/wp\/v2\/product\/13354","targetHints":{"allow":["GET"]}}],"collection":[{"href":"https:\/\/placessites.com\/fr\/wp-json\/wp\/v2\/product"}],"about":[{"href":"https:\/\/placessites.com\/fr\/wp-json\/wp\/v2\/types\/product"}],"wp:featuredmedia":[{"embeddable":true,"href":"https:\/\/placessites.com\/fr\/wp-json\/wp\/v2\/media\/13568"}],"wp:attachment":[{"href":"https:\/\/placessites.com\/fr\/wp-json\/wp\/v2\/media?parent=13354"}],"wp:term":[{"taxonomy":"product_brand","embeddable":true,"href":"https:\/\/placessites.com\/fr\/wp-json\/wp\/v2\/product_brand?post=13354"},{"taxonomy":"product_cat","embeddable":true,"href":"https:\/\/placessites.com\/fr\/wp-json\/wp\/v2\/product_cat?post=13354"},{"taxonomy":"product_tag","embeddable":true,"href":"https:\/\/placessites.com\/fr\/wp-json\/wp\/v2\/product_tag?post=13354"}],"curies":[{"name":"wp","href":"https:\/\/api.w.org\/{rel}","templated":true}]}}