{"id":13331,"date":"2025-12-18T11:28:38","date_gmt":"2025-12-18T11:28:38","guid":{"rendered":"https:\/\/placessites.com\/?post_type=product&#038;p=13331"},"modified":"2026-01-07T10:46:03","modified_gmt":"2026-01-07T10:46:03","slug":"-229","status":"publish","type":"product","link":"https:\/\/placessites.com\/fr\/tournee\/-229\/","title":{"rendered":"Depuis La Romana : l'\u00eele de Saona pour les passagers de la croisi\u00e8re Aida"},"content":{"rendered":"<h2>Depuis La Romana : l'\u00eele de Saona pour les passagers de la croisi\u00e8re Aida<\/h2>\n<p>Un v\u00e9hicule sera pr\u00eat \u00e0 vous accueillir dans la zone des taxis pr\u00e8s de la sortie du terminal de croisi\u00e8re, o\u00f9 tous les participants \u00e0 votre croisi\u00e8re se rassembleront. Le chauffeur vous conduira ensuite \u00e0 notre bureau \u00e0 Bayahibe, o\u00f9 l'aventure commence.<\/p>\n<p>Rejoignez-nous \u00e0 Bayahibe pour une aventure familiale sur notre bateau en attente.<\/p>\n<p>Pr\u00e9parez-vous \u00e0 un voyage sp\u00e9cial sur l'\u00eele de Saona ! Nous commencerons par explorer Penon, o\u00f9 notre guide nous parlera de son histoire et du peuple Taino. Ensuite, nous naviguerons \u00e0 travers les mangroves, en passant par des arbres de Pal\u00e9tuvier en pleine croissance.<\/p>\n<p>\u00c0 notre arriv\u00e9e sur l'\u00eele de Saona, nous visiterons le village de Mano Juan, o\u00f9 nous d\u00e9couvrirons la vie locale \u00e0 travers les maisons color\u00e9es et les petites boutiques. Nous nous arr\u00eaterons \u00e9galement dans une nurserie de tortues g\u00e9r\u00e9e par les habitants, ce qui t\u00e9moigne de leurs efforts de conservation, m\u00eame s'il est possible que nous ne voyions pas de nouveau-n\u00e9s en raison des changements saisonniers.<\/p>\n<p>Pour le d\u00e9jeuner, vous pourrez go\u00fbter \u00e0 la cuisine dominicaine tout en profitant d'une vue imprenable sur la plage de Saona. Pendant la saison de la langouste (du 1er juillet au 29 f\u00e9vrier), elle est disponible pour $25 par personne. Plus tard, nous nous rendrons \u00e0 Canto de la Playa, une belle plage parfaite pour se d\u00e9tendre ou faire de la plong\u00e9e avec masque et tuba depuis La Romana : l'\u00eele de Saona pour les passagers d'Aida Cruises.<\/p>\n<p>Notre dernier arr\u00eat est une piscine naturelle o\u00f9 vous pouvez voir de grandes \u00e9toiles de mer (\u00e9vitez de les toucher). Les clients peuvent nager dans les eaux peu profondes et d\u00e9guster des boissons rafra\u00eechissantes. Le voyage se termine par des souvenirs inoubliables lorsque nous retournons au port de Bayahibe.<\/p>\n<p>L'excursion se termine \u00e0 Bayahibe, o\u00f9 votre transport vous attendra pour vous ramener au port de La Romana.<\/p>","protected":false},"excerpt":{"rendered":"<div data-track=\"overview\" data-v-83a2b402=\"\">\n<section id=\"activity-overview\" class=\"activity-overview\" data-component=\"overview\" data-v-83a2b402=\"\" data-v-f3236c42=\"\">\n<p class=\"activity-overview__content\" data-test-id=\"activity-overview-content\" data-v-f3236c42=\"\">Excursion sur l'\u00eele de Saona depuis le port de La Romana.<\/p>\n<\/section>\n<\/div>\n<div data-track=\"key-details\" data-v-83a2b402=\"\"><\/div>","protected":false},"featured_media":13538,"template":"","meta":[],"product_brand":[],"product_cat":[97,98],"product_tag":[101,102],"class_list":{"0":"post-13331","1":"product","2":"type-product","3":"status-publish","4":"has-post-thumbnail","6":"product_cat-dominican-republic","7":"product_cat-saona-island","8":"product_tag-excursion","9":"product_tag-tour","11":"first","12":"instock","13":"sale","14":"shipping-taxable","15":"product-type-external"},"_links":{"self":[{"href":"https:\/\/placessites.com\/fr\/wp-json\/wp\/v2\/product\/13331","targetHints":{"allow":["GET"]}}],"collection":[{"href":"https:\/\/placessites.com\/fr\/wp-json\/wp\/v2\/product"}],"about":[{"href":"https:\/\/placessites.com\/fr\/wp-json\/wp\/v2\/types\/product"}],"wp:featuredmedia":[{"embeddable":true,"href":"https:\/\/placessites.com\/fr\/wp-json\/wp\/v2\/media\/13538"}],"wp:attachment":[{"href":"https:\/\/placessites.com\/fr\/wp-json\/wp\/v2\/media?parent=13331"}],"wp:term":[{"taxonomy":"product_brand","embeddable":true,"href":"https:\/\/placessites.com\/fr\/wp-json\/wp\/v2\/product_brand?post=13331"},{"taxonomy":"product_cat","embeddable":true,"href":"https:\/\/placessites.com\/fr\/wp-json\/wp\/v2\/product_cat?post=13331"},{"taxonomy":"product_tag","embeddable":true,"href":"https:\/\/placessites.com\/fr\/wp-json\/wp\/v2\/product_tag?post=13331"}],"curies":[{"name":"wp","href":"https:\/\/api.w.org\/{rel}","templated":true}]}}