{"id":13305,"date":"2025-12-18T11:27:28","date_gmt":"2025-12-18T11:27:28","guid":{"rendered":"https:\/\/placessites.com\/?post_type=product&#038;p=13305"},"modified":"2026-02-11T10:43:12","modified_gmt":"2026-02-11T10:43:12","slug":"-227","status":"publish","type":"product","link":"https:\/\/placessites.com\/fr\/tournee\/-227\/","title":{"rendered":"Visite de l'\u00eele de Saona en catamaran avec d\u00e9jeuner, bar et transport inclus"},"content":{"rendered":"<p>Visite de l'\u00eele de Saona en catamaran avec d\u00e9jeuner, bar et transport inclus<\/p>\n<p>Pr\u00e9parez-vous \u00e0 une aventure inoubliable d'une journ\u00e9e enti\u00e8re sur l'\u00e9tonnante \u00eele de Saona, un joyau cach\u00e9 nich\u00e9 au c\u0153ur des Cara\u00efbes. R\u00e9put\u00e9e pour ses plages de sable blanc immacul\u00e9, ses eaux turquoise \u00e9clatantes et ses paysages \u00e0 couper le souffle, l'\u00eele de Saona offre une \u00e9vasion parfaite aux amoureux de la nature et aux amateurs de d\u00e9tente.<\/p>\n<p>Votre journ\u00e9e passionnante commence t\u00f4t par un trajet pittoresque jusqu'au charmant village c\u00f4tier de Bayahibe. L\u00e0, vous monterez \u00e0 bord d'un catamaran spacieux et confortable, pr\u00eat \u00e0 naviguer sur l'\u00e9tincelante mer des Cara\u00efbes. Pendant que le catamaran glisse sur les vagues, admirez les vues panoramiques et sentez la douce brise marine sur votre peau. Pendant le voyage, ne manquez pas l'occasion de plonger dans une piscine naturelle aux eaux cristallines et peu profondes, o\u00f9 des \u00e9toiles de mer color\u00e9es pars\u00e8ment le fond sablonneux.<\/p>\n<p>\u00c0 votre arriv\u00e9e sur l'\u00eele de Saona, un paradis de palmiers se balan\u00e7ant et de plages magnifiques vous attend. Vous aurez la libert\u00e9 de choisir parmi un \u00e9ventail d'activit\u00e9s adapt\u00e9es \u00e0 votre humeur. Plongez dans les eaux turquoise invitantes pour une baignade rafra\u00eechissante ou faites de la plong\u00e9e avec masque et tuba pour d\u00e9couvrir la vie marine vibrante sous la surface. Si vous souhaitez vous d\u00e9tendre, installez-vous confortablement dans un hamac suspendu entre les palmiers, ou promenez-vous tranquillement le long du rivage, en admirant les vues \u00e0 couper le souffle.<\/p>\n<p>Pour ceux qui souhaitent s'amuser un peu, participez \u00e0 une partie de volley-ball avec d'autres aventuriers ou profitez simplement du bar ouvert, o\u00f9 une vari\u00e9t\u00e9 de boissons rafra\u00eechissantes sont disponibles pour \u00e9tancher votre soif sous le soleil chaud.<\/p>\n<p>Au cours de l'apr\u00e8s-midi, savourez un d\u00e9licieux et authentique d\u00e9jeuner dominicain pr\u00e9par\u00e9 sp\u00e9cialement pour vous. Laissez-vous tenter par un d\u00e9licieux repas compos\u00e9 d'options savoureuses telles que du poulet parfaitement grill\u00e9, du porc succulent, du riz et des haricots savoureux, ainsi que des salades fra\u00eeches accompagn\u00e9es de fruits de saison. Chaque bouch\u00e9e offre un aper\u00e7u des riches traditions culinaires de la R\u00e9publique dominicaine.<\/p>\n<p>Cette aventure sur l'\u00eele de Saona n'est pas qu'une simple journ\u00e9e, c'est l'occasion de s'immerger dans la beaut\u00e9 et la culture des Cara\u00efbes. Que vous recherchiez l'aventure, la d\u00e9tente ou les d\u00e9lices culinaires, ce voyage vous promet une exp\u00e9rience que vous ch\u00e9rirez \u00e0 jamais.<\/p>","protected":false},"excerpt":{"rendered":"<div data-track=\"overview\" data-v-83a2b402=\"\">\n<section id=\"activity-overview\" class=\"activity-overview\" data-component=\"overview\" data-v-83a2b402=\"\" data-v-f3236c42=\"\">\n<p class=\"activity-overview__content\" data-test-id=\"activity-overview-content\" data-v-f3236c42=\"\">Profitez de l'\u00eele de Saona, un paradis entour\u00e9 de r\u00e9cifs coralliens color\u00e9s et de plages bord\u00e9es de palmiers. Profitez d'une baignade rafra\u00eechissante dans une piscine naturelle, d'un d\u00e9jeuner dominicain et de boissons \u00e0 volont\u00e9.<\/p>\n<\/section>\n<\/div>\n<div data-track=\"key-details\" data-v-83a2b402=\"\"><\/div>","protected":false},"featured_media":13524,"template":"","meta":[],"product_brand":[],"product_cat":[97,98],"product_tag":[101,102],"class_list":{"0":"post-13305","1":"product","2":"type-product","3":"status-publish","4":"has-post-thumbnail","6":"product_cat-dominican-republic","7":"product_cat-saona-island","8":"product_tag-excursion","9":"product_tag-tour","11":"first","12":"instock","13":"sale","14":"shipping-taxable","15":"product-type-external"},"_links":{"self":[{"href":"https:\/\/placessites.com\/fr\/wp-json\/wp\/v2\/product\/13305","targetHints":{"allow":["GET"]}}],"collection":[{"href":"https:\/\/placessites.com\/fr\/wp-json\/wp\/v2\/product"}],"about":[{"href":"https:\/\/placessites.com\/fr\/wp-json\/wp\/v2\/types\/product"}],"wp:featuredmedia":[{"embeddable":true,"href":"https:\/\/placessites.com\/fr\/wp-json\/wp\/v2\/media\/13524"}],"wp:attachment":[{"href":"https:\/\/placessites.com\/fr\/wp-json\/wp\/v2\/media?parent=13305"}],"wp:term":[{"taxonomy":"product_brand","embeddable":true,"href":"https:\/\/placessites.com\/fr\/wp-json\/wp\/v2\/product_brand?post=13305"},{"taxonomy":"product_cat","embeddable":true,"href":"https:\/\/placessites.com\/fr\/wp-json\/wp\/v2\/product_cat?post=13305"},{"taxonomy":"product_tag","embeddable":true,"href":"https:\/\/placessites.com\/fr\/wp-json\/wp\/v2\/product_tag?post=13305"}],"curies":[{"name":"wp","href":"https:\/\/api.w.org\/{rel}","templated":true}]}}