{"id":13186,"date":"2025-12-18T11:22:48","date_gmt":"2025-12-18T11:22:48","guid":{"rendered":"https:\/\/placessites.com\/?post_type=product&#038;p=13186"},"modified":"2026-01-07T10:00:59","modified_gmt":"2026-01-07T10:00:59","slug":"-213","status":"publish","type":"product","link":"https:\/\/placessites.com\/fr\/tournee\/-213\/","title":{"rendered":"Visite de l'\u00eele de Saona depuis Saint-Domingue"},"content":{"rendered":"<p>Visite de l'\u00eele de Saona depuis Saint-Domingue<\/p>\n<p>Pr\u00e9parez une journ\u00e9e m\u00e9morable en emportant votre maillot de bain et votre serviette pour une prise en charge matinale \u00e0 votre h\u00f4tel. D\u00e9tendez-vous et profitez du voyage pittoresque \u00e0 travers la campagne dominicaine pour vous rendre au port dans le confort de notre v\u00e9hicule de transfert.<\/p>\n<p>Embarquez pour une aventure inoubliable au d\u00e9part de Bayahibe, o\u00f9 vous embarquerez \u00e0 bord de vedettes rapides ou de catamarans en fonction du programme de la journ\u00e9e. Les deux types d'embarcations offrent des sensations fortes. D\u00e9couvrez ensuite la piscine naturelle situ\u00e9e entre l'\u00eele de Saona et Bayahibe. D\u00e9tendez-vous en buvant un verre, prenez de superbes photos et pataugez dans les eaux cristallines, d'une profondeur de quelques m\u00e8tres, parfaites pour tous les \u00e2ges.<\/p>\n<p>L'arriv\u00e9e sur l'\u00eele de Saona est un moment \u00e0 couper le souffle. En arrivant sur l'\u00eele, vous commencez votre voyage dans ce paradis tropical. Promenez-vous tranquillement le long du rivage intact, ramassez des coquillages et savourez la brise marine apaisante de l'excursion sur l'\u00eele de Saona au d\u00e9part de Saint-Domingue.<\/p>\n<p>\u00c0 midi, profitez d'un app\u00e9tissant buffet de style dominicain pr\u00e9par\u00e9 par notre \u00e9quipage attentif. Savourez une s\u00e9lection de plats traditionnels et internationaux tout en admirant la beaut\u00e9 \u00e9poustouflante de l'\u00eele de Saona.<\/p>\n<div class=\"toggle-content__content toggle-content__content--expanded toggle-content__content--packable\" data-v-59485d64=\"\">\n<div data-test-id=\"activity-full-description-text\" data-v-5835c99c=\"\">\u00c0 la fin de la journ\u00e9e, retournez \u00e0 Saint-Domingue \u00e0 bord du catamaran, o\u00f9 vous pourrez participer \u00e0 une soir\u00e9e dansante anim\u00e9e et profiter d'un open bar. Apr\u00e8s une journ\u00e9e exaltante, nous vous d\u00e9poserons \u00e0 votre h\u00f4tel, pour que votre aventure se termine dans le style et le confort.<\/div>\n<\/div>\n<div class=\"toggle-content__label-placeholder\" data-v-59485d64=\"\"><\/div>","protected":false},"excerpt":{"rendered":"<div data-track=\"overview\" data-v-83a2b402=\"\">\n<section id=\"activity-overview\" class=\"activity-overview\" data-component=\"overview\" data-v-83a2b402=\"\" data-v-f3236c42=\"\">\n<p class=\"activity-overview__content\" data-test-id=\"activity-overview-content\" data-v-f3236c42=\"\">Partez en catamaran ou en bateau rapide pour l'\u00eele de Saona lors d'une excursion d'une journ\u00e9e au d\u00e9part de Punta Cana. Nagez dans les eaux cristallines de la piscine naturelle et savourez un d\u00e9licieux d\u00e9jeuner sur la plage.<\/p>\n<\/section>\n<\/div>\n<div data-track=\"key-details\" data-v-83a2b402=\"\"><\/div>","protected":false},"featured_media":13411,"template":"","meta":[],"product_brand":[],"product_cat":[97,98],"product_tag":[101,102],"class_list":{"0":"post-13186","1":"product","2":"type-product","3":"status-publish","4":"has-post-thumbnail","6":"product_cat-dominican-republic","7":"product_cat-saona-island","8":"product_tag-excursion","9":"product_tag-tour","11":"first","12":"instock","13":"sale","14":"shipping-taxable","15":"product-type-external"},"_links":{"self":[{"href":"https:\/\/placessites.com\/fr\/wp-json\/wp\/v2\/product\/13186","targetHints":{"allow":["GET"]}}],"collection":[{"href":"https:\/\/placessites.com\/fr\/wp-json\/wp\/v2\/product"}],"about":[{"href":"https:\/\/placessites.com\/fr\/wp-json\/wp\/v2\/types\/product"}],"wp:featuredmedia":[{"embeddable":true,"href":"https:\/\/placessites.com\/fr\/wp-json\/wp\/v2\/media\/13411"}],"wp:attachment":[{"href":"https:\/\/placessites.com\/fr\/wp-json\/wp\/v2\/media?parent=13186"}],"wp:term":[{"taxonomy":"product_brand","embeddable":true,"href":"https:\/\/placessites.com\/fr\/wp-json\/wp\/v2\/product_brand?post=13186"},{"taxonomy":"product_cat","embeddable":true,"href":"https:\/\/placessites.com\/fr\/wp-json\/wp\/v2\/product_cat?post=13186"},{"taxonomy":"product_tag","embeddable":true,"href":"https:\/\/placessites.com\/fr\/wp-json\/wp\/v2\/product_tag?post=13186"}],"curies":[{"name":"wp","href":"https:\/\/api.w.org\/{rel}","templated":true}]}}