{"id":13107,"date":"2025-12-18T11:19:34","date_gmt":"2025-12-18T11:19:34","guid":{"rendered":"https:\/\/placessites.com\/?post_type=product&#038;p=13107"},"modified":"2026-02-11T04:42:59","modified_gmt":"2026-02-11T04:42:59","slug":"-203","status":"publish","type":"product","link":"https:\/\/placessites.com\/fr\/tournee\/-203\/","title":{"rendered":"Visite touristique de Saona premium mano Juan canto de la playa"},"content":{"rendered":"<p>Circuit touristique Saona Premium Mano Juan Canto de la playa<\/p>\n<p>Notre aventure passionnante commence par un trajet en bateau rapide jusqu'au superbe Canto de la Playa, un coin paradisiaque de l'\u00eele de Saona connu pour son sable blanc et ses eaux turquoises. Profitez de ce cadre idyllique, prenez le temps de vous d\u00e9tendre sous le soleil des Cara\u00efbes et plongez dans ses eaux cristallines.<\/p>\n<p>*Exploration \u00e0 Mano Juan.<\/p>\n<p>Nous nous dirigeons ensuite vers le village pittoresque de Mano Juan, une charmante localit\u00e9 o\u00f9 vous pourrez d\u00e9couvrir la vie authentique des habitants de l'\u00eele. Promenez-vous dans ses rues color\u00e9es et d\u00e9couvrez l'histoire et la culture locales, en interagissant avec les habitants sympathiques gr\u00e2ce \u00e0 l'excursion touristique Saona Premium Mano Juan Canto de la playa.<\/p>\n<p>*Buffet dominicain avec boissons<\/p>\n<p>Lorsque la faim se fait sentir, profitez d'un d\u00e9licieux buffet dominicain pr\u00e9par\u00e9 dans le style traditionnel. Savourez une vari\u00e9t\u00e9 de plats typiques, accompagn\u00e9s de boissons rafra\u00eechissantes, et plongez dans la richesse gastronomique de la r\u00e9gion.<\/p>\n<p>*Visite du sanctuaire des tortues.<\/p>\n<p>Ensuite, nous visiterons l'impressionnant sanctuaire de tortues de l'\u00eele. Vous en apprendrez plus sur les efforts de conservation et pourrez observer de pr\u00e8s ces cr\u00e9atures fascinantes dans leur habitat naturel.<\/p>\n<p>*Une baignade dans la piscine naturelle<\/p>\n<p>Ensuite, nous nous dirigerons vers une spectaculaire piscine naturelle au milieu de la mer. Ces eaux peu profondes et cristallines sont parfaites pour une baignade relaxante et rafra\u00eechissante, entour\u00e9e de la beaut\u00e9 des Cara\u00efbes.<\/p>\n<p>*F\u00eate du catamaran<\/p>\n<p>Enfin, nous embarquerons sur notre catamaran pour une f\u00eate de retour anim\u00e9e. Profitez de la musique, de la danse, des boissons et de la meilleure compagnie pendant que vous naviguez sur les eaux turquoises jusqu'au point de d\u00e9part. Cette f\u00eate anim\u00e9e sera la fin parfaite d'une journ\u00e9e inoubliable sur l'\u00eele de Saona.<\/p>\n<div class=\"toggle-content__content toggle-content__content--expanded toggle-content__content--packable\" data-v-59485d64=\"\">\n<div data-test-id=\"activity-full-description-text\" data-v-5835c99c=\"\">Circuit touristique Saona Premium Mano Juan Canto de la playa<\/div>\n<\/div>\n<div class=\"toggle-content__label-placeholder\" data-v-59485d64=\"\"><\/div>","protected":false},"excerpt":{"rendered":"<div data-track=\"overview\" data-v-83a2b402=\"\">\n<section id=\"activity-overview\" class=\"activity-overview\" data-component=\"overview\" data-v-83a2b402=\"\" data-v-f3236c42=\"\">\n<p class=\"activity-overview__content\" data-test-id=\"activity-overview-content\" data-v-f3236c42=\"\">D\u00e9couvrez la beaut\u00e9 de la plage sauvage de Canto de la Playa, le village de p\u00eacheurs et le parc national \u00e0 bord d'un bateau confortable. Visitez la pouponni\u00e8re des tortues et observez les jeunes pousses.<\/p>\n<\/section>\n<\/div>\n<div data-track=\"key-details\" data-v-83a2b402=\"\"><\/div>","protected":false},"featured_media":13333,"template":"","meta":[],"product_brand":[],"product_cat":[97,98],"product_tag":[101,102],"class_list":{"0":"post-13107","1":"product","2":"type-product","3":"status-publish","4":"has-post-thumbnail","6":"product_cat-dominican-republic","7":"product_cat-saona-island","8":"product_tag-excursion","9":"product_tag-tour","11":"first","12":"instock","13":"sale","14":"shipping-taxable","15":"product-type-external"},"_links":{"self":[{"href":"https:\/\/placessites.com\/fr\/wp-json\/wp\/v2\/product\/13107","targetHints":{"allow":["GET"]}}],"collection":[{"href":"https:\/\/placessites.com\/fr\/wp-json\/wp\/v2\/product"}],"about":[{"href":"https:\/\/placessites.com\/fr\/wp-json\/wp\/v2\/types\/product"}],"wp:featuredmedia":[{"embeddable":true,"href":"https:\/\/placessites.com\/fr\/wp-json\/wp\/v2\/media\/13333"}],"wp:attachment":[{"href":"https:\/\/placessites.com\/fr\/wp-json\/wp\/v2\/media?parent=13107"}],"wp:term":[{"taxonomy":"product_brand","embeddable":true,"href":"https:\/\/placessites.com\/fr\/wp-json\/wp\/v2\/product_brand?post=13107"},{"taxonomy":"product_cat","embeddable":true,"href":"https:\/\/placessites.com\/fr\/wp-json\/wp\/v2\/product_cat?post=13107"},{"taxonomy":"product_tag","embeddable":true,"href":"https:\/\/placessites.com\/fr\/wp-json\/wp\/v2\/product_tag?post=13107"}],"curies":[{"name":"wp","href":"https:\/\/api.w.org\/{rel}","templated":true}]}}