{"id":12958,"date":"2025-12-18T11:13:19","date_gmt":"2025-12-18T11:13:19","guid":{"rendered":"https:\/\/placessites.com\/?post_type=product&#038;p=12958"},"modified":"2026-02-14T06:58:49","modified_gmt":"2026-02-14T06:58:49","slug":"-186","status":"publish","type":"product","link":"https:\/\/placessites.com\/fr\/tournee\/-186\/","title":{"rendered":"\u00cele de Saona Journ\u00e9e compl\u00e8te pour petit groupe Catamaran VIP"},"content":{"rendered":"<h2>Excursion VIP d'une journ\u00e9e en catamaran sur l'\u00eele de Saona pour petits groupes<\/h2>\n<p>L'\u00eele de Saona est l'exemple m\u00eame du paradis carib\u00e9en, ce qui fait d'une excursion en catamaran ou en bateau rapide vers ses magnifiques rivages l'une des excursions les plus populaires en R\u00e9publique dominicaine. Avec ses plages de sable dor\u00e9 et ses eaux bleues cristallines encadr\u00e9es par des cocotiers qui s'\u00e9tendent sur des kilom\u00e8tres, c'est le cadre id\u00e9al pour profiter d'une journ\u00e9e de soleil, de plage et de rhum dominicain. Au cours d'une excursion typique, les visiteurs peuvent se d\u00e9tendre sur la plage et savourer un barbecue traditionnel pour le d\u00e9jeuner.<\/p>\n<p>Itin\u00e9raire<\/p>\n<p>**9:00 - 10:00 AM:** Nous partons de la ville de Bayahibe, en direction de notre plage priv\u00e9e exclusive sur Isla Saona \u00e0 bord d'un catamaran. Profitez d'une ambiance de f\u00eate \u00e0 bord avec une vari\u00e9t\u00e9 de musique, de divertissements, de danses et de boissons.<\/p>\n<p>Notre premi\u00e8re \u00e9tape est Palmilla, une piscine naturelle r\u00e9put\u00e9e o\u00f9 l'on peut nager et interagir avec les \u00e9toiles de mer.<\/p>\n<p>Nous poursuivons notre voyage jusqu'\u00e0 notre plage exclusive, arrivant \u00e0 l'une des destinations les plus spectaculaires de cette partie des Cara\u00efbes en 30 \u00e0 45 minutes environ.<\/p>\n<p>Tout au long de votre s\u00e9jour, vous aurez acc\u00e8s \u00e0 un open bar comprenant de l'eau, des sodas, des jus de fruits, du rhum, etc.<\/p>\n<p>**1:00 - 2:00 PM:** Savourez un buffet international exquis tout en profitant de la vue sur la mer, sous les palmiers qui se balancent, avec une douce brise et le bruit apaisant des vagues.<\/p>\n<p>**Vers 15h00:** Nous commencerons notre voyage de retour vers Bayahibe, pour arriver vers 17h00.<\/p>","protected":false},"excerpt":{"rendered":"<div data-track=\"overview\" data-v-83a2b402=\"\">\n<section id=\"activity-overview\" class=\"activity-overview\" data-component=\"overview\" data-v-83a2b402=\"\" data-v-f3236c42=\"\">\n<p class=\"activity-overview__content\" data-test-id=\"activity-overview-content\" data-v-f3236c42=\"\">R\u00e9servez maintenant 5 $ y luego 75Profitez de l'excursion num\u00e9ro 1 des Cara\u00efbes sur l'\u00eele de Saona, une aventure unique qui ne fait aucun doute et si vous aimez l'aventure, cette excursion d'une journ\u00e9e compl\u00e8te est faite pour vous.<\/p>\n<\/section>\n<\/div>\n<div data-track=\"key-details\" data-v-83a2b402=\"\"><\/div>","protected":false},"featured_media":12043,"template":"","meta":[],"product_brand":[],"product_cat":[97,98],"product_tag":[101,102],"class_list":{"0":"post-12958","1":"product","2":"type-product","3":"status-publish","4":"has-post-thumbnail","6":"product_cat-dominican-republic","7":"product_cat-saona-island","8":"product_tag-excursion","9":"product_tag-tour","11":"first","12":"instock","13":"sale","14":"shipping-taxable","15":"product-type-external"},"_links":{"self":[{"href":"https:\/\/placessites.com\/fr\/wp-json\/wp\/v2\/product\/12958","targetHints":{"allow":["GET"]}}],"collection":[{"href":"https:\/\/placessites.com\/fr\/wp-json\/wp\/v2\/product"}],"about":[{"href":"https:\/\/placessites.com\/fr\/wp-json\/wp\/v2\/types\/product"}],"wp:featuredmedia":[{"embeddable":true,"href":"https:\/\/placessites.com\/fr\/wp-json\/wp\/v2\/media\/12043"}],"wp:attachment":[{"href":"https:\/\/placessites.com\/fr\/wp-json\/wp\/v2\/media?parent=12958"}],"wp:term":[{"taxonomy":"product_brand","embeddable":true,"href":"https:\/\/placessites.com\/fr\/wp-json\/wp\/v2\/product_brand?post=12958"},{"taxonomy":"product_cat","embeddable":true,"href":"https:\/\/placessites.com\/fr\/wp-json\/wp\/v2\/product_cat?post=12958"},{"taxonomy":"product_tag","embeddable":true,"href":"https:\/\/placessites.com\/fr\/wp-json\/wp\/v2\/product_tag?post=12958"}],"curies":[{"name":"wp","href":"https:\/\/api.w.org\/{rel}","templated":true}]}}