{"id":12154,"date":"2025-12-18T10:40:41","date_gmt":"2025-12-18T10:40:41","guid":{"rendered":"https:\/\/placessites.com\/?post_type=product&#038;p=12154"},"modified":"2026-02-10T03:01:07","modified_gmt":"2026-02-10T03:01:07","slug":"-126","status":"publish","type":"product","link":"https:\/\/placessites.com\/fr\/tournee\/-126\/","title":{"rendered":"Au d\u00e9part de Santo Domingo : Excursion d'une journ\u00e9e \u00e0 Isla Saona avec d\u00e9jeuner"},"content":{"rendered":"<p>Excursion d'une journ\u00e9e \u00e0 l'Isla Saona avec d\u00e9jeuner depuis Saint-Domingue<\/p>\n<p>Embarquez pour un voyage inoubliable vers l'\u00e9tonnante Isla Saona, un paradis idyllique nich\u00e9 dans les Cara\u00efbes. Cette excursion d'une journ\u00e9e au d\u00e9part de Saint-Domingue vous invite \u00e0 vous immerger dans la beaut\u00e9 \u00e9poustouflante de la r\u00e9gion, o\u00f9 vous pourrez nager dans des eaux cristallines, vous d\u00e9tendre sur des plages de sable doux et savourer un d\u00e9licieux d\u00e9jeuner buffet agr\u00e9ment\u00e9 d'un open bar.<\/p>\n<p>L'aventure commence par un transfert confortable depuis les rues anim\u00e9es de Saint-Domingue jusqu'\u00e0 la c\u00f4te tranquille, o\u00f9 un catamaran vibrant vous attend.<\/p>\n<p>En montant \u00e0 bord, vous sentirez l'excitation monter en vous pr\u00e9parant \u00e0 naviguer vers l'enchanteresse Isla Saona. En chemin, vous ferez une halte d\u00e9licieuse dans une piscine naturelle, un joyau cach\u00e9 connu pour sa faible profondeur et ses eaux bleues scintillantes. Vous pourrez vous y rafra\u00eechir ou simplement vous d\u00e9tendre en buvant un verre de rhum dominicain, tout en profitant du soleil et de la s\u00e9r\u00e9nit\u00e9 des lieux.<\/p>\n<p>Une fois arriv\u00e9 \u00e0 Isla Saona, vous serez entour\u00e9 d'un paysage tropical \u00e0 couper le souffle. Passez 2 \u00e0 3 heures \u00e0 profiter du charme de l'\u00eele : allongez-vous sur la plage immacul\u00e9e, baignez-vous tranquillement dans les eaux turquoises ou explorez les paysages luxuriants. Laissez-vous tenter par un somptueux d\u00e9jeuner buffet aux saveurs locales, et profitez des boissons \u00e0 volont\u00e9 du bar ouvert, cr\u00e9ant ainsi l'\u00e9vasion tropicale parfaite avec l'excursion d'une journ\u00e9e \u00e0 Isla Saona avec d\u00e9jeuner au d\u00e9part de Saint-Domingue.<\/p>\n<p>Apr\u00e8s une journ\u00e9e de d\u00e9tente et d'exploration, vous vous retrouverez sur le bateau pour le retour. Alors que vous naviguez vers le rivage, entour\u00e9 par la mer \u00e9tincelante des Cara\u00efbes, r\u00e9fl\u00e9chissez aux incroyables souvenirs que vous avez accumul\u00e9s au cours de cette journ\u00e9e d'aventure. Votre voyage se termine par un transfert vers Saint-Domingue, vous laissant le c\u0153ur plein de joie et l'esprit rajeuni par la beaut\u00e9 de l'\u00eele.<\/p>\n<p>L'excursion d'une journ\u00e9e \u00e0 Isla Saona avec d\u00e9jeuner au d\u00e9part de Saint-Domingue est disponible d\u00e8s maintenant.<\/p>\n<p>&nbsp;<\/p>","protected":false},"excerpt":{"rendered":"<div data-track=\"overview\" data-v-83a2b402=\"\">\n<section id=\"activity-overview\" class=\"activity-overview\" data-component=\"overview\" data-v-83a2b402=\"\" data-v-f3236c42=\"\">\n<p class=\"activity-overview__content\" data-test-id=\"activity-overview-content\" data-v-f3236c42=\"\">Profitez d'une excursion d'une journ\u00e9e \u00e0 Isla Saona au d\u00e9part de Saint-Domingue. D\u00e9tendez-vous sur les plages de sable blanc et nagez dans les eaux turquoise de l'Isla Saona.<\/p>\n<\/section>\n<\/div>\n<div data-track=\"key-details\" data-v-83a2b402=\"\"><\/div>","protected":false},"featured_media":12487,"template":"","meta":[],"product_brand":[],"product_cat":[97,98],"product_tag":[101,102],"class_list":{"0":"post-12154","1":"product","2":"type-product","3":"status-publish","4":"has-post-thumbnail","6":"product_cat-dominican-republic","7":"product_cat-saona-island","8":"product_tag-excursion","9":"product_tag-tour","11":"first","12":"instock","13":"sale","14":"shipping-taxable","15":"product-type-external"},"_links":{"self":[{"href":"https:\/\/placessites.com\/fr\/wp-json\/wp\/v2\/product\/12154","targetHints":{"allow":["GET"]}}],"collection":[{"href":"https:\/\/placessites.com\/fr\/wp-json\/wp\/v2\/product"}],"about":[{"href":"https:\/\/placessites.com\/fr\/wp-json\/wp\/v2\/types\/product"}],"wp:featuredmedia":[{"embeddable":true,"href":"https:\/\/placessites.com\/fr\/wp-json\/wp\/v2\/media\/12487"}],"wp:attachment":[{"href":"https:\/\/placessites.com\/fr\/wp-json\/wp\/v2\/media?parent=12154"}],"wp:term":[{"taxonomy":"product_brand","embeddable":true,"href":"https:\/\/placessites.com\/fr\/wp-json\/wp\/v2\/product_brand?post=12154"},{"taxonomy":"product_cat","embeddable":true,"href":"https:\/\/placessites.com\/fr\/wp-json\/wp\/v2\/product_cat?post=12154"},{"taxonomy":"product_tag","embeddable":true,"href":"https:\/\/placessites.com\/fr\/wp-json\/wp\/v2\/product_tag?post=12154"}],"curies":[{"name":"wp","href":"https:\/\/api.w.org\/{rel}","templated":true}]}}