{"id":12088,"date":"2025-12-18T10:38:10","date_gmt":"2025-12-18T10:38:10","guid":{"rendered":"https:\/\/placessites.com\/?post_type=product&#038;p=12088"},"modified":"2026-01-06T12:24:38","modified_gmt":"2026-01-06T12:24:38","slug":"-119","status":"publish","type":"product","link":"https:\/\/placessites.com\/fr\/tournee\/-119\/","title":{"rendered":"\u00cele de Saona : Excursion d'une journ\u00e9e en petit groupe pour une croisi\u00e8re sur les plages vierges"},"content":{"rendered":"<h2>\u00cele de Saona : Excursion d'une journ\u00e9e en petit groupe pour une croisi\u00e8re sur les plages vierges<\/h2>\n<p>Embarquez pour une aventure inoubliable en traversant les paysages \u00e9poustouflants du parc national de Cotubanama et les c\u00f4tes \u00e0 couper le souffle de South Saona. Ce circuit offre des points de d\u00e9part pratiques depuis le pittoresque village de Bayahibe, la charmante Dominicus, l'anim\u00e9e Punta Cana, les magnifiques r\u00e9gions de B\u00e1varo et d'Uvero Alto, ainsi que Juan Dolio et Boca Chica. Choisissez entre une visite priv\u00e9e intime ou une exp\u00e9rience de groupe anim\u00e9e pour r\u00e9pondre \u00e0 vos pr\u00e9f\u00e9rences.<\/p>\n<p>Votre voyage commence au parc national de Cotubanama, o\u00f9 vous glisserez dans des eaux cristallines vers le majestueux El Pe\u00f1\u00f3n, une imposante falaise charg\u00e9e d'histoire. Ici, votre guide anglophone bien inform\u00e9 vous captivera avec des histoires intrigantes sur le pass\u00e9 de la r\u00e9gion, y compris des aper\u00e7us sur les Tainos, les premiers habitants de l'\u00eele. Admirez les mangroves luxuriantes pendant que vous naviguez, leur vert vibrant se refl\u00e9tant dans la mer scintillante.<\/p>\n<p>Ensuite, vous jetterez votre d\u00e9volu sur l'idyllique \u00eele de Saona, o\u00f9 vous attend le pittoresque village de p\u00eacheurs de Mano Juan. Promenez-vous dans les rues \u00e9troites bord\u00e9es de maisons color\u00e9es, orn\u00e9es d'\u0153uvres d'art locales et de d\u00e9corations vibrantes. Visitez la nurserie des tortues, o\u00f9 vous aurez l'occasion de d\u00e9couvrir l'incroyable parcours de ces cr\u00e9atures marines et, si les conditions le permettent, de voir de minuscules \u00e9closions faire leurs premiers pas dans le monde.<\/p>\n<p>Savourez un d\u00e9licieux et authentique repas dominicain dans un charmant restaurant offrant une vue imprenable sur la plage de Saona. Savourez les saveurs traditionnelles tout en profitant de la tranquillit\u00e9 des lieux et en vous immergeant dans la riche culture culinaire de l'\u00eele.<\/p>\n<p>Ensuite, rendez-vous \u00e0 Canto de La Playa pour deux heures de d\u00e9tente et de plong\u00e9e avec masque et tuba. Nagez dans les eaux chaudes et turquoises qui regorgent d'esp\u00e8ces marines dynamiques et explorez les merveilles sous-marines qui s'offrent \u00e0 vous. Terminez votre journ\u00e9e dans une piscine naturelle sereine, o\u00f9 vous pourrez admirer les magnifiques \u00e9toiles de mer qui pars\u00e8ment le fond sablonneux, prendre un bain rafra\u00eechissant et siroter un d\u00e9licieux rhum alors que le soleil se couche sur cette journ\u00e9e magique au paradis.<\/p>","protected":false},"excerpt":{"rendered":"<div data-track=\"overview\" data-v-83a2b402=\"\">\n<section id=\"activity-overview\" class=\"activity-overview\" data-component=\"overview\" data-v-83a2b402=\"\" data-v-f3236c42=\"\">\n<p class=\"activity-overview__content\" data-test-id=\"activity-overview-content\" data-v-f3236c42=\"\">D\u00e9couvrez la beaut\u00e9 de la plage sauvage de Canto de la Playa, le village de p\u00eacheurs et le parc national \u00e0 bord d'un bateau confortable. Visitez la pouponni\u00e8re des tortues et observez les jeunes pousses.<\/p>\n<\/section>\n<\/div>\n<div data-track=\"key-details\" data-v-83a2b402=\"\"><\/div>","protected":false},"featured_media":12419,"template":"","meta":[],"product_brand":[],"product_cat":[97,98],"product_tag":[101,102],"class_list":{"0":"post-12088","1":"product","2":"type-product","3":"status-publish","4":"has-post-thumbnail","6":"product_cat-dominican-republic","7":"product_cat-saona-island","8":"product_tag-excursion","9":"product_tag-tour","11":"first","12":"instock","13":"sale","14":"shipping-taxable","15":"product-type-external"},"_links":{"self":[{"href":"https:\/\/placessites.com\/fr\/wp-json\/wp\/v2\/product\/12088","targetHints":{"allow":["GET"]}}],"collection":[{"href":"https:\/\/placessites.com\/fr\/wp-json\/wp\/v2\/product"}],"about":[{"href":"https:\/\/placessites.com\/fr\/wp-json\/wp\/v2\/types\/product"}],"wp:featuredmedia":[{"embeddable":true,"href":"https:\/\/placessites.com\/fr\/wp-json\/wp\/v2\/media\/12419"}],"wp:attachment":[{"href":"https:\/\/placessites.com\/fr\/wp-json\/wp\/v2\/media?parent=12088"}],"wp:term":[{"taxonomy":"product_brand","embeddable":true,"href":"https:\/\/placessites.com\/fr\/wp-json\/wp\/v2\/product_brand?post=12088"},{"taxonomy":"product_cat","embeddable":true,"href":"https:\/\/placessites.com\/fr\/wp-json\/wp\/v2\/product_cat?post=12088"},{"taxonomy":"product_tag","embeddable":true,"href":"https:\/\/placessites.com\/fr\/wp-json\/wp\/v2\/product_tag?post=12088"}],"curies":[{"name":"wp","href":"https:\/\/api.w.org\/{rel}","templated":true}]}}