{"id":11276,"date":"2025-12-18T10:06:31","date_gmt":"2025-12-18T10:06:31","guid":{"rendered":"https:\/\/placessites.com\/?post_type=product&#038;p=11276"},"modified":"2026-01-05T17:09:56","modified_gmt":"2026-01-05T17:09:56","slug":"excursion-en-bateau-a-punta-cana-vers-lile-saona-dejeuner-buffet-open-bar","status":"publish","type":"product","link":"https:\/\/placessites.com\/fr\/tournee\/excursion-en-bateau-a-punta-cana-vers-lile-saona-dejeuner-buffet-open-bar\/","title":{"rendered":"Punta Cana : Excursion en bateau \u00e0 Isla Saona, Open Bar et D\u00e9jeuner Buffet"},"content":{"rendered":"<p>Punta Cana : Excursion en bateau \u00e0 Isla Saona, Open Bar et D\u00e9jeuner Buffet<\/p>\n<p>D\u00e9couvrez les merveilles de l'Isla Saona lors d'une excursion d'une journ\u00e9e au d\u00e9part de Punta Cana. Nagez dans une piscine naturelle, observez la diversit\u00e9 de la flore et de la faune de l'\u00eele et d\u00e9couvrez sa riche histoire et sa culture. Profitez d'un d\u00e9jeuner typiquement dominicain et de boissons sur l'\u00eele.<\/p>\n<p>Prise en charge \u00e0 l'h\u00f4tel \u00e0 Punta Cana et d\u00e9part pour l'embarcad\u00e8re. Embarquement \u00e0 bord d'un bateau et d\u00e9part pour Isla Saona. Arr\u00eat \u00e0 une piscine naturelle avec une eau cristalline et un paysage magnifique. Nagez dans la piscine et sentez le climat tropical et le soleil sur votre peau.<\/p>\n<p>Admirez la biodiversit\u00e9 de l'\u00eele Saona, tant dans ses eaux que sur ses terres. La flore et la faune y sont tr\u00e8s vari\u00e9es. Sur ses plages, observez les oiseaux marins et les crabes, tandis que dans la mer, nagez avec les poissons tropicaux et, si vous avez de la chance, apercevez des dauphins et des raies manta.<\/p>\n<p>Sur le chemin de l'\u00eele, vous verrez des mangroves et des for\u00eats tropicales avec diverses esp\u00e8ces de plantes. D\u00e9couvrez la richesse de l'histoire et de la culture de l'\u00eele. L'\u00eele est habit\u00e9e depuis des si\u00e8cles par diff\u00e9rents groupes indig\u00e8nes, tels que les Ta\u00ednos.<\/p>\n<p>Aujourd'hui, l'\u00eele abrite une petite communaut\u00e9 de p\u00eacheurs et d'artisans qui perp\u00e9tuent les traditions et l'artisanat locaux. D\u00e9couvrez la culture dominicaine \u00e0 travers la musique, la danse et l'artisanat typique.<\/p>\n<p>Arriv\u00e9e \u00e0 un club de plage priv\u00e9 sur Isla Saona et d\u00e9jeuner classique avec boissons. Apr\u00e8s le d\u00e9jeuner, vous aurez du temps libre pour vous d\u00e9tendre sur la plage, nager dans la mer ou participer \u00e0 diverses activit\u00e9s nautiques.<\/p>","protected":false},"excerpt":{"rendered":"<div data-track=\"overview\" data-v-83a2b402=\"\">\n<section id=\"activity-overview\" class=\"activity-overview\" data-component=\"overview\" data-v-83a2b402=\"\" data-v-f3236c42=\"\">\n<p class=\"activity-overview__content\" data-test-id=\"activity-overview-content\" data-v-f3236c42=\"\">D\u00e9couvrez la beaut\u00e9 naturelle de l'Isla Saona lors d'une excursion d'une journ\u00e9e au d\u00e9part de Punta Cana. Profitez du sable blanc et des eaux turquoise et d\u00e9tendez-vous dans un club de plage priv\u00e9 avec un d\u00e9licieux d\u00e9jeuner buffet et des boissons.<\/p>\n<\/section>\n<\/div>\n<div data-track=\"key-details\" data-v-83a2b402=\"\"><\/div>","protected":false},"featured_media":11580,"template":"","meta":[],"product_brand":[],"product_cat":[97,98],"product_tag":[101,102],"class_list":{"0":"post-11276","1":"product","2":"type-product","3":"status-publish","4":"has-post-thumbnail","6":"product_cat-dominican-republic","7":"product_cat-saona-island","8":"product_tag-excursion","9":"product_tag-tour","11":"first","12":"instock","13":"sale","14":"shipping-taxable","15":"product-type-external"},"_links":{"self":[{"href":"https:\/\/placessites.com\/fr\/wp-json\/wp\/v2\/product\/11276","targetHints":{"allow":["GET"]}}],"collection":[{"href":"https:\/\/placessites.com\/fr\/wp-json\/wp\/v2\/product"}],"about":[{"href":"https:\/\/placessites.com\/fr\/wp-json\/wp\/v2\/types\/product"}],"wp:featuredmedia":[{"embeddable":true,"href":"https:\/\/placessites.com\/fr\/wp-json\/wp\/v2\/media\/11580"}],"wp:attachment":[{"href":"https:\/\/placessites.com\/fr\/wp-json\/wp\/v2\/media?parent=11276"}],"wp:term":[{"taxonomy":"product_brand","embeddable":true,"href":"https:\/\/placessites.com\/fr\/wp-json\/wp\/v2\/product_brand?post=11276"},{"taxonomy":"product_cat","embeddable":true,"href":"https:\/\/placessites.com\/fr\/wp-json\/wp\/v2\/product_cat?post=11276"},{"taxonomy":"product_tag","embeddable":true,"href":"https:\/\/placessites.com\/fr\/wp-json\/wp\/v2\/product_tag?post=11276"}],"curies":[{"name":"wp","href":"https:\/\/api.w.org\/{rel}","templated":true}]}}