{"id":11137,"date":"2025-12-18T10:00:46","date_gmt":"2025-12-18T10:00:46","guid":{"rendered":"https:\/\/placessites.com\/?post_type=product&#038;p=11137"},"modified":"2026-02-14T07:11:19","modified_gmt":"2026-02-14T07:11:19","slug":"dejeuner-au-paradis-tropical","status":"publish","type":"product","link":"https:\/\/placessites.com\/fr\/tournee\/dejeuner-au-paradis-tropical\/","title":{"rendered":"Excursion sur l'\u00eele de Saona : Paradis tropical avec d\u00e9jeuner"},"content":{"rendered":"<p>Excursion \u00e0 l'\u00eele de Saona : Paradis tropical avec d\u00e9jeuner<\/p>\n<p>Nous viendrons vous chercher \u00e0 votre h\u00f4tel de Punta Cana entre 7h00 et 8h00 pour partir en direction de Bayahibe. Une fois sur place, nous embarquerons sur un bateau en direction de l'\u00eele de Saona et, \u00e0 mi-chemin, nous ferons une courte halte \u00e0 un endroit appel\u00e9 Blue Lagoon.<\/p>\n<p>Sur ce banc de sable au milieu de l'eau, vous aurez 40 minutes pour vous d\u00e9tendre. De plus, non loin de l\u00e0, nous verrons un sanctuaire d'\u00e9toiles de mer au milieu de la mer des Cara\u00efbes. Il y en a de toutes les couleurs !<\/p>\n<p>Nous arriverons enfin \u00e0 l'\u00eele de Saona, o\u00f9 vous disposerez de deux heures et 45 minutes de temps libre pour d\u00e9couvrir ce paradis tropical. Des r\u00e9cifs coralliens et de vastes plages de cocotiers et de sable fin et dor\u00e9 vous attendent.<\/p>\n<p>A 13h00, nous nous retrouverons \u00e0 la plage de Palmera Tur\u00edstica pour recharger nos batteries avec un d\u00e9jeuner buffet o\u00f9 vous pourrez manger des p\u00e2tes, des salades et du riz. Bon app\u00e9tit !<\/p>\n<p>Ensuite, nous embarquerons \u00e0 bord d'un catamaran pour reprendre le chemin du retour tout en nous amusant avec les animateurs, la musique, un open bar de boissons non alcoolis\u00e9es et une ambiance tr\u00e8s festive.<\/p>\n<p>Enfin, nous arriverons au port de Bayahibe, d'o\u00f9 nous vous emm\u00e8nerons \u00e0 l'h\u00f4tel o\u00f9 vous arriverez apr\u00e8s 11 heures de voyage.<\/p>\n<p>Ramassage \u00e0 l'h\u00f4tel<\/p>\n<p>Ce circuit pr\u00e9voit des ramassages dans les zones h\u00f4teli\u00e8res suivantes : Uvero Alto, Punta Cana, B\u00e1varo Friusa, El Cortecito, Los Corales, Cabeza de Toro, Cap Cana et Bayah\u00edbe. Si votre h\u00f4tel ne se trouve pas dans cette zone, nous vous indiquerons un point de ramassage proche. Nous vous contacterons pour d\u00e9terminer l'heure exacte de la prise en charge.<\/p>","protected":false},"excerpt":{"rendered":"<div data-track=\"overview\" data-v-83a2b402=\"\">\n<section id=\"activity-overview\" class=\"activity-overview\" data-component=\"overview\" data-v-83a2b402=\"\" data-v-f3236c42=\"\">\n<p class=\"activity-overview__content\" data-test-id=\"activity-overview-content\" data-v-f3236c42=\"\">D\u00e9tendez-vous dans un environnement dominicain unique gr\u00e2ce \u00e0 cette excursion sur l'\u00eele de Saona au d\u00e9part de Punta Cana. Des plages aux eaux cristallines et \u00e0 la v\u00e9g\u00e9tation sauvage vous attendent pour que vous puissiez profiter d'une journ\u00e9e tr\u00e8s sp\u00e9ciale.<\/p>\n<\/section>\n<\/div>\n<div data-track=\"key-details\" data-v-83a2b402=\"\"><\/div>","protected":false},"featured_media":11376,"template":"","meta":[],"product_brand":[],"product_cat":[97,98],"product_tag":[101,102],"class_list":{"0":"post-11137","1":"product","2":"type-product","3":"status-publish","4":"has-post-thumbnail","6":"product_cat-dominican-republic","7":"product_cat-saona-island","8":"product_tag-excursion","9":"product_tag-tour","11":"first","12":"instock","13":"sale","14":"shipping-taxable","15":"product-type-external"},"_links":{"self":[{"href":"https:\/\/placessites.com\/fr\/wp-json\/wp\/v2\/product\/11137","targetHints":{"allow":["GET"]}}],"collection":[{"href":"https:\/\/placessites.com\/fr\/wp-json\/wp\/v2\/product"}],"about":[{"href":"https:\/\/placessites.com\/fr\/wp-json\/wp\/v2\/types\/product"}],"wp:featuredmedia":[{"embeddable":true,"href":"https:\/\/placessites.com\/fr\/wp-json\/wp\/v2\/media\/11376"}],"wp:attachment":[{"href":"https:\/\/placessites.com\/fr\/wp-json\/wp\/v2\/media?parent=11137"}],"wp:term":[{"taxonomy":"product_brand","embeddable":true,"href":"https:\/\/placessites.com\/fr\/wp-json\/wp\/v2\/product_brand?post=11137"},{"taxonomy":"product_cat","embeddable":true,"href":"https:\/\/placessites.com\/fr\/wp-json\/wp\/v2\/product_cat?post=11137"},{"taxonomy":"product_tag","embeddable":true,"href":"https:\/\/placessites.com\/fr\/wp-json\/wp\/v2\/product_tag?post=11137"}],"curies":[{"name":"wp","href":"https:\/\/api.w.org\/{rel}","templated":true}]}}