{"id":10724,"date":"2025-12-18T09:44:47","date_gmt":"2025-12-18T09:44:47","guid":{"rendered":"https:\/\/placessites.com\/?post_type=product&#038;p=10724"},"modified":"2025-12-18T09:57:02","modified_gmt":"2025-12-18T09:57:02","slug":"-31","status":"publish","type":"product","link":"https:\/\/placessites.com\/fr\/tournee\/-31\/","title":{"rendered":"L'\u00eele de Saona depuis Punta Cana"},"content":{"rendered":"<div class=\"woocommerce-product-details__short-description\">\n<div data-track=\"overview\" data-v-83a2b402=\"\">\n<section id=\"activity-overview\" class=\"activity-overview\" data-component=\"overview\" data-v-83a2b402=\"\" data-v-f3236c42=\"\">\n<p data-test-id=\"activity-overview-content\" data-v-f3236c42=\"\"><strong>L'\u00eele de Saona depuis Punta Cana<\/strong><\/p>\n<p class=\"activity-overview__content\" data-test-id=\"activity-overview-content\" data-v-f3236c42=\"\">D\u00e9couvrez la beaut\u00e9 naturelle de la R\u00e9publique dominicaine lors d'une excursion d'une journ\u00e9e sur l'\u00eele de Saona. D\u00e9tendez-vous sur les plages immacul\u00e9es, nagez dans les eaux cristallines et prenez un bain de soleil.<\/p>\n<\/section>\n<\/div>\n<\/div>\n<p>Embarquez pour un voyage \u00e0 la d\u00e9couverte de l'\u00e9tonnante \u00eele de Saona. Cette excursion d'une journ\u00e9e offre la beaut\u00e9 naturelle de la R\u00e9publique dominicaine. Naviguez jusqu'\u00e0 la fascinante \u00eele de Saona, un paradis tropical situ\u00e9 dans le parc national de l'Est. Les plages immacul\u00e9es de l'\u00eele, ses eaux cristallines et sa vie marine vibrante offrent une \u00e9vasion tranquille.<\/p>\n<p>Vous pourrez vous promener le long des plages vierges, vous d\u00e9tendre sous les palmiers qui se balancent ou explorer le monde sous-marin. Un d\u00e9jeuner dominicain traditionnel vous permettra de savourer les saveurs et la cuisine locale. Apr\u00e8s le repas, vous pourrez vous immerger dans la beaut\u00e9 naturelle de l'\u00eele, explorer ses divers \u00e9cosyst\u00e8mes ou vous d\u00e9tendre et profiter du soleil.<\/p>\n<p>Le retour est tout aussi charmant, avec un arr\u00eat dans une piscine naturelle au milieu de l'oc\u00e9an, o\u00f9 vous pourrez observer des \u00e9toiles de mer dans leur habitat naturel. La s\u00e9r\u00e9nit\u00e9 de l'environnement et le doux clapotis des vagues cr\u00e9ent une atmosph\u00e8re relaxante, avec laquelle vous conclurez la journ\u00e9e sur une note de tranquillit\u00e9. Enfin, vous serez confortablement ramen\u00e9 \u00e0 votre h\u00f4tel, en vous rem\u00e9morant les aventures de la journ\u00e9e et les exp\u00e9riences inoubliables que vous avez v\u00e9cues.<\/p>","protected":false},"excerpt":{"rendered":"<div data-track=\"overview\" data-v-83a2b402=\"\">\n<section id=\"activity-overview\" class=\"activity-overview\" data-component=\"overview\" data-v-83a2b402=\"\" data-v-f3236c42=\"\">\n<p class=\"activity-overview__content\" data-test-id=\"activity-overview-content\" data-v-f3236c42=\"\">D\u00e9couvrez la beaut\u00e9 naturelle de la R\u00e9publique dominicaine lors d'une excursion d'une journ\u00e9e sur l'\u00eele de Saona. D\u00e9tendez-vous sur les plages immacul\u00e9es, nagez dans les eaux cristallines et prenez un bain de soleil.<\/p>\n<\/section>\n<\/div>\n<div data-track=\"key-details\" data-v-83a2b402=\"\"><\/div>","protected":false},"featured_media":11029,"template":"","meta":[],"product_brand":[],"product_cat":[97,98],"product_tag":[101,102],"class_list":{"0":"post-10724","1":"product","2":"type-product","3":"status-publish","4":"has-post-thumbnail","6":"product_cat-dominican-republic","7":"product_cat-saona-island","8":"product_tag-excursion","9":"product_tag-tour","11":"first","12":"instock","13":"sale","14":"shipping-taxable","15":"product-type-external"},"_links":{"self":[{"href":"https:\/\/placessites.com\/fr\/wp-json\/wp\/v2\/product\/10724","targetHints":{"allow":["GET"]}}],"collection":[{"href":"https:\/\/placessites.com\/fr\/wp-json\/wp\/v2\/product"}],"about":[{"href":"https:\/\/placessites.com\/fr\/wp-json\/wp\/v2\/types\/product"}],"wp:featuredmedia":[{"embeddable":true,"href":"https:\/\/placessites.com\/fr\/wp-json\/wp\/v2\/media\/11029"}],"wp:attachment":[{"href":"https:\/\/placessites.com\/fr\/wp-json\/wp\/v2\/media?parent=10724"}],"wp:term":[{"taxonomy":"product_brand","embeddable":true,"href":"https:\/\/placessites.com\/fr\/wp-json\/wp\/v2\/product_brand?post=10724"},{"taxonomy":"product_cat","embeddable":true,"href":"https:\/\/placessites.com\/fr\/wp-json\/wp\/v2\/product_cat?post=10724"},{"taxonomy":"product_tag","embeddable":true,"href":"https:\/\/placessites.com\/fr\/wp-json\/wp\/v2\/product_tag?post=10724"}],"curies":[{"name":"wp","href":"https:\/\/api.w.org\/{rel}","templated":true}]}}