{"id":10178,"date":"2025-12-18T09:26:35","date_gmt":"2025-12-18T09:26:35","guid":{"rendered":"https:\/\/placessites.com\/?post_type=product&#038;p=10178"},"modified":"2026-01-05T03:38:26","modified_gmt":"2026-01-05T03:38:26","slug":"punta-cana-scape-park-entree-pour-cenote-zip-lines-caves","status":"publish","type":"product","link":"https:\/\/placessites.com\/fr\/tournee\/punta-cana-scape-park-entree-pour-cenote-zip-lines-caves\/","title":{"rendered":"Punta Cana : Entr\u00e9e au parc Scape pour le c\u00e9note, les tyroliennes et les grottes"},"content":{"rendered":"<p><strong>Punta Cana : Entr\u00e9e au parc Scape pour le c\u00e9note, les tyroliennes et les grottes<\/strong><\/p>\n<p>Commencez par une prise en charge \u00e0 votre h\u00e9bergement \u00e0 Punta Cana et d\u00e9tendez-vous pendant le transfert panoramique vers le parc Scape, situ\u00e9 dans un endroit luxuriant de la jungle.<\/p>\n<p>Entrez dans le parc avec votre billet inclus. Entrez dans un monde de sensations qui offre tout, des aventures palpitantes et pleines d'adr\u00e9naline aux exp\u00e9riences douces et culturelles. Sentez l'excitation de voler \u00e0 travers une canop\u00e9e d'arbres en parcourant un circuit de huit tyroliennes le long d'une imposante falaise. Plongez dans les eaux azur\u00e9es d'une source souterraine lors d'une baignade dans un cenote.<\/p>\n<p>Observez des perroquets color\u00e9s, rencontrez des iguanes rhinoc\u00e9ros et cherchez les \u00e9cureuils et les singes capucins enjou\u00e9s qui vivent dans la r\u00e9gion. Observez et interagissez avec les animaux de la ferme comme les chevaux, les ch\u00e8vres et les poneys.<\/p>\n<p>Explorez un vaste r\u00e9seau souterrain de chambres et de tunnels et admirez les impressionnantes formations g\u00e9ologiques de la grotte d'Iguabonita. Faites une promenade culturelle pour voir des r\u00e9pliques des maisons des anciens Indiens Taino, des conquistadors espagnols, des esclaves africains et des maisons dominicaines traditionnelles.<\/p>\n<p>Vous avez la possibilit\u00e9 d'am\u00e9liorer votre exp\u00e9rience en achetant une croisi\u00e8re qui inclut une exp\u00e9rience de plong\u00e9e avec masque et tuba. Retournez \u00e0 votre point de prise en charge \u00e0 la fin de cette journ\u00e9e riche en \u00e9motions.<\/p>","protected":false},"excerpt":{"rendered":"<div data-track=\"overview\" data-v-56a1a938=\"\">\n<section id=\"activity-overview\" class=\"activity-overview\" data-component=\"overview\" data-v-56a1a938=\"\" data-v-f3236c42=\"\">\n<p class=\"activity-overview__content\" data-test-id=\"activity-overview-content\" data-v-f3236c42=\"\">Amusez-vous avec ce billet d'entr\u00e9e et le transfert \u00e0 l'h\u00f4tel au parc Scape \u00e0 Punta Cana. Profitez d'un circuit de huit tyroliennes, rencontrez des animaux exotiques, nagez dans un c\u00e9note et visitez la grotte d'Iguabonita.<\/p>\n<\/section>\n<\/div>\n<div data-track=\"key-details\" data-v-56a1a938=\"\"><\/div>","protected":false},"featured_media":10353,"template":"","meta":[],"product_brand":[],"product_cat":[97],"product_tag":[101,102],"class_list":{"0":"post-10178","1":"product","2":"type-product","3":"status-publish","4":"has-post-thumbnail","6":"product_cat-dominican-republic","7":"product_tag-excursion","8":"product_tag-tour","10":"first","11":"instock","12":"sale","13":"shipping-taxable","14":"product-type-external"},"_links":{"self":[{"href":"https:\/\/placessites.com\/fr\/wp-json\/wp\/v2\/product\/10178","targetHints":{"allow":["GET"]}}],"collection":[{"href":"https:\/\/placessites.com\/fr\/wp-json\/wp\/v2\/product"}],"about":[{"href":"https:\/\/placessites.com\/fr\/wp-json\/wp\/v2\/types\/product"}],"wp:featuredmedia":[{"embeddable":true,"href":"https:\/\/placessites.com\/fr\/wp-json\/wp\/v2\/media\/10353"}],"wp:attachment":[{"href":"https:\/\/placessites.com\/fr\/wp-json\/wp\/v2\/media?parent=10178"}],"wp:term":[{"taxonomy":"product_brand","embeddable":true,"href":"https:\/\/placessites.com\/fr\/wp-json\/wp\/v2\/product_brand?post=10178"},{"taxonomy":"product_cat","embeddable":true,"href":"https:\/\/placessites.com\/fr\/wp-json\/wp\/v2\/product_cat?post=10178"},{"taxonomy":"product_tag","embeddable":true,"href":"https:\/\/placessites.com\/fr\/wp-json\/wp\/v2\/product_tag?post=10178"}],"curies":[{"name":"wp","href":"https:\/\/api.w.org\/{rel}","templated":true}]}}