{"id":18117,"date":"2025-12-18T15:07:44","date_gmt":"2025-12-18T15:07:44","guid":{"rendered":"https:\/\/placessites.com\/?post_type=product&#038;p=18117"},"modified":"2026-02-14T02:01:27","modified_gmt":"2026-02-14T02:01:27","slug":"catamaran-para-hacer-snorkel-en-la-isla-saona-y-almuerzo-en-la-playa","status":"publish","type":"product","link":"https:\/\/placessites.com\/es\/visita\/catamaran-para-hacer-snorkel-en-la-isla-saona-y-almuerzo-en-la-playa\/","title":{"rendered":"Snorkel en la isla Saona, catamar\u00e1n y almuerzo en la playa"},"content":{"rendered":"<h2 class=\"p1\">Saona Island Snorkeling, Catamaran, and Lunch on the Beach<span class=\"Apple-converted-space\">\u00a0<\/span><\/h2>\n<p class=\"p1\">Embark on an unforgettable adventure during this excursion to Saona National Park, where you will explore some of the island&#8217;s most breathtaking locations. Your journey begins with a scenic sail along the stunning coastline of Cotubana National Park, renowned for its lush mangroves, striking limestone rock formations, and vibrant forested areas. The scenic route to Saona Island takes approximately an hour, offering ample time to soak in the natural beauty around you.<\/p>\n<p class=\"p1\">Encu\u00e9ntrenos a las 9:00 am en el Banco BanReservas a la entrada de la Playa Bayahibe. Nuestro amable personal le dar\u00e1 la bienvenida y le acompa\u00f1ar\u00e1 al puerto, donde recibir\u00e1 un brazalete para facilitar su identificaci\u00f3n antes de embarcar en su barco para la aventura del d\u00eda.<\/p>\n<p class=\"p1\">Al comenzar la excursi\u00f3n, tendr\u00e1 la oportunidad de sumergirse en las cristalinas aguas de Playa Bonita, deleitarse con la serena belleza de las Pozas Naturales y explorar el pintoresco pueblo de Mano Juan. El encanto del d\u00eda contin\u00faa con excursiones organizadas de snorkel, guiadas por nuestra experimentada tripulaci\u00f3n, que se asegura de que todo el equipo necesario est\u00e9 a su disposici\u00f3n una vez que llegue a la playa, donde le espera un delicioso almuerzo.<\/p>\n<p class=\"p1\">Al final de este delicioso d\u00eda lleno de sol, mar y exploraci\u00f3n, regresar\u00e1 al puerto donde comenz\u00f3 el viaje, llevando consigo los recuerdos de una experiencia verdaderamente m\u00e1gica vivida en el para\u00edso del Parque Nacional de Saona.<\/p>\n<p class=\"p1\">\u00bfQu\u00e9 incluye?<\/p>\n<ul>\n<li class=\"p1\">Playa Bonita<span class=\"Apple-converted-space\">\u00a0<\/span><\/li>\n<li class=\"p1\">Natural Pools<span class=\"Apple-converted-space\">\u00a0<\/span><\/li>\n<li class=\"p1\">Lunch on the beach<span class=\"Apple-converted-space\">\u00a0<\/span><\/li>\n<li class=\"p1\">Catamaran &amp; Boat<span class=\"Apple-converted-space\">\u00a0<\/span><\/li>\n<li class=\"p1\">Park entrance<span class=\"Apple-converted-space\">\u00a0<\/span><\/li>\n<li class=\"p1\">Tour guide<span class=\"Apple-converted-space\">\u00a0<\/span><\/li>\n<li class=\"p1\">Alcoholic beverages, water, and soda Animation team on board<\/li>\n<\/ul>","protected":false},"excerpt":{"rendered":"<p>Saona Island Snorkeling, Catamaran, and Lunch on the Beach\u00a0 Embark on an unforgettable adventure during this excursion to Saona National Park, where you will explore some of the island&#8217;s most breathtaking locations. Your journey begins with a scenic sail along the stunning coastline of Cotubana National Park, renowned for its lush mangroves, striking limestone rock [&hellip;]<\/p>\n","protected":false},"featured_media":18273,"template":"","meta":[],"product_brand":[],"product_cat":[97,98],"product_tag":[],"class_list":{"0":"post-18117","1":"product","2":"type-product","3":"status-publish","4":"has-post-thumbnail","6":"product_cat-dominican-republic","7":"product_cat-saona-island","9":"first","10":"instock","11":"sale","12":"shipping-taxable","13":"product-type-external"},"_links":{"self":[{"href":"https:\/\/placessites.com\/es\/wp-json\/wp\/v2\/product\/18117","targetHints":{"allow":["GET"]}}],"collection":[{"href":"https:\/\/placessites.com\/es\/wp-json\/wp\/v2\/product"}],"about":[{"href":"https:\/\/placessites.com\/es\/wp-json\/wp\/v2\/types\/product"}],"wp:featuredmedia":[{"embeddable":true,"href":"https:\/\/placessites.com\/es\/wp-json\/wp\/v2\/media\/18273"}],"wp:attachment":[{"href":"https:\/\/placessites.com\/es\/wp-json\/wp\/v2\/media?parent=18117"}],"wp:term":[{"taxonomy":"product_brand","embeddable":true,"href":"https:\/\/placessites.com\/es\/wp-json\/wp\/v2\/product_brand?post=18117"},{"taxonomy":"product_cat","embeddable":true,"href":"https:\/\/placessites.com\/es\/wp-json\/wp\/v2\/product_cat?post=18117"},{"taxonomy":"product_tag","embeddable":true,"href":"https:\/\/placessites.com\/es\/wp-json\/wp\/v2\/product_tag?post=18117"}],"curies":[{"name":"wp","href":"https:\/\/api.w.org\/{rel}","templated":true}]}}