{"id":17871,"date":"2025-12-18T14:55:19","date_gmt":"2025-12-18T14:55:19","guid":{"rendered":"https:\/\/placessites.com\/?post_type=product&#038;p=17871"},"modified":"2026-02-14T02:08:11","modified_gmt":"2026-02-14T02:08:11","slug":"isla-saona-excursion-privada-de-6-horas-con-snorkel","status":"publish","type":"product","link":"https:\/\/placessites.com\/es\/visita\/isla-saona-excursion-privada-de-6-horas-con-snorkel\/","title":{"rendered":"Isla Saona: Excursi\u00f3n privada de 6 horas con snorkel"},"content":{"rendered":"<div class=\"toggle-content__content toggle-content__content--expanded toggle-content__content--packable\" data-v-59485d64=\"\">\n<h2 data-test-id=\"activity-full-description-text\">Isla Saona: Excursi\u00f3n privada de 6 horas con snorkel<\/h2>\n<div data-test-id=\"activity-full-description-text\" data-v-5835c99c=\"\">\n<p>Acomp\u00e1\u00f1enos en una excursi\u00f3n privada a la isla Saona, con salida de Bayahibe a las 10:00 de la ma\u00f1ana. Descubra el para\u00edso que es la Isla Saona a bordo de su barco privado, con un dise\u00f1o elegante y un capit\u00e1n y tripulaci\u00f3n expertos. Esta experiencia exclusiva es s\u00f3lo para usted y su grupo, \u00a1no se comparte con nadie m\u00e1s!<\/p>\n<p>Disfrute navegando a su ritmo por las bellas y tranquilas aguas del Caribe. Practique snorkel en dos lugares exclusivos donde es probable que encuentre maravillosas criaturas oce\u00e1nicas, incluidas estrellas de mar y, ocasionalmente, tortugas marinas.<\/p>\n<p>Tenga en cuenta que el almuerzo no forma parte de este paquete tur\u00edstico. La tarifa que pagas cubre principalmente el alquiler de la embarcaci\u00f3n e incluye las actividades de snorkel en las hermosas aguas de la isla Saona o la zona de Bayahibe.<\/p>\n<p>Le recomendamos que planifique su viaje en consecuencia y traiga un almuerzo para llevar o compre comida en uno de los establecimientos locales antes o durante la excursi\u00f3n. Disfrute del impresionante paisaje y de la vibrante vida marina mientras explora estos incre\u00edbles destinos.<\/p>\n<\/div>\n<\/div>\n<div class=\"toggle-content__label-placeholder\" data-v-59485d64=\"\"><\/div>","protected":false},"excerpt":{"rendered":"<div data-track=\"overview\" data-v-83a2b402=\"\">\n<section id=\"activity-overview\" class=\"activity-overview\" data-component=\"overview\" data-v-83a2b402=\"\" data-v-f3236c42=\"\">\n<p class=\"activity-overview__content\" data-test-id=\"activity-overview-content\" data-v-f3236c42=\"\">Descubra el pedazo de para\u00edso que es la isla Saona en su barco privado. Con esta excursi\u00f3n privada de d\u00eda completo, tendr\u00e1s nuestro elegante barco, nuestro experto capit\u00e1n y nuestra tripulaci\u00f3n para ti solo.<\/p>\n<\/section>\n<\/div>\n<div data-track=\"key-details\" data-v-83a2b402=\"\"><\/div>","protected":false},"featured_media":18106,"template":"","meta":[],"product_brand":[],"product_cat":[98],"product_tag":[101,102],"class_list":{"0":"post-17871","1":"product","2":"type-product","3":"status-publish","4":"has-post-thumbnail","6":"product_cat-saona-island","7":"product_tag-excursion","8":"product_tag-tour","10":"first","11":"instock","12":"sale","13":"shipping-taxable","14":"product-type-external"},"_links":{"self":[{"href":"https:\/\/placessites.com\/es\/wp-json\/wp\/v2\/product\/17871","targetHints":{"allow":["GET"]}}],"collection":[{"href":"https:\/\/placessites.com\/es\/wp-json\/wp\/v2\/product"}],"about":[{"href":"https:\/\/placessites.com\/es\/wp-json\/wp\/v2\/types\/product"}],"wp:featuredmedia":[{"embeddable":true,"href":"https:\/\/placessites.com\/es\/wp-json\/wp\/v2\/media\/18106"}],"wp:attachment":[{"href":"https:\/\/placessites.com\/es\/wp-json\/wp\/v2\/media?parent=17871"}],"wp:term":[{"taxonomy":"product_brand","embeddable":true,"href":"https:\/\/placessites.com\/es\/wp-json\/wp\/v2\/product_brand?post=17871"},{"taxonomy":"product_cat","embeddable":true,"href":"https:\/\/placessites.com\/es\/wp-json\/wp\/v2\/product_cat?post=17871"},{"taxonomy":"product_tag","embeddable":true,"href":"https:\/\/placessites.com\/es\/wp-json\/wp\/v2\/product_tag?post=17871"}],"curies":[{"name":"wp","href":"https:\/\/api.w.org\/{rel}","templated":true}]}}