{"id":17820,"date":"2025-12-18T14:53:28","date_gmt":"2025-12-18T14:53:28","guid":{"rendered":"https:\/\/placessites.com\/?post_type=product&#038;p=17820"},"modified":"2026-02-14T02:11:05","modified_gmt":"2026-02-14T02:11:05","slug":"isla-saona-catamaran-dia-completo-comida-y-bebida-incluidas","status":"publish","type":"product","link":"https:\/\/placessites.com\/es\/visita\/isla-saona-catamaran-dia-completo-comida-y-bebida-incluidas\/","title":{"rendered":"Isla Saona D\u00eda Completo Catamar\u00e1n Comida y Bebida incluida"},"content":{"rendered":"<div class=\"toggle-content__content toggle-content__content--expanded toggle-content__content--packable\" data-v-59485d64=\"\">\n<h2 data-test-id=\"activity-full-description-text\">Isla Saona D\u00eda Completo Catamar\u00e1n Comida y Bebida incluida<\/h2>\n<div data-test-id=\"activity-full-description-text\" data-v-5835c99c=\"\">\n<p>Viva una inolvidable excursi\u00f3n de un d\u00eda a la impresionante isla Saona, enclavada en el coraz\u00f3n del mar Caribe. Elija su aventura a bordo de un espacioso catamar\u00e1n o de una veloz lancha r\u00e1pida mientras se desliza por las hipnotizantes aguas cristalinas, que le acercar\u00e1n a la rica vida marina. Por el camino, no se pierda la oportunidad de hacer una parada en una impresionante piscina natural, donde podr\u00e1 acercarse a las hermosas estrellas de mar, \u00a1perfectas para capturar fotos memorables!<\/p>\n<p>A su llegada a la isla Saona, disfrute de un delicioso almuerzo servido bajo las palmeras de la playa, rodeado del relajante sonido de las olas. Tras la comida, sum\u00e9rjase en las tentadoras aguas turquesas que rodean la isla. Tanto si desea jugar un emocionante partido de voleibol, aprender los animados pasos del merengue o simplemente tomar el c\u00e1lido sol sobre la blanca arena, la isla Saona le ofrece un trozo de para\u00edso que le dejar\u00e1 rejuvenecido y encantado.<\/p>\n<\/div>\n<\/div>\n<div class=\"toggle-content__label-placeholder\" data-v-59485d64=\"\"><\/div>","protected":false},"excerpt":{"rendered":"<div data-track=\"overview\" data-v-83a2b402=\"\">\n<section id=\"activity-overview\" class=\"activity-overview\" data-component=\"overview\" data-v-83a2b402=\"\" data-v-f3236c42=\"\">\n<p class=\"activity-overview__content\" data-test-id=\"activity-overview-content\" data-v-f3236c42=\"\">Excelente recorrido por la Isla Saona, ven y experimenta algunas de las mejores atracciones, con todo incluido.<\/p>\n<\/section>\n<\/div>\n<div data-track=\"key-details\" data-v-83a2b402=\"\"><\/div>","protected":false},"featured_media":18051,"template":"","meta":[],"product_brand":[],"product_cat":[97,98],"product_tag":[101,102],"class_list":{"0":"post-17820","1":"product","2":"type-product","3":"status-publish","4":"has-post-thumbnail","6":"product_cat-dominican-republic","7":"product_cat-saona-island","8":"product_tag-excursion","9":"product_tag-tour","11":"first","12":"instock","13":"sale","14":"shipping-taxable","15":"product-type-external"},"_links":{"self":[{"href":"https:\/\/placessites.com\/es\/wp-json\/wp\/v2\/product\/17820","targetHints":{"allow":["GET"]}}],"collection":[{"href":"https:\/\/placessites.com\/es\/wp-json\/wp\/v2\/product"}],"about":[{"href":"https:\/\/placessites.com\/es\/wp-json\/wp\/v2\/types\/product"}],"wp:featuredmedia":[{"embeddable":true,"href":"https:\/\/placessites.com\/es\/wp-json\/wp\/v2\/media\/18051"}],"wp:attachment":[{"href":"https:\/\/placessites.com\/es\/wp-json\/wp\/v2\/media?parent=17820"}],"wp:term":[{"taxonomy":"product_brand","embeddable":true,"href":"https:\/\/placessites.com\/es\/wp-json\/wp\/v2\/product_brand?post=17820"},{"taxonomy":"product_cat","embeddable":true,"href":"https:\/\/placessites.com\/es\/wp-json\/wp\/v2\/product_cat?post=17820"},{"taxonomy":"product_tag","embeddable":true,"href":"https:\/\/placessites.com\/es\/wp-json\/wp\/v2\/product_tag?post=17820"}],"curies":[{"name":"wp","href":"https:\/\/api.w.org\/{rel}","templated":true}]}}