{"id":17761,"date":"2025-12-18T14:51:05","date_gmt":"2025-12-18T14:51:05","guid":{"rendered":"https:\/\/placessites.com\/?post_type=product&#038;p=17761"},"modified":"2025-12-18T15:00:30","modified_gmt":"2025-12-18T15:00:30","slug":"desde-la-romana-isla-saona-para-pasajeros-de-costa-cruceros","status":"publish","type":"product","link":"https:\/\/placessites.com\/es\/visita\/desde-la-romana-isla-saona-para-pasajeros-de-costa-cruceros\/","title":{"rendered":"Desde La Romana: Isla Saona para pasajeros de Costa Cruceros"},"content":{"rendered":"<h2>Desde La Romana: Isla Saona para pasajeros de Costa Cruceros<\/h2>\n<p>Un transporte le estar\u00e1 esperando en la parada de taxis, situada a la salida de la terminal de cruceros, donde se reunir\u00e1n todos los pasajeros de su crucero. El conductor le llevar\u00e1 a nuestra oficina en Bayahibe, punto de partida de la aventura.<\/p>\n<p class=\"p1\">Emb\u00e1rquese en una aventura inolvidable durante esta excursi\u00f3n al Parque Nacional de Saona, donde explorar\u00e1 algunos de los lugares m\u00e1s impresionantes de la isla. Su viaje comienza con una navegaci\u00f3n panor\u00e1mica a lo largo de la impresionante costa del Parque Nacional de Cotubana, famoso por sus exuberantes manglares, impresionantes formaciones rocosas de piedra caliza y vibrantes zonas boscosas. La ruta panor\u00e1mica hasta la isla Saona dura aproximadamente una hora, tiempo suficiente para empaparse de la belleza natural que le rodea.<\/p>\n<p class=\"p1\">Encu\u00e9ntrenos a las 9:00 am en el Banco BanReservas a la entrada de la Playa Bayahibe. Nuestro amable personal le dar\u00e1 la bienvenida y le acompa\u00f1ar\u00e1 al puerto, donde recibir\u00e1 un brazalete para facilitar su identificaci\u00f3n antes de embarcar en su barco para la aventura del d\u00eda.<\/p>\n<p class=\"p1\">Al comenzar la excursi\u00f3n, tendr\u00e1 la oportunidad de sumergirse en las cristalinas aguas de Playa Bonita, deleitarse con la serena belleza de las Pozas Naturales y explorar el pintoresco pueblo de Mano Juan. El encanto del d\u00eda contin\u00faa con excursiones organizadas de snorkel, guiadas por nuestra experimentada tripulaci\u00f3n, que se asegura de que todo el equipo necesario est\u00e9 a su disposici\u00f3n una vez que llegue a la playa, donde le espera un delicioso almuerzo.<\/p>\n<p class=\"p1\">Al final de este delicioso d\u00eda lleno de sol, mar y exploraci\u00f3n, regresar\u00e1 al puerto donde comenz\u00f3 el viaje, llevando consigo los recuerdos de una experiencia verdaderamente m\u00e1gica vivida en el para\u00edso del Parque Nacional de Saona.<\/p>\n<p class=\"p1\">\u00bfQu\u00e9 incluye?<\/p>\n<div class=\"toggle-content__content toggle-content__content--expanded toggle-content__content--packable\" data-v-59485d64=\"\">\n<div data-test-id=\"activity-full-description-text\" data-v-5835c99c=\"\">La excursi\u00f3n concluir\u00e1 en Bayahibe, donde le espera su transporte para llevarle de vuelta al puerto de La Romana.<\/div>\n<\/div>\n<div class=\"toggle-content__label-placeholder\" data-v-59485d64=\"\"><\/div>","protected":false},"excerpt":{"rendered":"<div data-track=\"overview\" data-v-83a2b402=\"\">\n<section id=\"activity-overview\" class=\"activity-overview\" data-component=\"overview\" data-v-83a2b402=\"\" data-v-f3236c42=\"\">\n<p class=\"activity-overview__content\" data-test-id=\"activity-overview-content\" data-v-f3236c42=\"\">Explore el sur de la isla Saona y escape de las multitudes para conocer el pueblo pesquero de Mano Juan y la playa virgen de Canto de la playa en nuestro barco apto para familias.<\/p>\n<\/section>\n<\/div>\n<div data-track=\"key-details\" data-v-83a2b402=\"\"><\/div>","protected":false},"featured_media":17961,"template":"","meta":[],"product_brand":[],"product_cat":[98],"product_tag":[101,102],"class_list":{"0":"post-17761","1":"product","2":"type-product","3":"status-publish","4":"has-post-thumbnail","6":"product_cat-saona-island","7":"product_tag-excursion","8":"product_tag-tour","10":"first","11":"instock","12":"sale","13":"shipping-taxable","14":"product-type-external"},"_links":{"self":[{"href":"https:\/\/placessites.com\/es\/wp-json\/wp\/v2\/product\/17761","targetHints":{"allow":["GET"]}}],"collection":[{"href":"https:\/\/placessites.com\/es\/wp-json\/wp\/v2\/product"}],"about":[{"href":"https:\/\/placessites.com\/es\/wp-json\/wp\/v2\/types\/product"}],"wp:featuredmedia":[{"embeddable":true,"href":"https:\/\/placessites.com\/es\/wp-json\/wp\/v2\/media\/17961"}],"wp:attachment":[{"href":"https:\/\/placessites.com\/es\/wp-json\/wp\/v2\/media?parent=17761"}],"wp:term":[{"taxonomy":"product_brand","embeddable":true,"href":"https:\/\/placessites.com\/es\/wp-json\/wp\/v2\/product_brand?post=17761"},{"taxonomy":"product_cat","embeddable":true,"href":"https:\/\/placessites.com\/es\/wp-json\/wp\/v2\/product_cat?post=17761"},{"taxonomy":"product_tag","embeddable":true,"href":"https:\/\/placessites.com\/es\/wp-json\/wp\/v2\/product_tag?post=17761"}],"curies":[{"name":"wp","href":"https:\/\/api.w.org\/{rel}","templated":true}]}}