{"id":17569,"date":"2025-12-18T14:43:10","date_gmt":"2025-12-18T14:43:10","guid":{"rendered":"https:\/\/placessites.com\/?post_type=product&#038;p=17569"},"modified":"2026-01-09T14:58:49","modified_gmt":"2026-01-09T14:58:49","slug":"desde-punta-cana-crucero-por-la-isla-saona-con-playa-privada","status":"publish","type":"product","link":"https:\/\/placessites.com\/es\/visita\/desde-punta-cana-crucero-por-la-isla-saona-con-playa-privada\/","title":{"rendered":"Desde Punta Cana: Crucero Isla Saona con Playa Privada"},"content":{"rendered":"<h3>Desde Punta Cana: Crucero Isla Saona con Playa Privada<\/h3>\n<p>Emprenda un inolvidable viaje panor\u00e1mico en barco desde las vibrantes costas de Punta Cana hasta el id\u00edlico para\u00edso de la isla Saona. Al partir, d\u00e9jese cautivar por la vista de las imponentes palmeras mecidas suavemente por la brisa tropical, junto con las amplias extensiones de arena blanca y los fascinantes tonos de aguas azul verdoso que se extienden hasta donde alcanza la vista.<\/p>\n<p>Su aventura comienza con un delicioso paseo a bordo de un espacioso catamar\u00e1n, que le dar\u00e1 la oportunidad de tomar el sol y disfrutar de las impresionantes vistas de la costa. Despu\u00e9s de este tranquilo crucero, subir\u00e1 a una lancha r\u00e1pida que le llevar\u00e1 por las brillantes aguas, a\u00f1adiendo emoci\u00f3n a su viaje. Por el camino, haga una refrescante parada en una piscina natural poco profunda formada por bancos de arena donde podr\u00e1 sumergirse en las aguas cristalinas para disfrutar de una divertida experiencia de snorkel. Aqu\u00ed, estar\u00e1 rodeado de vibrantes bancos de peces tropicales, lo que lo convierte en un lugar ideal para que tanto principiantes como expertos en snorkel se maravillen con el mundo submarino.<\/p>\n<p>Al llegar a la isla Saona, aproveche su amplio tiempo libre para sumergirse en el impresionante paisaje que le rodea. Capture recuerdos inolvidables mientras saca fotos con las deslumbrantes vistas del oc\u00e9ano como tel\u00f3n de fondo. Sienta la suave y c\u00e1lida arena bajo sus pies mientras pasea descalzo por la inmaculada playa privada, donde podr\u00e1 relajarse y escuchar el suave batir de las olas.<\/p>\n<p>Para el almuerzo, disfrute de un delicioso fest\u00edn de mar y tierra en un encantador restaurante frente al mar, donde su comida incluye una variedad de platos deliciosos acompa\u00f1ados de bebidas refrescantes para complementar los sabores. Tanto si opta por relajarse con un c\u00f3ctel en la mano, tomar el sol o explorar la belleza natural de la isla, esta experiencia inolvidable en la isla Saona promete ser uno de los momentos culminantes de su escapada tropical.<\/p>\n<div class=\"toggle-content__label-placeholder\" data-v-59485d64=\"\"><\/div>","protected":false},"excerpt":{"rendered":"<div data-track=\"overview\" data-v-83a2b402=\"\">\n<section id=\"activity-overview\" class=\"activity-overview\" data-component=\"overview\" data-v-83a2b402=\"\" data-v-f3236c42=\"\">\n<p class=\"activity-overview__content\" data-test-id=\"activity-overview-content\" data-v-f3236c42=\"\">Crucero a Saona en catamar\u00e1n con snorkel, almuerzo, barra libre y recogida en el hotel desde Bayahibe, La Romana o Punta Cana. Tome el sol en cubierta mientras navega por las brillantes aguas del Caribe.<\/p>\n<\/section>\n<\/div>\n<div data-track=\"key-details\" data-v-83a2b402=\"\"><\/div>","protected":false},"featured_media":17748,"template":"","meta":[],"product_brand":[],"product_cat":[97,98],"product_tag":[101,102],"class_list":{"0":"post-17569","1":"product","2":"type-product","3":"status-publish","4":"has-post-thumbnail","6":"product_cat-dominican-republic","7":"product_cat-saona-island","8":"product_tag-excursion","9":"product_tag-tour","11":"first","12":"instock","13":"sale","14":"shipping-taxable","15":"product-type-external"},"_links":{"self":[{"href":"https:\/\/placessites.com\/es\/wp-json\/wp\/v2\/product\/17569","targetHints":{"allow":["GET"]}}],"collection":[{"href":"https:\/\/placessites.com\/es\/wp-json\/wp\/v2\/product"}],"about":[{"href":"https:\/\/placessites.com\/es\/wp-json\/wp\/v2\/types\/product"}],"wp:featuredmedia":[{"embeddable":true,"href":"https:\/\/placessites.com\/es\/wp-json\/wp\/v2\/media\/17748"}],"wp:attachment":[{"href":"https:\/\/placessites.com\/es\/wp-json\/wp\/v2\/media?parent=17569"}],"wp:term":[{"taxonomy":"product_brand","embeddable":true,"href":"https:\/\/placessites.com\/es\/wp-json\/wp\/v2\/product_brand?post=17569"},{"taxonomy":"product_cat","embeddable":true,"href":"https:\/\/placessites.com\/es\/wp-json\/wp\/v2\/product_cat?post=17569"},{"taxonomy":"product_tag","embeddable":true,"href":"https:\/\/placessites.com\/es\/wp-json\/wp\/v2\/product_tag?post=17569"}],"curies":[{"name":"wp","href":"https:\/\/api.w.org\/{rel}","templated":true}]}}